{"id":27202,"date":"2025-08-13T15:21:18","date_gmt":"2025-08-13T13:21:18","guid":{"rendered":"https:\/\/foodwaste.ch\/5-etapes-pour-reduire-le-gaspillage-alimentaire\/"},"modified":"2025-12-02T13:47:54","modified_gmt":"2025-12-02T12:47:54","slug":"5-etapes-pour-reduire-le-gaspillage-alimentaire","status":"publish","type":"page","link":"https:\/\/foodwaste.ch\/fr\/infos\/5-etapes-pour-reduire-le-gaspillage-alimentaire\/","title":{"rendered":"5\u202f\u00e9tapes pour r\u00e9duire le gaspillage alimentaire"},"content":{"rendered":"<h1 id=\"title\" class=\"wp-block-heading alignwide\">\u00c9viter le gaspillage alimentaire \u00e0 la maison<\/h1><figure class=\"header-image wp-block-image alignwide size-large\"><img loading=\"lazy\" decoding=\"async\" width=\"1024\" height=\"381\" src=\"https:\/\/foodwaste.ch\/wp-content\/uploads\/2025\/10\/5s_header-1024x381.jpg\" class=\"attachment-large size-large\" alt=\"\" style=\"object-position: 50% 50%;\" srcset=\"https:\/\/foodwaste.ch\/wp-content\/uploads\/2025\/10\/5s_header-1024x381.jpg 1024w, https:\/\/foodwaste.ch\/wp-content\/uploads\/2025\/10\/5s_header-300x111.jpg 300w, https:\/\/foodwaste.ch\/wp-content\/uploads\/2025\/10\/5s_header-768x285.jpg 768w, https:\/\/foodwaste.ch\/wp-content\/uploads\/2025\/10\/5s_header-1536x571.jpg 1536w, https:\/\/foodwaste.ch\/wp-content\/uploads\/2025\/10\/5s_header-2048x761.jpg 2048w\" sizes=\"auto, (max-width: 1024px) 100vw, 1024px\" \/><figcaption><\/figcaption><\/figure><div class=\"lead\"><p>Aide \u00e0 pr\u00e9venir le gaspillage alimentaire en suivant ces 5 \u00e9tapes. Dans notre boutique en ligne, tu peux \u00e9galement commander les 5 \u00e9tapes sous forme de d\u00e9pliant pratique (\u00e0 coller sur le frigo par exemple). <\/p>\n<\/div><div class=\"header-button wp-block-buttons is-layout-flex wp-block-buttons-is-layout-flex\"><div class=\"wp-block-button\"><a class=\"wp-block-button__link wp-element-button\" href=\"https:\/\/foodwaste.payrexx.com\/pay?tid=5cdceb17\" target=\"_blank\">Vers la boutique en ligne<\/a><\/div><\/div>\n<h2 class=\"wp-block-heading alignwide\">1. Fais tes courses intelligemment<\/h2>\n\n<div class=\"wp-block-columns alignwide is-layout-flex wp-container-core-columns-is-layout-9d6595d7 wp-block-columns-is-layout-flex\">\n<div class=\"wp-block-column is-layout-flow wp-block-column-is-layout-flow\">\n<figure class=\"wp-block-image size-large\"><img loading=\"lazy\" decoding=\"async\" width=\"1024\" height=\"545\" src=\"https:\/\/foodwaste.ch\/wp-content\/uploads\/2025\/10\/5s_einkauf-1024x545.png\" alt=\"\" class=\"wp-image-26305\" srcset=\"https:\/\/foodwaste.ch\/wp-content\/uploads\/2025\/10\/5s_einkauf-1024x545.png 1024w, https:\/\/foodwaste.ch\/wp-content\/uploads\/2025\/10\/5s_einkauf-300x160.png 300w, https:\/\/foodwaste.ch\/wp-content\/uploads\/2025\/10\/5s_einkauf-768x409.png 768w, https:\/\/foodwaste.ch\/wp-content\/uploads\/2025\/10\/5s_einkauf-1536x818.png 1536w, https:\/\/foodwaste.ch\/wp-content\/uploads\/2025\/10\/5s_einkauf-2048x1090.png 2048w\" sizes=\"auto, (max-width: 1024px) 100vw, 1024px\" \/><\/figure>\n<\/div>\n\n\n\n<div class=\"wp-block-column is-layout-flow wp-block-column-is-layout-flow\">\n<p>Ach\u00e8te uniquement ce que tu peux consommer avant la date limite indiqu\u00e9e. Pour ce faire, planifie tes achats \u00e0 l\u2019avance et demande-toi si tu as vraiment besoin de tel ou tel produit avant de le prendre dans le rayon. Sers-toi d\u2019une liste de course ou d\u2019une application, cela te facilitera la vie et celle des personnes qui vivent sous ton toit.  <\/p>\n<\/div>\n<\/div>\n<div class=\"accordion-blocks\">\n    <div class=\"accordion-block\">\n        <button class=\"accordion-toggle\">\n            Envie d\u2019en savoir plus\u202f?        <\/button>\n        <div class=\"accordion-content\">\n            <ul>\n<li>Avant de faire tes courses, jette un coup d\u2019\u0153il dans le r\u00e9frig\u00e9rateur et dans le garde-manger pour voir ce qu\u2019il reste.<\/li>\n<li>Emporte une liste de courses avec toi. Autre m\u00e9thode encore plus rapide\u202f: prends une photo de ton r\u00e9frig\u00e9rateur grand ouvert ou utilise une application qui aide \u00e0 faire les courses. Si vous \u00eates plusieurs \u00e0 g\u00e9rer le foyer, cela vous \u00e9vitera de faire des achats en double.  <\/li>\n<li>Profite des offres uniquement si tu as besoin du produit en promotion. Bien souvent, \u00ab\u202fmoins c\u2019est plus\u202f\u00bb. <\/li>\n<li>Quel type d\u2019acheteur ou d\u2019acheteuse es-tu\u202f? Est-ce que tu fais les courses en grand une fois par semaine et arrives-tu \u00e0 tout manger avant la date limite ou est-il plus simple pour toi de planifier tes courses au dernier moment et de faire plusieurs petites courses\u202f? <\/li>\n<li>Ach\u00e8te en quantit\u00e9s raisonnables \u2013 en particulier en ce qui concerne les denr\u00e9es facilement p\u00e9rissables \u2013 et limite tes stocks de nourriture. Cela te permet d\u2019avoir une meilleure vue d\u2019ensemble sur tes provisions et de profiter de produits plus frais. <\/li>\n<li>Ne fais pas tes courses lorsque tu as un creux\u202f: un estomac qui gargouille incite en effet \u00e0 acheter plus que ce dont on a besoin.<\/li>\n<li>Dans la mesure du possible, privil\u00e9gie les produits locaux et de saison.<\/li>\n<li>Soutiens les march\u00e9s, les magasins \u00e0 la ferme et les magasins qui vendent aussi des l\u00e9gumes \u00ab\u202fdifformes\u202f\u00bb et du pain de la veille ou qui <a href=\"https:\/\/foodwaste.ch\/fr\/offre\/offre-pour-le-commerce-de-detail-et-les-magasins-a-la-ferme\/\">proposent des produits dont la date de durabilit\u00e9 minimale est d\u00e9pass\u00e9e<\/a>.<\/li>\n<li>Saute les courses de temps en temps et veille plut\u00f4t \u00e0 accommoder les restes ou finis d\u2019abord tes provisions.<\/li>\n<\/ul>\n                    <\/div>\n    <\/div>\n<\/div>\n\n<h2 class=\"wp-block-heading alignwide\">2. Stocke tes aliments de mani\u00e8re optimale<\/h2>\n\n<div class=\"wp-block-columns alignwide is-layout-flex wp-container-core-columns-is-layout-9d6595d7 wp-block-columns-is-layout-flex\">\n<div class=\"wp-block-column is-layout-flow wp-block-column-is-layout-flow\">\n<figure class=\"wp-block-image size-large\"><img loading=\"lazy\" decoding=\"async\" width=\"1024\" height=\"542\" src=\"https:\/\/foodwaste.ch\/wp-content\/uploads\/2025\/10\/5s_lagerung_weiss-1024x542.png\" alt=\"\" class=\"wp-image-26329\" srcset=\"https:\/\/foodwaste.ch\/wp-content\/uploads\/2025\/10\/5s_lagerung_weiss-1024x542.png 1024w, https:\/\/foodwaste.ch\/wp-content\/uploads\/2025\/10\/5s_lagerung_weiss-300x159.png 300w, https:\/\/foodwaste.ch\/wp-content\/uploads\/2025\/10\/5s_lagerung_weiss-768x407.png 768w, https:\/\/foodwaste.ch\/wp-content\/uploads\/2025\/10\/5s_lagerung_weiss-1536x813.png 1536w, https:\/\/foodwaste.ch\/wp-content\/uploads\/2025\/10\/5s_lagerung_weiss-2048x1084.png 2048w\" sizes=\"auto, (max-width: 1024px) 100vw, 1024px\" \/><\/figure>\n<\/div>\n\n\n\n<div class=\"wp-block-column is-layout-flow wp-block-column-is-layout-flow\">\n<p>Bien conserv\u00e9s, tes aliments resteront consommables plus longtemps\u202f: suis les instructions de stockage figurant sur l\u2019emballage et conserve les aliments facilement p\u00e9rissables au frais. Nettoie et range r\u00e9guli\u00e8rement le r\u00e9frig\u00e9rateur et le garde-manger. Cela te permet de garder une vue d\u2019ensemble sur tes provisions et d\u2019emp\u00eacher les aliments de se g\u00e2ter. Tu trouveras des conseils de conservation pour les diff\u00e9rents aliments en effectuant une recherche sur la page <a href=\"https:\/\/foodwaste.ch\/fr\/reseau\/calendrier-foodsave\/\">V\u00e9rifie la dur\u00e9e de conservation !<\/a>   <\/p>\n<\/div>\n<\/div>\n<div class=\"accordion-blocks\">\n    <div class=\"accordion-block\">\n        <button class=\"accordion-toggle\">\n            Envie d\u2019en savoir plus\u202f?        <\/button>\n        <div class=\"accordion-content\">\n            <ul>\n<li>R\u00e8gle la temp\u00e9rature de ton r\u00e9frig\u00e9rateur \u00e0 5 \u00b0C. Une temp\u00e9rature trop \u00e9lev\u00e9e favorise le d\u00e9veloppement de micro-organismes nuisibles et acc\u00e9l\u00e8re la d\u00e9t\u00e9rioration des aliments.<\/li>\n<li>Range les aliments au bon endroit dans le r\u00e9frig\u00e9rateur\u202f:\n<ul>\n<li>Porte du r\u00e9frig\u00e9rateur\u202f: pour les boissons, le lait ouvert, les sauces, le beurre, les conserves et les tubes.<\/li>\n<li>Bac \u00e0 l\u00e9gumes\u202f: pour les fruits et l\u00e9gumes qui aiment la fra\u00eecheur.<\/li>\n<li>Compartiment du bas (zone la plus froide)\u202f: denr\u00e9es alimentaires facilement p\u00e9rissables, comme la viande, le poisson et la charcuterie, les p\u00e2tisseries, les plats pr\u00eats \u00e0 consommer et les plats pr\u00e9par\u00e9s \u00e0 la maison.<\/li>\n<li>Compartiment du milieu\u202f: lait et les produits laitiers, comme le joghurt, la cr\u00e8me et le fromage\u202f; \u0153ufs, alternatives v\u00e9g\u00e9tales au lait, tofu, etc. <\/li>\n<li>Compartiment du haut (zone la moins froide)\u202f: confiture, conserves, fromage et denr\u00e9es alimentaires \u00e0 consommer rapidement.<\/li>\n<\/ul>\n<\/li>\n<li>Premiers entr\u00e9s \u2013 premiers sortis\u202f: dans le r\u00e9frig\u00e9rateur et le garde-manger, range les derniers aliments achet\u00e9s au fond et les plus anciens devant.<\/li>\n<li>Marque les aliments qui doivent \u00eatre consomm\u00e9s rapidement (par exemple avec un post-it ou avec notre <a href=\"https:\/\/foodwaste.payrexx.com\/\" target=\"_blank\" rel=\"noopener\">ruban adh\u00e9sif de marquage<\/a>).<\/li>\n<li>Transvase les produits secs vendus en vrac dans des r\u00e9cipients \u00e9tanches et inscris la date de durabilit\u00e9 minimale sur le r\u00e9cipient ou scelle l\u2019emballage d\u2019origine convenablement. Ainsi, tu prot\u00e8geras tes provisions contre l\u2019humidit\u00e9 et les parasites. <\/li>\n<li>Conserve tes aliments en les congelant ou en les mettant en conserve. <a href=\"https:\/\/foodwaste.ch\/wissen\/videos\/food-waste-oder-food-save-lebensmittel-einfrieren\/\">Cette vid\u00e9o<\/a> te montre comment r\u00e9ussir la cong\u00e9lation (en allemand). Tu peux apprendre \u00e0 faire des conserves dans l\u2019un de <a href=\"https:\/\/foodwaste.ch\/angebot\/kochevent-buchen\/\">nos cours<\/a>, par exemple (site en allemand).<\/li>\n<li>Fais particuli\u00e8rement attention aux denr\u00e9es alimentaires import\u00e9es, aux produits d\u2019origine animale et aux plats pr\u00eats \u00e0 consommer\u202f: ils ont mobilis\u00e9 plus de ressources et leur gaspillage a un impact plus important sur l\u2019environnement.<\/li>\n<\/ul>\n                    <\/div>\n    <\/div>\n<\/div>\n\n<h2 class=\"wp-block-heading alignwide\">3. Apprends \u00e0 interpr\u00e9ter correctement les dates de p\u00e9remption<\/h2>\n\n<div class=\"wp-block-columns alignwide is-layout-flex wp-container-core-columns-is-layout-9d6595d7 wp-block-columns-is-layout-flex\">\n<div class=\"wp-block-column is-layout-flow wp-block-column-is-layout-flow\">\n<figure class=\"wp-block-image size-large\"><img loading=\"lazy\" decoding=\"async\" width=\"1024\" height=\"545\" src=\"https:\/\/foodwaste.ch\/wp-content\/uploads\/2025\/10\/5s_mhd_vd-1024x545.png\" alt=\"\" class=\"wp-image-26322\" srcset=\"https:\/\/foodwaste.ch\/wp-content\/uploads\/2025\/10\/5s_mhd_vd-1024x545.png 1024w, https:\/\/foodwaste.ch\/wp-content\/uploads\/2025\/10\/5s_mhd_vd-300x160.png 300w, https:\/\/foodwaste.ch\/wp-content\/uploads\/2025\/10\/5s_mhd_vd-768x409.png 768w, https:\/\/foodwaste.ch\/wp-content\/uploads\/2025\/10\/5s_mhd_vd-1536x818.png 1536w, https:\/\/foodwaste.ch\/wp-content\/uploads\/2025\/10\/5s_mhd_vd-2048x1090.png 2048w\" sizes=\"auto, (max-width: 1024px) 100vw, 1024px\" \/><\/figure>\n<\/div>\n\n\n\n<div class=\"wp-block-column is-layout-flow wp-block-column-is-layout-flow\">\n<p>Les denr\u00e9es alimentaires peuvent presque toujours \u00eatre consomm\u00e9es apr\u00e8s la date qui est indiqu\u00e9e sur l\u2019emballage. Au lieu de te fier \u00e0 la date de durabilit\u00e9 minimale (\u00ab\u202f\u00c0 consommer de pr\u00e9f\u00e9rence avant le\u2026\u202f\u00bb), fais confiance \u00e0 tes sens\u202f: si l\u2019aliment a un bon aspect et une odeur agr\u00e9able au-del\u00e0 de la date indiqu\u00e9e, tu peux toujours v\u00e9rifier s\u2019il a encore bon go\u00fbt. Les aliments portant une date limite de consommation (\u00ab\u202f\u00c0 consommer jusqu\u2019au\u202f\u00bb) doivent \u00eatre consomm\u00e9s ou congel\u00e9s avant la date imprim\u00e9e sur l\u2019emballage.  <\/p>\n<\/div>\n<\/div>\n<div class=\"accordion-blocks\">\n    <div class=\"accordion-block\">\n        <button class=\"accordion-toggle\">\n            Envie d\u2019en savoir plus\u202f?        <\/button>\n        <div class=\"accordion-content\">\n            <ul>\n<li>Tous les produits difficilement p\u00e9rissables sont signal\u00e9s par une date de durabilit\u00e9 minimale (DDM, \u00ab\u202f\u00c0 consommer de pr\u00e9f\u00e9rence avant le\u202f\u00bb). Si tu les conserves correctement, tu peux les consommer sans risque m\u00eame au-del\u00e0 de la date limite, tant qu\u2019ils ont un bon aspect, qu\u2019ils sentent bon et qu\u2019ils ont bon go\u00fbt. <\/li>\n<\/ul>\n<div class=\"cmsms_toggle\">\n<div class=\"cmsms_toggle_inner\">\n<ul>\n<li>Sur les produits facilement p\u00e9rissables figure une date limite de consommation (DLC, \u00ab\u202f\u00c0 consommer jusqu\u2019au\u202f\u00bb). Une fois la date d\u00e9pass\u00e9e, \u00e9vite de consommer ces aliments car des micro-organismes nocifs peuvent s\u2019y d\u00e9velopper sans que tes sens ne puissent t\u2019aider \u00e0 le savoir. Jusqu\u2019\u00e0 la date imprim\u00e9e, tu peux toutefois congeler le produit sans crainte et prolonger ainsi sa dur\u00e9e de vie jusqu\u2019\u00e0 90 jours suppl\u00e9mentaires.  <\/li>\n<li>Tu te demandes si tes provisions sont encore bonnes\u202f? Sur notre <g id=\"gid_0\">page web<\/g>, tu trouveras une fonction de recherche pour des astuces sur tous les aliments importants. Tu y trouveras aussi tout ce qu\u2019il faut savoir sur la dur\u00e9e de conservation des aliments et sur la mani\u00e8re de les consommer en toute s\u00e9curit\u00e9 au-del\u00e0 de la date indiqu\u00e9e sur l\u2019\u00e9tiquette.  <\/li>\n<\/ul>\n<\/div>\n<\/div>\n                    <\/div>\n    <\/div>\n<\/div>\n\n<h2 class=\"wp-block-heading alignwide\">4. Cuisine avec cr\u00e9ativit\u00e9 et sans gaspillage alimentaire<\/h2>\n\n<div class=\"wp-block-columns alignwide is-layout-flex wp-container-core-columns-is-layout-9d6595d7 wp-block-columns-is-layout-flex\">\n<div class=\"wp-block-column is-layout-flow wp-block-column-is-layout-flow\">\n<figure class=\"wp-block-image size-large\"><img loading=\"lazy\" decoding=\"async\" width=\"1024\" height=\"545\" src=\"https:\/\/foodwaste.ch\/wp-content\/uploads\/2025\/10\/5s_kreativ_weiss-1024x545.png\" alt=\"\" class=\"wp-image-26332\" srcset=\"https:\/\/foodwaste.ch\/wp-content\/uploads\/2025\/10\/5s_kreativ_weiss-1024x545.png 1024w, https:\/\/foodwaste.ch\/wp-content\/uploads\/2025\/10\/5s_kreativ_weiss-300x160.png 300w, https:\/\/foodwaste.ch\/wp-content\/uploads\/2025\/10\/5s_kreativ_weiss-768x409.png 768w, https:\/\/foodwaste.ch\/wp-content\/uploads\/2025\/10\/5s_kreativ_weiss-1536x818.png 1536w, https:\/\/foodwaste.ch\/wp-content\/uploads\/2025\/10\/5s_kreativ_weiss-2048x1091.png 2048w\" sizes=\"auto, (max-width: 1024px) 100vw, 1024px\" \/><\/figure>\n<\/div>\n\n\n\n<div class=\"wp-block-column is-layout-flow wp-block-column-is-layout-flow\">\n<p>Pour une alimentation plaisir \u00ab\u202fz\u00e9ro-gaspi\u2019\u202f\u00bb\u202f: p\u00e8se ou mesure les portions optimales lorsque tu cuisines. Utilise les aliments de la tige \u00e0 la feuille et \u00ab\u202fdu museau \u00e0 la queue\u202f\u00bb (\u00ab\u202fnose to tail\u202f\u00bb). Laisse libre cours \u00e0 ta cr\u00e9ativit\u00e9 lorsque tu accommodes les restes ou recherche des recettes adapt\u00e9es.  <\/p>\n<\/div>\n<\/div>\n<div class=\"accordion-blocks\">\n    <div class=\"accordion-block\">\n        <button class=\"accordion-toggle\">\n            Envie d\u2019en savoir plus\u202f?        <\/button>\n        <div class=\"accordion-content\">\n            <ul>\n<li>Livre de cuisine, balance et verre doseur plut\u00f4t que la mesure \u00ab portionnement \u00e0 l\u2019\u0153il \u00bb\u202f: ne cuisine que la quantit\u00e9 dont tu as vraiment besoin. <a href=\"https:\/\/foodwaste.ch\/fr\/infos\/5-etapes-pour-reduire-le-gaspillage-alimentaire\/taille-de-portions\/\">Tu trouveras ici les quantit\u00e9s recommand\u00e9es.<\/a><\/li>\n<li>Lorsque tu cuisines, garde le plan de travail et les ustensiles propres et remets les ingr\u00e9dients r\u00e9frig\u00e9r\u00e9s au r\u00e9frig\u00e9rateur imm\u00e9diatement apr\u00e8s utilisation. Utilise des ustensiles propres pour mesurer les ingr\u00e9dients. Ainsi, tes aliments et les restes \u00e9ventuels se conserveront de mani\u00e8re optimale.  <\/li>\n<li>Transvase les restes, m\u00eame en toutes petites quantit\u00e9s, dans des r\u00e9cipients \u00e9tanches et mets-les au r\u00e9frig\u00e9rateur sans tarder. Mange-les le plus rapidement possible ou <a href=\"https:\/\/foodwaste.ch\/wissen\/videos\/food-waste-oder-food-save-lebensmittel-einfrieren\/\" rel=\"noopener\">cong\u00e8le-les<\/a> (video en allemand). Les r\u00e9cipients transparents te permettent de garder une vue d\u2019ensemble\u202f! Laisse refroidir un peu les aliments chauds avant de les mettre au r\u00e9frig\u00e9rateur. Cela te permettra d\u2019\u00e9conomiser de l\u2019\u00e9nergie et \u00e9vitera de faire baisser la temp\u00e9rature des autres aliments dans le r\u00e9frig\u00e9rateur.    <\/li>\n<li><a href=\"https:\/\/foodwaste.ch\/wissen\/videos\/food-waste-oder-food-save-lebensmittel-aufwaermen\/\">Cette vid\u00e9o<\/a> (en allemand) te montre ce qu&rsquo;il faut prendre en compte lorsque tu r\u00e9chauffes des restes.<\/li>\n<li>Combine tes restes et tes provisions avec cr\u00e9ativit\u00e9 pour cr\u00e9er un nouveau plat. Cherche l\u2019inspiration sur Internet ou dans notre livre <a href=\"https:\/\/foodwaste.payrexx.com\/\" target=\"_blank\" rel=\"noopener\">\u00ab\u202fRestenlos gl\u00fccklich\u202f\u00bb (allemand)<\/a>. S\u2019il te manque un ingr\u00e9dient pour une recette, tu peux g\u00e9n\u00e9ralement le remplacer par un autre ou bien t\u2019en passer. Tu trouveras \u00e9galement des conseils d\u2019utilisation sur <a href=\"https:\/\/foodwaste.ch\/fr\/reseau\/calendrier-foodsave\/\">cette page<\/a>.   <\/li>\n<li>Utilise les aliments au maximum\u202f: laisse la peau de la carotte si possible, garde la tige du brocoli et le vert du poireau. Tu peux dissimuler des l\u00e9gumes fl\u00e9tris dans une soupe ou une sauce, ou bien les faire revivre en les plongeant dans de l\u2019eau. Donne \u00e9galement une chance aux morceaux de viande et aux abats moins connus en les cuisinant en r\u00f4ti pour la table du dimanche. Cherche les mots cl\u00e9s \u00ab\u202fnose to tail\u202f\u00bb et \u00ab\u202fleaf to root\u202f\u00bb sur internet pour trouver l\u2019inspiration.   <\/li>\n<li>Si, malgr\u00e9 toutes les pr\u00e9cautions prises, il te reste de la nourriture inutilis\u00e9e, \u00e9limine-la dans les conditions optimales\u202f: dans la mesure du possible, donne tes r\u00e9sidus de cuisine \u00e0 ton animal domestique ou composte-les. Dans l\u2019id\u00e9al, les aliments cuits g\u00e2t\u00e9s prendront le chemin de l\u2019installation de biogaz. Renseigne-toi aupr\u00e8s de ta commune sur les possibilit\u00e9s d\u2019\u00e9limination des d\u00e9chets organiques ainsi que sur les points de d\u00e9p\u00f4t de tel ou tel type de d\u00e9chets. Ne jette pas les restes \u00e0 la poubelle ni dans les \u00e9gouts.   <\/li>\n<\/ul>\n                    <\/div>\n    <\/div>\n<\/div>\n\n<h2 class=\"wp-block-heading alignwide\">5. Partage ton plaisir pour les aliments<\/h2>\n\n<div class=\"wp-block-columns alignwide is-layout-flex wp-container-core-columns-is-layout-9d6595d7 wp-block-columns-is-layout-flex\">\n<div class=\"wp-block-column is-layout-flow wp-block-column-is-layout-flow\">\n<figure class=\"wp-block-image size-large\"><img loading=\"lazy\" decoding=\"async\" width=\"1024\" height=\"545\" src=\"https:\/\/foodwaste.ch\/wp-content\/uploads\/2025\/10\/5s_teilen-1024x545.png\" alt=\"\" class=\"wp-image-26325\" srcset=\"https:\/\/foodwaste.ch\/wp-content\/uploads\/2025\/10\/5s_teilen-1024x545.png 1024w, https:\/\/foodwaste.ch\/wp-content\/uploads\/2025\/10\/5s_teilen-300x160.png 300w, https:\/\/foodwaste.ch\/wp-content\/uploads\/2025\/10\/5s_teilen-768x409.png 768w, https:\/\/foodwaste.ch\/wp-content\/uploads\/2025\/10\/5s_teilen-1536x818.png 1536w, https:\/\/foodwaste.ch\/wp-content\/uploads\/2025\/10\/5s_teilen-2048x1090.png 2048w\" sizes=\"auto, (max-width: 1024px) 100vw, 1024px\" \/><\/figure>\n<\/div>\n\n\n\n<div class=\"wp-block-column is-layout-flow wp-block-column-is-layout-flow\">\n<p>Invite tes amis et ta famille et partage tes plats et recettes \u00ab anti-gaspi\u2019 \u00bb avec eux. Deviens membre de foodwaste.ch, \u00e9change avec des personnes qui partagent les m\u00eames id\u00e9es que toi ou participe \u00e0 l\u2019une des nombreuses initiatives \u00ab anti-gaspi\u2019 \u00bb \u2013 par amour des aliments\u202f! <\/p>\n<\/div>\n<\/div>\n<div class=\"accordion-blocks\">\n    <div class=\"accordion-block\">\n        <button class=\"accordion-toggle\">\n            Envie d\u2019en savoir plus\u202f?        <\/button>\n        <div class=\"accordion-content\">\n            <ul>\n<li>Partage ton amour de la bonne ch\u00e8re avec tes proches. Si tu aimes la nourriture et que tu tiens \u00e0 limiter la quantit\u00e9 de ressources n\u00e9cessaires \u00e0 sa production, tu en prends forc\u00e9ment soin. <\/li>\n<li>Fais emballer tes restes au restaurant et encourage les autres \u00e0 en faire autant.<\/li>\n<li>Invite tes proches \u00e0 un savoureux repas concoct\u00e9 avec des restes et partage tes id\u00e9es et recettes avec eux, ou lance-leur un d\u00e9fi en organisant un concours de cuisine \u00e0 base de restes et de stocks de nourriture.<\/li>\n<li>Organise un <a href=\"https:\/\/foodwaste.ch\/angebot\/kochevent-buchen\/\">cours de cuisine \u00ab z\u00e9ro gaspi \u00bb\u202f<\/a>, un <a href=\"https:\/\/foodwaste.ch\/angebot\/vortrag-oder-workshop-buchen\/\">atelier participatif ou une conf\u00e9rence<\/a> pour ton \u00e9quipe.<\/li>\n<li>\u00c9largis ton r\u00e9seau en participant \u00e0 un <a href=\"https:\/\/foodwaste.ch\/fr\/offre\/organiser-un-banquet-foodsave\/\">Banquet-Foodsave<\/a> avec des gens ayant les m\u00eames affinit\u00e9s que toi.<\/li>\n<li>Soutiens l\u2019une des nombreuses <a href=\"https:\/\/foodwaste.ch\/fr\/reseau\/organisations-foodsave\/\">organisations \u00ab anti-gaspi\u2019 \u00bb<\/a> de ta r\u00e9gion en faveur de la lutte contre le gaspillage alimentaire.<\/li>\n<li>Deviens <a href=\"https:\/\/foodwaste.ch\/fr\/a-propos-de-nous\/nous-soutenir\/\">membre<\/a> de foodwaste.ch et gr\u00e2ce \u00e0 ta cotisation aide-nous \u00e0 nous engager contre le gaspillage alimentaire au travers de nos actions.<\/li>\n<\/ul>\n                    <\/div>\n    <\/div>\n<\/div>\n\n<div class=\"teasers layout-white custom-bg alignwide \">\n    <div class=\"wp-block-columns is-layout-flex wp-container-core-columns-is-layout-9d6595d7 wp-block-columns-is-layout-flex \">\n                    <div class=\"wp-block-column is-layout-flow wp-block-column-is-layout-flow\">\n            <h3>Cela pourrait aussi t&rsquo;int\u00e9resser<\/h3>\n            <\/div>\n                    <\/div>\n    <div class=\"post-wrapper posts \">\n                        <div class=\"post-item\">\n                    <a href=\"https:\/\/foodwaste.ch\/fr\/infos\/que-signifie-le-gaspillage-alimentaire\/\">\n                <div class=\"post-content\">\n                    <span class=\"category\">Infos<\/span><h4>Que signifie le gaspillage alimentaire ?<\/h4>                    \n                <\/div>\n                                    <figure>\n                        <img decoding=\"async\" class=\"skip_lazy\" src=\"https:\/\/foodwaste.ch\/wp-content\/uploads\/2025\/07\/beispielbild-1024x724.png\" alt=\"Que signifie le gaspillage alimentaire ?\">\n                    <\/figure>\n                                <\/a>\n                <\/div>\n                        <div class=\"post-item\">\n                    <a href=\"https:\/\/foodwaste.ch\/fr\/infos\/verifie-la-duree-de-conservation\/\">\n                <div class=\"post-content\">\n                    <span class=\"category\">Infos<\/span><h4>V\u00e9rifie la dur\u00e9e de conservation !<\/h4>                    \n                <\/div>\n                                    <figure>\n                        <img decoding=\"async\" class=\"skip_lazy\" src=\"https:\/\/foodwaste.ch\/wp-content\/uploads\/2025\/10\/check-haltbarkeit_thumbnail-1024x683.jpg\" alt=\"V\u00e9rifie la dur\u00e9e de conservation !\">\n                    <\/figure>\n                                <\/a>\n                <\/div>\n                        <div class=\"post-item\">\n                    <a href=\"https:\/\/foodwaste.ch\/fr\/reseau\/calendrier-foodsave\/\">\n                <div class=\"post-content\">\n                    <span class=\"category\">R\u00e9seau<\/span><h4>Calendrier Foodsave<\/h4>                    \n                <\/div>\n                                    <figure>\n                        <img decoding=\"async\" class=\"skip_lazy\" src=\"https:\/\/foodwaste.ch\/wp-content\/uploads\/2025\/10\/events_thumbnail-1024x683.jpg\" alt=\"Calendrier Foodsave\">\n                    <\/figure>\n                                <\/a>\n                <\/div>\n            <\/div>\n    <\/div>","protected":false},"excerpt":{"rendered":"<p>1. Fais tes courses intelligemment Ach\u00e8te uniquement ce que tu peux consommer avant la date limite indiqu\u00e9e. Pour ce faire, planifie tes achats \u00e0 l\u2019avance et demande-toi si tu as vraiment besoin de tel ou tel produit avant de le prendre dans le rayon. Sers-toi d\u2019une liste de course ou d\u2019une application, cela te facilitera [&hellip;]<\/p>\n","protected":false},"author":1,"featured_media":26354,"parent":27224,"menu_order":0,"comment_status":"closed","ping_status":"closed","template":"","meta":{"_acf_changed":false,"inline_featured_image":false,"footnotes":""},"class_list":["post-27202","page","type-page","status-publish","has-post-thumbnail","hentry"],"acf":[],"_links":{"self":[{"href":"https:\/\/foodwaste.ch\/fr\/wp-json\/wp\/v2\/pages\/27202","targetHints":{"allow":["GET"]}}],"collection":[{"href":"https:\/\/foodwaste.ch\/fr\/wp-json\/wp\/v2\/pages"}],"about":[{"href":"https:\/\/foodwaste.ch\/fr\/wp-json\/wp\/v2\/types\/page"}],"author":[{"embeddable":true,"href":"https:\/\/foodwaste.ch\/fr\/wp-json\/wp\/v2\/users\/1"}],"replies":[{"embeddable":true,"href":"https:\/\/foodwaste.ch\/fr\/wp-json\/wp\/v2\/comments?post=27202"}],"version-history":[{"count":13,"href":"https:\/\/foodwaste.ch\/fr\/wp-json\/wp\/v2\/pages\/27202\/revisions"}],"predecessor-version":[{"id":30052,"href":"https:\/\/foodwaste.ch\/fr\/wp-json\/wp\/v2\/pages\/27202\/revisions\/30052"}],"up":[{"embeddable":true,"href":"https:\/\/foodwaste.ch\/fr\/wp-json\/wp\/v2\/pages\/27224"}],"wp:featuredmedia":[{"embeddable":true,"href":"https:\/\/foodwaste.ch\/fr\/wp-json\/wp\/v2\/media\/26354"}],"wp:attachment":[{"href":"https:\/\/foodwaste.ch\/fr\/wp-json\/wp\/v2\/media?parent=27202"}],"curies":[{"name":"wp","href":"https:\/\/api.w.org\/{rel}","templated":true}]}}