{"id":27224,"date":"2025-07-25T09:58:50","date_gmt":"2025-07-25T07:58:50","guid":{"rendered":"https:\/\/foodwaste.ch\/infos\/"},"modified":"2025-11-12T14:43:36","modified_gmt":"2025-11-12T13:43:36","slug":"infos","status":"publish","type":"page","link":"https:\/\/foodwaste.ch\/fr\/infos\/","title":{"rendered":"Infos"},"content":{"rendered":"\n<h1 class=\"wp-block-heading alignwide\">Informations sur le gaspillage alimentaire<\/h1>\n\n\n\n<div class=\"teasers layout-normal alignwide \">\n    <div class=\"post-wrapper posts \">\n                        <div class=\"post-item\">\n                    <a href=\"https:\/\/foodwaste.ch\/fr\/infos\/que-signifie-le-gaspillage-alimentaire\/\">\n                <div class=\"post-content\">\n                    <span class=\"category\">Infos<\/span><h4>Que signifie le gaspillage alimentaire ?<\/h4>                    \n                <\/div>\n                                    <figure>\n                        <img decoding=\"async\" class=\"skip_lazy\" src=\"https:\/\/foodwaste.ch\/wp-content\/uploads\/2025\/07\/beispielbild-1024x724.png\" alt=\"Que signifie le gaspillage alimentaire ?\">\n                    <\/figure>\n                                <\/a>\n                <\/div>\n                        <div class=\"post-item\">\n                    <a href=\"https:\/\/foodwaste.ch\/fr\/infos\/5-etapes-pour-reduire-le-gaspillage-alimentaire\/\">\n                <div class=\"post-content\">\n                    <span class=\"category\">Infos<\/span><h4>5\u202f\u00e9tapes pour r\u00e9duire le gaspillage alimentaire<\/h4>                    \n                <\/div>\n                                    <figure>\n                        <img decoding=\"async\" class=\"skip_lazy\" src=\"https:\/\/foodwaste.ch\/wp-content\/uploads\/2025\/10\/5s_thumbnail_cherry-1024x545.png\" alt=\"5\u202f\u00e9tapes pour r\u00e9duire le gaspillage alimentaire\">\n                    <\/figure>\n                                <\/a>\n                <\/div>\n                        <div class=\"post-item\">\n                    <a href=\"https:\/\/foodwaste.ch\/fr\/infos\/verifie-la-duree-de-conservation\/\">\n                <div class=\"post-content\">\n                    <span class=\"category\">Infos<\/span><h4>V\u00e9rifie la dur\u00e9e de conservation !<\/h4>                    \n                <\/div>\n                                    <figure>\n                        <img decoding=\"async\" class=\"skip_lazy\" src=\"https:\/\/foodwaste.ch\/wp-content\/uploads\/2025\/10\/check-haltbarkeit_thumbnail-1024x683.jpg\" alt=\"V\u00e9rifie la dur\u00e9e de conservation !\">\n                    <\/figure>\n                                <\/a>\n                <\/div>\n                        <div class=\"post-item\">\n                    <a href=\"https:\/\/foodwaste.ch\/fr\/infos\/le-degout-mythes-et-realites\/\">\n                <div class=\"post-content\">\n                    <span class=\"category\">Infos<\/span><h4>Le d\u00e9go\u00fbt, mythes et r\u00e9alit\u00e9s<\/h4>                    \n                <\/div>\n                                    <figure>\n                        <img decoding=\"async\" class=\"skip_lazy\" src=\"https:\/\/foodwaste.ch\/wp-content\/uploads\/2025\/10\/Kacheln_Website_2023_V03_Ekel-1-1024x650.jpg\" alt=\"Le d\u00e9go\u00fbt, mythes et r\u00e9alit\u00e9s\">\n                    <\/figure>\n                                <\/a>\n                <\/div>\n                        <div class=\"post-item\">\n                    <a href=\"https:\/\/foodwaste.ch\/fr\/infos\/videos\/\">\n                <div class=\"post-content\">\n                    <span class=\"category\">Infos<\/span><h4>Vid\u00e9os<\/h4>                    \n                <\/div>\n                                    <figure>\n                        <img decoding=\"async\" class=\"skip_lazy\" src=\"https:\/\/foodwaste.ch\/wp-content\/uploads\/2025\/10\/videos_thumbnail-1024x683.jpg\" alt=\"Vid\u00e9os\">\n                    <\/figure>\n                                <\/a>\n                <\/div>\n            <\/div>\n    <\/div>","protected":false},"excerpt":{"rendered":"<p>Informations sur le gaspillage alimentaire<\/p>\n","protected":false},"author":1,"featured_media":0,"parent":0,"menu_order":0,"comment_status":"closed","ping_status":"closed","template":"","meta":{"_acf_changed":false,"inline_featured_image":false,"footnotes":""},"class_list":["post-27224","page","type-page","status-publish","hentry"],"acf":[],"_links":{"self":[{"href":"https:\/\/foodwaste.ch\/fr\/wp-json\/wp\/v2\/pages\/27224","targetHints":{"allow":["GET"]}}],"collection":[{"href":"https:\/\/foodwaste.ch\/fr\/wp-json\/wp\/v2\/pages"}],"about":[{"href":"https:\/\/foodwaste.ch\/fr\/wp-json\/wp\/v2\/types\/page"}],"author":[{"embeddable":true,"href":"https:\/\/foodwaste.ch\/fr\/wp-json\/wp\/v2\/users\/1"}],"replies":[{"embeddable":true,"href":"https:\/\/foodwaste.ch\/fr\/wp-json\/wp\/v2\/comments?post=27224"}],"version-history":[{"count":5,"href":"https:\/\/foodwaste.ch\/fr\/wp-json\/wp\/v2\/pages\/27224\/revisions"}],"predecessor-version":[{"id":29396,"href":"https:\/\/foodwaste.ch\/fr\/wp-json\/wp\/v2\/pages\/27224\/revisions\/29396"}],"wp:attachment":[{"href":"https:\/\/foodwaste.ch\/fr\/wp-json\/wp\/v2\/media?parent=27224"}],"curies":[{"name":"wp","href":"https:\/\/api.w.org\/{rel}","templated":true}]}}