{"id":27263,"date":"2025-09-11T16:05:57","date_gmt":"2025-09-11T14:05:57","guid":{"rendered":"https:\/\/foodwaste.ch\/reseau\/notre-reseau\/"},"modified":"2026-02-25T17:33:08","modified_gmt":"2026-02-25T16:33:08","slug":"notre-reseau","status":"publish","type":"page","link":"https:\/\/foodwaste.ch\/fr\/reseau\/notre-reseau\/","title":{"rendered":"Notre r\u00e9seau"},"content":{"rendered":"<h1 id=\"title\" class=\"wp-block-heading alignwide\">Notre r\u00e9seau<\/h1><div class=\"lead nobutton\"><p>Nous ne pouvons vaincre le gaspillage alimentaire qu&rsquo;ensemble. C&rsquo;est pourquoi nous travaillons avec diff\u00e9rents partenaires et parties prenantes, que ce soit dans le cadre de projets ou au niveau de l&rsquo;organisation. Vous en trouverez une s\u00e9lection ci-dessous. L&rsquo;aper\u00e7u complet se trouve dans notre <a href=\"https:\/\/foodwaste.ch\/fr\/offre\/\">offre<\/a>.   <\/p>\n<\/div><div class=\"partner-block custom-bg custom-bg-xl layout-petrol alignfull layout2\">\n<div class=\"wp-block-columns is-layout-flex wp-container-core-columns-is-layout-9d6595d7 wp-block-columns-is-layout-flex\">\n<div class=\"wp-block-column is-layout-flow wp-block-column-is-layout-flow\">\n<h3><\/h3>\n<\/div>\n<\/div>\n<div class=\"swiper\">\n    <div class=\"partner-wrapper no-title\">\n                    <div class=\"partner-item \">\n                <a href=\"https:\/\/www.ogg.ch\" target=\"_blank\">\n                    <figure>\n                        <div class=\"img-wrapper\">\n                            <img decoding=\"async\" class=\"skip_lazy\" src=\"https:\/\/foodwaste.ch\/wp-content\/uploads\/2025\/09\/ogg-bern_logo-1024x775.png\" alt=\"OGG Bern\">\n                        <\/div>\n                                            <figcaption>Partenaire de promotion et de strat\u00e9gie<\/figcaption>\n                                        <\/figure>\n                <\/a>\n            <\/div>\n                    <div class=\"partner-item \">\n                <a href=\"https:\/\/www.seedlingfoundation.ch\/\" target=\"_blank\">\n                    <figure>\n                        <div class=\"img-wrapper\">\n                            <img decoding=\"async\" class=\"skip_lazy\" src=\"https:\/\/foodwaste.ch\/wp-content\/uploads\/2025\/11\/seedlingfoundation_logo.svg\" alt=\"SEEDLING\">\n                        <\/div>\n                                            <figcaption>Partenaire de promotion et de strat\u00e9gie<\/figcaption>\n                                        <\/figure>\n                <\/a>\n            <\/div>\n                    <div class=\"partner-item \">\n                <a href=\"https:\/\/www.veledes.ch\/\" target=\"_blank\">\n                    <figure>\n                        <div class=\"img-wrapper\">\n                            <img decoding=\"async\" class=\"skip_lazy\" src=\"https:\/\/foodwaste.ch\/wp-content\/uploads\/2025\/09\/veledes_logo.svg\" alt=\"Veledes\">\n                        <\/div>\n                                            <figcaption>Partenaire de l&rsquo;organisation foodwaste.ch<\/figcaption>\n                                        <\/figure>\n                <\/a>\n            <\/div>\n                    <div class=\"partner-item \">\n                <a href=\"https:\/\/www.gout.ch\/\" target=\"_blank\">\n                    <figure>\n                        <div class=\"img-wrapper\">\n                            <img decoding=\"async\" class=\"skip_lazy\" src=\"https:\/\/foodwaste.ch\/wp-content\/uploads\/2025\/09\/semaine-du-gout_logo-1024x906.png\" alt=\"La Semaine du Go\u00fbt\">\n                        <\/div>\n                                            <figcaption>Partenaire de l&rsquo;organisation foodwaste.ch<\/figcaption>\n                                        <\/figure>\n                <\/a>\n            <\/div>\n                    <div class=\"partner-item \">\n                <a href=\"https:\/\/www.bfh.ch\/hafl\/\" target=\"_blank\">\n                    <figure>\n                        <div class=\"img-wrapper\">\n                            <img decoding=\"async\" class=\"skip_lazy\" src=\"https:\/\/foodwaste.ch\/wp-content\/uploads\/2025\/09\/bfh-hafl_logo.svg\" alt=\"BFH-HAFL\">\n                        <\/div>\n                                            <figcaption>Partenaire de la r\u00e9alisation D\u00e9fi Cuisine Z\u00e9ro Gaspi\u2019<\/figcaption>\n                                        <\/figure>\n                <\/a>\n            <\/div>\n                    <div class=\"partner-item \">\n                <a href=\"https:\/\/www.blv.admin.ch\/\" target=\"_blank\">\n                    <figure>\n                        <div class=\"img-wrapper\">\n                            <img decoding=\"async\" class=\"skip_lazy\" src=\"https:\/\/foodwaste.ch\/wp-content\/uploads\/2025\/11\/blv_logo-1024x204.png\" alt=\"BLV\">\n                        <\/div>\n                                            <figcaption>Partenaire de notre offre pour le commerce de d\u00e9tail et les magasins \u00e0 la ferme<\/figcaption>\n                                        <\/figure>\n                <\/a>\n            <\/div>\n                    <div class=\"partner-item \">\n                <a href=\"https:\/\/www.bs.ch\/\" target=\"_blank\">\n                    <figure>\n                        <div class=\"img-wrapper\">\n                            <img decoding=\"async\" class=\"skip_lazy\" src=\"https:\/\/foodwaste.ch\/wp-content\/uploads\/2025\/09\/kanton-basel-stadt_logo.svg\" alt=\"Kanton Basel-Stadt\">\n                        <\/div>\n                                            <figcaption>Partenaire pr\u00e9sence pour la pr\u00e9sentation au kHaus Basel et \u00e0 la Health Expo 2025<\/figcaption>\n                                        <\/figure>\n                <\/a>\n            <\/div>\n                    <div class=\"partner-item \">\n                <a href=\"https:\/\/www.bio-suisse.ch\/\" target=\"_blank\">\n                    <figure>\n                        <div class=\"img-wrapper\">\n                            <img decoding=\"async\" class=\"skip_lazy\" src=\"https:\/\/foodwaste.ch\/wp-content\/uploads\/2025\/08\/bio-suisse_logo.svg\" alt=\"Bio Suisse\">\n                        <\/div>\n                                            <figcaption>Partenaire de communication de notre offre pour le commerce de d\u00e9tail et les magasins \u00e0 la ferme<\/figcaption>\n                                        <\/figure>\n                <\/a>\n            <\/div>\n                    <div class=\"partner-item \">\n                <a href=\"https:\/\/www.offene-kirche.ch\/\" target=\"_blank\">\n                    <figure>\n                        <div class=\"img-wrapper\">\n                            <img decoding=\"async\" class=\"skip_lazy\" src=\"https:\/\/foodwaste.ch\/wp-content\/uploads\/2025\/09\/offene-kirche-bern_logo.svg\" alt=\"offene kirche bern\">\n                        <\/div>\n                                            <figcaption>Initiateurs des Banquets-Foodsave<\/figcaption>\n                                        <\/figure>\n                <\/a>\n            <\/div>\n                    <div class=\"partner-item \">\n                <a href=\"https:\/\/united-against-waste.ch\/\" target=\"_blank\">\n                    <figure>\n                        <div class=\"img-wrapper\">\n                            <img decoding=\"async\" class=\"skip_lazy\" src=\"https:\/\/foodwaste.ch\/wp-content\/uploads\/2025\/11\/united-against-waste_logo_fr.png\" alt=\"United Against Waste\">\n                        <\/div>\n                                            <figcaption>Partenaire de la semaine nationale contre le gaspillage alimentaire<\/figcaption>\n                                        <\/figure>\n                <\/a>\n            <\/div>\n                    <div class=\"partner-item \">\n                <a href=\"https:\/\/www.bafu.admin.ch\/\" target=\"_blank\">\n                    <figure>\n                        <div class=\"img-wrapper\">\n                            <img decoding=\"async\" class=\"skip_lazy\" src=\"https:\/\/foodwaste.ch\/wp-content\/uploads\/2025\/11\/BAFU_logo.png\" alt=\"BAFU\">\n                        <\/div>\n                                            <figcaption>Partenaire financier \u00ab V\u00e9rifie la dur\u00e9e de conservation ! \u00bb<\/figcaption>\n                                        <\/figure>\n                <\/a>\n            <\/div>\n                    <div class=\"partner-item \">\n                <a href=\"https:\/\/demeter.ch\/\" target=\"_blank\">\n                    <figure>\n                        <div class=\"img-wrapper\">\n                            <img decoding=\"async\" class=\"skip_lazy\" src=\"https:\/\/foodwaste.ch\/wp-content\/uploads\/2025\/09\/demeter-schweiz_logo.jpg\" alt=\"Demeter Suisse\">\n                        <\/div>\n                                            <figcaption>Partenaire de communication de notre offre pour le commerce de d\u00e9tail et les magasins \u00e0 la ferme<\/figcaption>\n                                        <\/figure>\n                <\/a>\n            <\/div>\n                    <div class=\"partner-item \">\n                <a href=\"https:\/\/www.zhaw.ch\/de\/lsfm\/institute-zentren\/ilgi\/\" target=\"_blank\">\n                    <figure>\n                        <div class=\"img-wrapper\">\n                            <img decoding=\"async\" class=\"skip_lazy\" src=\"https:\/\/foodwaste.ch\/wp-content\/uploads\/2025\/08\/zhaw_logo.svg\" alt=\"ZHAW-LSFM\">\n                        <\/div>\n                                            <figcaption>Partenaire de la r\u00e9alisation \u00ab V\u00e9rifie la dur\u00e9e de conservation ! \u00bb<\/figcaption>\n                                        <\/figure>\n                <\/a>\n            <\/div>\n                    <div class=\"partner-item \">\n                <a href=\"https:\/\/www.students4sustainability.ch\/\" target=\"_blank\">\n                    <figure>\n                        <div class=\"img-wrapper\">\n                            <img decoding=\"async\" class=\"skip_lazy\" src=\"https:\/\/foodwaste.ch\/wp-content\/uploads\/2025\/10\/students4sustainability_logo-1024x507.png\" alt=\"Students4Sustainability\">\n                        <\/div>\n                                            <figcaption>Partenaire de la r\u00e9alisation D\u00e9fi Cuisine Z\u00e9ro Gaspi\u2019<\/figcaption>\n                                        <\/figure>\n                <\/a>\n            <\/div>\n                    <div class=\"partner-item \">\n                <a href=\"https:\/\/fromarte.ch\/\" target=\"_blank\">\n                    <figure>\n                        <div class=\"img-wrapper\">\n                            <img decoding=\"async\" class=\"skip_lazy\" src=\"https:\/\/foodwaste.ch\/wp-content\/uploads\/2025\/09\/fromarte_logo.png\" alt=\"Fromarte\">\n                        <\/div>\n                                            <figcaption>Partenaire de communication de notre offre pour le commerce de d\u00e9tail et les magasins \u00e0 la ferme<\/figcaption>\n                                        <\/figure>\n                <\/a>\n            <\/div>\n                    <div class=\"partner-item \">\n                <a href=\"https:\/\/www.stadt.sg.ch\/\" target=\"_blank\">\n                    <figure>\n                        <div class=\"img-wrapper\">\n                            <img decoding=\"async\" class=\"skip_lazy\" src=\"https:\/\/foodwaste.ch\/wp-content\/uploads\/2025\/09\/stadt-stgallen-gemeinsam-wirkt_logo-1024x175.jpg\" alt=\"Stadt St.Gallen\">\n                        <\/div>\n                                            <figcaption>Partenaire Pr\u00e9sence \u00e0 l&rsquo;OFFA 2024<\/figcaption>\n                                        <\/figure>\n                <\/a>\n            <\/div>\n                    <div class=\"partner-item \">\n                <a href=\"https:\/\/www.madamefrigo.ch\/\" target=\"_blank\">\n                    <figure>\n                        <div class=\"img-wrapper\">\n                            <img decoding=\"async\" class=\"skip_lazy\" src=\"https:\/\/foodwaste.ch\/wp-content\/uploads\/2025\/11\/madame-frigo_logo.svg\" alt=\"Madame Frigo\">\n                        <\/div>\n                                            <figcaption>Partenaire de communication<\/figcaption>\n                                        <\/figure>\n                <\/a>\n            <\/div>\n                    <div class=\"partner-item \">\n                <a href=\"https:\/\/www.sbv-usp.ch\/\" target=\"_blank\">\n                    <figure>\n                        <div class=\"img-wrapper\">\n                            <img decoding=\"async\" class=\"skip_lazy\" src=\"https:\/\/foodwaste.ch\/wp-content\/uploads\/2025\/11\/schweizer-bauernverband_logo_FR-1024x388.jpg\" alt=\"Union suisse des paysans\">\n                        <\/div>\n                                            <figcaption>Partenaire de communication de notre offre pour le commerce de d\u00e9tail et les magasins \u00e0 la ferme<\/figcaption>\n                                        <\/figure>\n                <\/a>\n            <\/div>\n                    <div class=\"partner-item \">\n                <a href=\"https:\/\/www.zh.ch\/de\/baudirektion\/amt-fuer-abfall-wasser-energie-luft.html\" target=\"_blank\">\n                    <figure>\n                        <div class=\"img-wrapper\">\n                            <img decoding=\"async\" class=\"skip_lazy\" src=\"https:\/\/foodwaste.ch\/wp-content\/uploads\/2025\/09\/kanton-zuerich-awel_logo.svg\" alt=\"Kanton Z\u00fcrich\">\n                        <\/div>\n                                            <figcaption>Partenaire de la tourn\u00e9e d&rsquo;exposition 2023\/2024 dans le canton de Zurich<\/figcaption>\n                                        <\/figure>\n                <\/a>\n            <\/div>\n                    <div class=\"partner-item \">\n                <a href=\"https:\/\/www.swiss-retail.ch\/\" target=\"_blank\">\n                    <figure>\n                        <div class=\"img-wrapper\">\n                            <img decoding=\"async\" class=\"skip_lazy\" src=\"https:\/\/foodwaste.ch\/wp-content\/uploads\/2025\/09\/swiss-retail-federation_logo-1024x200.png\" alt=\"Swiss Retail Federation\">\n                        <\/div>\n                                            <figcaption>Partenaire de communication de notre offre pour le commerce de d\u00e9tail et les magasins \u00e0 la ferme<\/figcaption>\n                                        <\/figure>\n                <\/a>\n            <\/div>\n                    <div class=\"partner-item \">\n                <a href=\"https:\/\/www.lu.ch\/bau_umwelt_wirtschaft\" target=\"_blank\">\n                    <figure>\n                        <div class=\"img-wrapper\">\n                            <img decoding=\"async\" class=\"skip_lazy\" src=\"https:\/\/foodwaste.ch\/wp-content\/uploads\/2025\/08\/kanton-luzern_logo.svg\" alt=\"Kanton Luzern\">\n                        <\/div>\n                                            <figcaption>Partenaire financier Exposition \u00ab Mindestens haltbar bis \u2013 kein Grund zum Wegwerfen \u00bb<\/figcaption>\n                                        <\/figure>\n                <\/a>\n            <\/div>\n                    <div class=\"partner-item \">\n                <a href=\"https:\/\/sff.ch\/\" target=\"_blank\">\n                    <figure>\n                        <div class=\"img-wrapper\">\n                            <img decoding=\"async\" class=\"skip_lazy\" src=\"https:\/\/foodwaste.ch\/wp-content\/uploads\/2025\/09\/schweizer-fleischfachverband_logo.svg\" alt=\"Union Professionnelle Suisse de la Viande\">\n                        <\/div>\n                                            <figcaption>Partenaire de communication de notre offre pour le commerce de d\u00e9tail et les magasins \u00e0 la ferme<\/figcaption>\n                                        <\/figure>\n                <\/a>\n            <\/div>\n                    <div class=\"partner-item \">\n                <a href=\"https:\/\/www.sv-stiftung.ch\/\" target=\"_blank\">\n                    <figure>\n                        <div class=\"img-wrapper\">\n                            <img decoding=\"async\" class=\"skip_lazy\" src=\"https:\/\/foodwaste.ch\/wp-content\/uploads\/2025\/11\/sv-stiftung_logo_FR-1024x229.png\" alt=\"SV Fondation\">\n                        <\/div>\n                                            <figcaption>Partenaire financier Banquets-Foodsave<\/figcaption>\n                                        <\/figure>\n                <\/a>\n            <\/div>\n                    <div class=\"partner-item \">\n                <a href=\"https:\/\/swissdrink.net\/\" target=\"_blank\">\n                    <figure>\n                        <div class=\"img-wrapper\">\n                            <img decoding=\"async\" class=\"skip_lazy\" src=\"https:\/\/foodwaste.ch\/wp-content\/uploads\/2025\/09\/swissdrink_logo.svg\" alt=\"Swissdrink\">\n                        <\/div>\n                                            <figcaption>Partenaire de communication de notre offre pour le commerce de d\u00e9tail et les magasins \u00e0 la ferme<\/figcaption>\n                                        <\/figure>\n                <\/a>\n            <\/div>\n                    <div class=\"partner-item \">\n                <a href=\"https:\/\/loeb.ch\/\" target=\"_blank\">\n                    <figure>\n                        <div class=\"img-wrapper\">\n                            <img decoding=\"async\" class=\"skip_lazy\" src=\"https:\/\/foodwaste.ch\/wp-content\/uploads\/2025\/10\/loeb_logo.svg\" alt=\"LOEB\">\n                        <\/div>\n                                            <figcaption>Partenaires de la r\u00e9alisation cours de mise en conserve<\/figcaption>\n                                        <\/figure>\n                <\/a>\n            <\/div>\n                    <div class=\"partner-item \">\n                <a href=\"https:\/\/www.venalu.ch\/\" target=\"_blank\">\n                    <figure>\n                        <div class=\"img-wrapper\">\n                            <img decoding=\"async\" class=\"skip_lazy\" src=\"https:\/\/foodwaste.ch\/wp-content\/uploads\/2025\/10\/venalu_logo.jpg\" alt=\"VENALU\">\n                        <\/div>\n                                            <figcaption>Partenaire de la r\u00e9alisation D\u00e9fi Cuisine Z\u00e9ro Gaspi\u2019<\/figcaption>\n                                        <\/figure>\n                <\/a>\n            <\/div>\n            <\/div>\n    <\/div>\n<\/div>\n<h2 class=\"wp-block-heading\">Partenaires de promotion et de strat\u00e9gie<\/h2>\n\n<h3 class=\"wp-block-heading\">OGG Bern<\/h3>\n\n<div class=\"wp-block-columns is-layout-flex wp-container-core-columns-is-layout-9d6595d7 wp-block-columns-is-layout-flex\">\n<div class=\"wp-block-column is-layout-flow wp-block-column-is-layout-flow\" style=\"flex-basis:66.66%\">\n<p>L\u2019OGG Bern (Oekonomische Gemeinn\u00fctzige Gesellschaft \/ Soci\u00e9t\u00e9 d\u2019utilit\u00e9 publique \u00e9conomique Bern) a \u00e9t\u00e9 fond\u00e9e en 1759 et s\u2019engage depuis cette \u00e9poque pour le d\u00e9veloppement d\u2019un syst\u00e8me alimentaire durable. Elle est l\u2019actionnaire majoritaire de foodwaste.ch AG, a externalis\u00e9 ses activit\u00e9s dans le domaine de la pr\u00e9vention du gaspillage alimentaire chez nous et nous soutient financi\u00e8rement et strat\u00e9giquement. <\/p>\n\n\n\n<div class=\"wp-block-buttons is-layout-flex wp-block-buttons-is-layout-flex\">\n<div class=\"wp-block-button\"><a class=\"wp-block-button__link wp-element-button\" href=\"https:\/\/www.ogg.ch\/\" target=\"_blank\" rel=\"noreferrer noopener\">ogg.ch<\/a><\/div>\n<\/div>\n<\/div>\n\n\n\n<div class=\"wp-block-column is-layout-flow wp-block-column-is-layout-flow\" style=\"flex-basis:33.33%\">\n<figure class=\"wp-block-image size-full\"><img loading=\"lazy\" decoding=\"async\" width=\"1181\" height=\"894\" src=\"https:\/\/foodwaste.ch\/wp-content\/uploads\/2025\/09\/ogg-bern_logo.png\" alt=\"\" class=\"wp-image-26006\" srcset=\"https:\/\/foodwaste.ch\/wp-content\/uploads\/2025\/09\/ogg-bern_logo.png 1181w, https:\/\/foodwaste.ch\/wp-content\/uploads\/2025\/09\/ogg-bern_logo-300x227.png 300w, https:\/\/foodwaste.ch\/wp-content\/uploads\/2025\/09\/ogg-bern_logo-1024x775.png 1024w, https:\/\/foodwaste.ch\/wp-content\/uploads\/2025\/09\/ogg-bern_logo-768x581.png 768w\" sizes=\"auto, (max-width: 1181px) 100vw, 1181px\" \/><\/figure>\n<\/div>\n<\/div>\n\n<h3 class=\"wp-block-heading\">SEEDLING<\/h3>\n\n<div class=\"wp-block-columns is-layout-flex wp-container-core-columns-is-layout-9d6595d7 wp-block-columns-is-layout-flex\">\n<div class=\"wp-block-column is-layout-flow wp-block-column-is-layout-flow\" style=\"flex-basis:66.66%\">\n<p>SEEDLING soutient des initiatives et des organisations qui d\u00e9veloppent et mettent en \u0153uvre des solutions innovantes pour la protection du climat. <em>Nurture \u2013 Inspire \u2013 Empower<\/em> est le principe de son engagement philanthropique. L\u2019accent est mis sur le syst\u00e8me alimentaire (secteur agroalimentaire). En Suisse et en Europe proche (focus Suisse), SEEDLING est active dans les quatre domaines th\u00e9matiques suivants: production alimentaire durable, alimentation durable &amp; saine, d\u00e9chets alimentaires &amp; \u00e9conomie circulaire, sensibilisation au climat &amp; justice climatique.  <\/p>\n\n\n\n<div class=\"wp-block-buttons is-layout-flex wp-block-buttons-is-layout-flex\">\n<div class=\"wp-block-button\"><a class=\"wp-block-button__link wp-element-button\" href=\"https:\/\/www.seedlingfoundation.ch\/\" target=\"_blank\" rel=\"noreferrer noopener\">seedlingfoundation.ch<\/a><\/div>\n<\/div>\n<\/div>\n\n\n\n<div class=\"wp-block-column is-layout-flow wp-block-column-is-layout-flow\" style=\"flex-basis:33.33%\">\n<figure class=\"wp-block-image size-full\"><img decoding=\"async\" src=\"https:\/\/foodwaste.ch\/wp-content\/uploads\/2025\/11\/seedlingfoundation_logo.svg\" alt=\"\" class=\"wp-image-29823\"\/><\/figure>\n<\/div>\n<\/div>\n\n<p><\/p>\n","protected":false},"excerpt":{"rendered":"<p>Partenaires de promotion et de strat\u00e9gie OGG Bern L\u2019OGG Bern (Oekonomische Gemeinn\u00fctzige Gesellschaft \/ Soci\u00e9t\u00e9 d\u2019utilit\u00e9 publique \u00e9conomique Bern) a \u00e9t\u00e9 fond\u00e9e en 1759 et s\u2019engage depuis cette \u00e9poque pour le d\u00e9veloppement d\u2019un syst\u00e8me alimentaire durable. Elle est l\u2019actionnaire majoritaire de foodwaste.ch AG, a externalis\u00e9 ses activit\u00e9s dans le domaine de la pr\u00e9vention du gaspillage [&hellip;]<\/p>\n","protected":false},"author":2,"featured_media":27394,"parent":27261,"menu_order":0,"comment_status":"closed","ping_status":"closed","template":"","meta":{"_acf_changed":false,"inline_featured_image":false,"footnotes":""},"class_list":["post-27263","page","type-page","status-publish","has-post-thumbnail","hentry"],"acf":[],"_links":{"self":[{"href":"https:\/\/foodwaste.ch\/fr\/wp-json\/wp\/v2\/pages\/27263","targetHints":{"allow":["GET"]}}],"collection":[{"href":"https:\/\/foodwaste.ch\/fr\/wp-json\/wp\/v2\/pages"}],"about":[{"href":"https:\/\/foodwaste.ch\/fr\/wp-json\/wp\/v2\/types\/page"}],"author":[{"embeddable":true,"href":"https:\/\/foodwaste.ch\/fr\/wp-json\/wp\/v2\/users\/2"}],"replies":[{"embeddable":true,"href":"https:\/\/foodwaste.ch\/fr\/wp-json\/wp\/v2\/comments?post=27263"}],"version-history":[{"count":6,"href":"https:\/\/foodwaste.ch\/fr\/wp-json\/wp\/v2\/pages\/27263\/revisions"}],"predecessor-version":[{"id":31329,"href":"https:\/\/foodwaste.ch\/fr\/wp-json\/wp\/v2\/pages\/27263\/revisions\/31329"}],"up":[{"embeddable":true,"href":"https:\/\/foodwaste.ch\/fr\/wp-json\/wp\/v2\/pages\/27261"}],"wp:featuredmedia":[{"embeddable":true,"href":"https:\/\/foodwaste.ch\/fr\/wp-json\/wp\/v2\/media\/27394"}],"wp:attachment":[{"href":"https:\/\/foodwaste.ch\/fr\/wp-json\/wp\/v2\/media?parent=27263"}],"curies":[{"name":"wp","href":"https:\/\/api.w.org\/{rel}","templated":true}]}}