{"id":27406,"date":"2025-10-22T10:52:59","date_gmt":"2025-10-22T08:52:59","guid":{"rendered":"https:\/\/foodwaste.ch\/infos\/5-etapes-pour-reduire-le-gaspillage-alimentaire\/taille-de-portions\/"},"modified":"2025-12-02T14:40:43","modified_gmt":"2025-12-02T13:40:43","slug":"taille-de-portions","status":"publish","type":"page","link":"https:\/\/foodwaste.ch\/fr\/infos\/5-etapes-pour-reduire-le-gaspillage-alimentaire\/taille-de-portions\/","title":{"rendered":"Taille de portions"},"content":{"rendered":"<h1 id=\"title\" class=\"wp-block-heading alignwide\">Taille de portions<\/h1><div class=\"lead nobutton\"><p>Tu ne sais pas combien de p\u00e2tes cuisiner pour ton prochain repas entre amis ? D\u00e9couvre ici les portions recommand\u00e9es pour diff\u00e9rents aliments. Bien s\u00fbr, les quantit\u00e9s id\u00e9ales d\u00e9pendent de chacun : de l\u2019app\u00e9tit, du plat et de la pr\u00e9paration. Le mieux, c\u2019est d\u2019observer, d\u2019ajuster\u2026 et de noter la bonne quantit\u00e9 pour la prochaine fois !   <\/p>\n<\/div>\n<p><strong>P\u00e2tes<\/strong><br\/>100-150 g (pour les spaghettis, une poign\u00e9e de la taille d&rsquo;une pi\u00e8ce d&rsquo;un franc)<\/p>\n\n<p><strong>Riz<\/strong><br\/>environ 75 g (<sup>1<\/sup>\/<sub>4<\/sub> de tasse)<\/p>\n\n<p><strong>Viande &amp; poisson<br\/><\/strong>100-150 g<\/p>\n\n<p><strong>Pommes de terre<\/strong><br\/>150-250 g (environ 5 petites pommes de terre, un peu plus pour les r\u00f6stis, un peu moins pour les pommes de terre \u00e0 l&rsquo;eau)<\/p>\n\n<p><strong>L\u00e9gumineuses<\/strong><br\/>environ 80 g par personne (3 cuill\u00e8res \u00e0 soupe bomb\u00e9es de lentilles)<\/p>\n\n<p><strong>Fondue &amp; Raclette<br\/><\/strong>150-200 g<\/p>\n\n<p><strong>L\u00e9gumes, non pr\u00e9par\u00e9s<br\/><\/strong>150-200 g<\/p>\n\n<div style=\"height:50px\" aria-hidden=\"true\" class=\"wp-block-spacer\"><\/div>\n\n<div class=\"wp-block-buttons is-layout-flex wp-block-buttons-is-layout-flex\">\n<div class=\"wp-block-button\"><a class=\"wp-block-button__link wp-element-button\" href=\"https:\/\/foodwaste.ch\/fr\/infos\/5-etapes-pour-reduire-le-gaspillage-alimentaire\/\">Retour<\/a><\/div>\n<\/div>\n\n<div class=\"teasers layout-white custom-bg alignwide \">\n    <div class=\"wp-block-columns is-layout-flex wp-container-core-columns-is-layout-9d6595d7 wp-block-columns-is-layout-flex \">\n                    <div class=\"wp-block-column is-layout-flow wp-block-column-is-layout-flow\">\n            <h3>Cela pourrait aussi t&rsquo;int\u00e9resser<\/h3>\n            <\/div>\n                    <\/div>\n    <div class=\"post-wrapper posts \">\n                        <div class=\"post-item\">\n                    <a href=\"https:\/\/foodwaste.ch\/fr\/infos\/que-signifie-le-gaspillage-alimentaire\/\">\n                <div class=\"post-content\">\n                    <span class=\"category\">Infos<\/span><h4>Que signifie le gaspillage alimentaire ?<\/h4>                    \n                <\/div>\n                                    <figure>\n                        <img decoding=\"async\" class=\"skip_lazy\" src=\"https:\/\/foodwaste.ch\/wp-content\/uploads\/2025\/07\/beispielbild-1024x724.png\" alt=\"Que signifie le gaspillage alimentaire ?\">\n                    <\/figure>\n                                <\/a>\n                <\/div>\n                        <div class=\"post-item\">\n                    <a href=\"https:\/\/foodwaste.ch\/fr\/infos\/verifie-la-duree-de-conservation\/\">\n                <div class=\"post-content\">\n                    <span class=\"category\">Infos<\/span><h4>V\u00e9rifie la dur\u00e9e de conservation !<\/h4>                    \n                <\/div>\n                                    <figure>\n                        <img decoding=\"async\" class=\"skip_lazy\" src=\"https:\/\/foodwaste.ch\/wp-content\/uploads\/2025\/10\/check-haltbarkeit_thumbnail-1024x683.jpg\" alt=\"V\u00e9rifie la dur\u00e9e de conservation !\">\n                    <\/figure>\n                                <\/a>\n                <\/div>\n                        <div class=\"post-item\">\n                    <a href=\"https:\/\/foodwaste.ch\/fr\/infos\/videos\/\">\n                <div class=\"post-content\">\n                    <span class=\"category\">Infos<\/span><h4>Vid\u00e9os<\/h4>                    \n                <\/div>\n                                    <figure>\n                        <img decoding=\"async\" class=\"skip_lazy\" src=\"https:\/\/foodwaste.ch\/wp-content\/uploads\/2025\/10\/videos_thumbnail-1024x683.jpg\" alt=\"Vid\u00e9os\">\n                    <\/figure>\n                                <\/a>\n                <\/div>\n            <\/div>\n    <\/div>","protected":false},"excerpt":{"rendered":"<p>P\u00e2tes100-150 g (pour les spaghettis, une poign\u00e9e de la taille d&rsquo;une pi\u00e8ce d&rsquo;un franc) Rizenviron 75 g (1\/4 de tasse) Viande &amp; poisson100-150 g Pommes de terre150-250 g (environ 5 petites pommes de terre, un peu plus pour les r\u00f6stis, un peu moins pour les pommes de terre \u00e0 l&rsquo;eau) L\u00e9gumineusesenviron 80 g par personne [&hellip;]<\/p>\n","protected":false},"author":2,"featured_media":0,"parent":27202,"menu_order":0,"comment_status":"closed","ping_status":"closed","template":"","meta":{"_acf_changed":false,"inline_featured_image":false,"footnotes":""},"class_list":["post-27406","page","type-page","status-publish","hentry"],"acf":[],"_links":{"self":[{"href":"https:\/\/foodwaste.ch\/fr\/wp-json\/wp\/v2\/pages\/27406","targetHints":{"allow":["GET"]}}],"collection":[{"href":"https:\/\/foodwaste.ch\/fr\/wp-json\/wp\/v2\/pages"}],"about":[{"href":"https:\/\/foodwaste.ch\/fr\/wp-json\/wp\/v2\/types\/page"}],"author":[{"embeddable":true,"href":"https:\/\/foodwaste.ch\/fr\/wp-json\/wp\/v2\/users\/2"}],"replies":[{"embeddable":true,"href":"https:\/\/foodwaste.ch\/fr\/wp-json\/wp\/v2\/comments?post=27406"}],"version-history":[{"count":8,"href":"https:\/\/foodwaste.ch\/fr\/wp-json\/wp\/v2\/pages\/27406\/revisions"}],"predecessor-version":[{"id":30092,"href":"https:\/\/foodwaste.ch\/fr\/wp-json\/wp\/v2\/pages\/27406\/revisions\/30092"}],"up":[{"embeddable":true,"href":"https:\/\/foodwaste.ch\/fr\/wp-json\/wp\/v2\/pages\/27202"}],"wp:attachment":[{"href":"https:\/\/foodwaste.ch\/fr\/wp-json\/wp\/v2\/media?parent=27406"}],"curies":[{"name":"wp","href":"https:\/\/api.w.org\/{rel}","templated":true}]}}