{"id":27451,"date":"2025-09-15T16:09:05","date_gmt":"2025-09-15T14:09:05","guid":{"rendered":"https:\/\/foodwaste.ch\/offre\/offre-pour-le-commerce-de-detail-et-les-magasins-a-la-ferme\/inscription-pour-un-kit-de-demarrage-gratuit\/"},"modified":"2026-01-14T14:16:36","modified_gmt":"2026-01-14T13:16:36","slug":"inscription-pour-un-kit-de-demarrage-gratuit","status":"publish","type":"page","link":"https:\/\/foodwaste.ch\/fr\/offre\/offre-pour-le-commerce-de-detail-et-les-magasins-a-la-ferme\/inscription-pour-un-kit-de-demarrage-gratuit\/","title":{"rendered":"Inscription pour un kit de d\u00e9marrage gratuit"},"content":{"rendered":"<h1 id=\"title\" class=\"wp-block-heading alignwide\">Demander un kit de d\u00e9marrage gratuit<\/h1><div class=\"lead nobutton\"><p>Le kit de d\u00e9marrage gratuit vous aide \u00e0 vendre des aliments \u00e0 dur\u00e9e de conservation prolong\u00e9e. Il contient des \u00e9tiquettes pour les denr\u00e9es alimentaires, des informations pour la mise en \u0153uvre et des d\u00e9pliants pour les clients d\u2019une valeur totale de CHF 200. <\/p>\n<\/div>\n<p>Les mat\u00e9riaux sous forme digitale sont disponibles dans la <a href=\"https:\/\/foodwaste.ch\/fr\/offre\/offre-pour-le-commerce-de-detail-et-les-magasins-a-la-ferme\/informations-et-boite-a-outils-pour-le-commerce-de-detail\/\">bo\u00eete \u00e0 outils num\u00e9rique<\/a>.<\/p>\n\n<p>La vente de denr\u00e9es alimentaires \u00e0 dur\u00e9e de conservation prolong\u00e9e est autoris\u00e9e. Le mat\u00e9riel et les contenus sont connus de l\u2019Association des chimistes cantonaux de Suisse et ont \u00e9t\u00e9 d\u00e9velopp\u00e9s en collaboration avec la ZHAW sur mandat de l\u2019Office f\u00e9d\u00e9ral de la s\u00e9curit\u00e9 alimentaire et des affaires v\u00e9t\u00e9rinaires (OSAV). <\/p>\n\n<p>Les produits r\u00e9\u00e9tiquet\u00e9s ne doivent pas induire les consommatrices et consommateurs en erreur lors de l\u2019achat. Les produits dont la date limite de consommation est d\u00e9pass\u00e9e doivent donc \u00eatre identifiables comme tels. <\/p>\n\n<p>Nous vous soutenons en cas de probl\u00e8mes et de questions concernant l\u2019application des guides.<\/p>\n<div class=\"frm_forms \" id=\"frm_form_2_container\" data-token=\"b35060c5d4888518d734031910457251\">\n<form enctype=\"multipart\/form-data\" method=\"post\" class=\"frm-show-form  frm_js_validate  frm_pro_form \" id=\"form_starter-set\" data-token=\"b35060c5d4888518d734031910457251\">\n<div class=\"frm_form_fields \">\n<fieldset>\n<legend class=\"frm_screen_reader\">Kit de d\u00e9marrage<\/legend>\r\n\r\n<div class=\"frm_fields_container\">\n<input type=\"hidden\" name=\"frm_action\" value=\"create\" \/>\n<input type=\"hidden\" name=\"form_id\" value=\"2\" \/>\n<input type=\"hidden\" name=\"frm_hide_fields_2\" id=\"frm_hide_fields_2\" value=\"\" \/>\n<input type=\"hidden\" name=\"form_key\" value=\"starter-set\" \/>\n<input type=\"hidden\" name=\"item_meta[0]\" value=\"\" \/>\n<input type=\"hidden\" id=\"frm_submit_entry_2\" name=\"frm_submit_entry_2\" value=\"ce4b461203\" \/><input type=\"hidden\" name=\"_wp_http_referer\" value=\"\/fr\/wp-json\/wp\/v2\/pages\/27451\" \/><div id=\"frm_field_272_container\" class=\"frm_form_field  body-small frm_html_container form-field\">\n<p>* Veuillez remplir tous les champs marqu\u00e9s d'un ast\u00e9risque.<\/p>\n<\/p><\/div>\n<div id=\"frm_field_7_container\" class=\"frm_form_field form-field  frm_required_field frm_top_container\">\r\n\t<label for=\"field_firstname2\" id=\"field_firstname2_label\" class=\"frm_primary_label\">Pr\u00e9nom\r\n\t\t<span class=\"frm_required\" aria-hidden=\"true\">*<\/span>\r\n\t<\/label>\r\n\t<input  type=\"text\" id=\"field_firstname2\" name=\"item_meta[7]\" value=\"\"  autocomplete=\"given-name\"  data-reqmsg=\"Ce champ ne doit pas \u00eatre vide.\" aria-required=\"true\" data-invmsg=\"Le champ n&#039;est pas valide\" aria-invalid=\"false\"   \/>\r\n\t\r\n\t\r\n<\/div>\n<div id=\"frm_field_8_container\" class=\"frm_form_field form-field  frm_required_field frm_top_container\">\r\n\t<label for=\"field_lastname2\" id=\"field_lastname2_label\" class=\"frm_primary_label\">Nom\r\n\t\t<span class=\"frm_required\" aria-hidden=\"true\">*<\/span>\r\n\t<\/label>\r\n\t<input  type=\"text\" id=\"field_lastname2\" name=\"item_meta[8]\" value=\"\"  autocomplete=\"family-name\"  data-reqmsg=\"Ce champ ne doit pas \u00eatre vide.\" aria-required=\"true\" data-invmsg=\"Le champ n&#039;est pas valide\" aria-invalid=\"false\"   \/>\r\n\t\r\n\t\r\n<\/div>\n<div id=\"frm_field_9_container\" class=\"frm_form_field form-field  frm_required_field frm_top_container\">\r\n\t<label for=\"field_yg0zn\" id=\"field_yg0zn_label\" class=\"frm_primary_label\">Nom du magasin\r\n\t\t<span class=\"frm_required\" aria-hidden=\"true\">*<\/span>\r\n\t<\/label>\r\n\t<input  type=\"text\" id=\"field_yg0zn\" name=\"item_meta[9]\" value=\"\"  autocomplete=\"organization\"  data-reqmsg=\"Ce champ ne doit pas \u00eatre vide.\" aria-required=\"true\" data-invmsg=\"Le champ n&#039;est pas valide\" aria-invalid=\"false\"   \/>\r\n\t\r\n\t\r\n<\/div>\n<div id=\"frm_field_10_container\" class=\"frm_form_field form-field  frm_required_field frm_top_container\">\r\n\t<label for=\"field_nc2i7\" id=\"field_nc2i7_label\" class=\"frm_primary_label\">Rue &amp; num\u00e9ro\r\n\t\t<span class=\"frm_required\" aria-hidden=\"true\">*<\/span>\r\n\t<\/label>\r\n\t<input  type=\"text\" id=\"field_nc2i7\" name=\"item_meta[10]\" value=\"\"  autocomplete=\"street-address\"  data-reqmsg=\"Ce champ ne doit pas \u00eatre vide.\" aria-required=\"true\" data-invmsg=\"Le champ n&#039;est pas valide\" aria-invalid=\"false\"   \/>\r\n\t\r\n\t\r\n<\/div>\n<div id=\"frm_field_11_container\" class=\"frm_form_field form-field  frm_required_field frm_top_container\">\r\n\t<label for=\"field_xprea\" id=\"field_xprea_label\" class=\"frm_primary_label\">NPA\r\n\t\t<span class=\"frm_required\" aria-hidden=\"true\">*<\/span>\r\n\t<\/label>\r\n\t<input  type=\"text\" id=\"field_xprea\" name=\"item_meta[11]\" value=\"\"  autocomplete=\"postal-code\"  maxlength=\"4\" data-reqmsg=\"Le champ ne peut pas \u00eatre vide.\" aria-required=\"true\" data-invmsg=\"Le champ n&#039;est pas valide\" aria-invalid=\"false\"   \/>\r\n\t\r\n\t\r\n<\/div>\n<div id=\"frm_field_13_container\" class=\"frm_form_field form-field  frm_required_field frm_top_container\">\r\n\t<label for=\"field_lmd2g\" id=\"field_lmd2g_label\" class=\"frm_primary_label\">Lieu\r\n\t\t<span class=\"frm_required\" aria-hidden=\"true\">*<\/span>\r\n\t<\/label>\r\n\t<input  type=\"text\" id=\"field_lmd2g\" name=\"item_meta[13]\" value=\"\"  data-reqmsg=\"Le champ ne peut pas \u00eatre vide.\" aria-required=\"true\" data-invmsg=\"Le champ n&#039;est pas valide\" aria-invalid=\"false\"   \/>\r\n\t\r\n\t\r\n<\/div>\n<div id=\"frm_field_267_container\" class=\"frm_form_field  frm_html_container form-field\">\n<p>Die Anzahl der kostenlosen Starter-Sets pro Kanton ist begrenzt. Keine Starter-Sets mehr verf\u00fcgbar? Bestellen Sie Ihre Etiketten <a href=\"https:\/\/foodwaste.ch\/haltbarkeit-lebensmittel\/bestellformular-detailhandel\/\">hier<\/a>.<\/p>\n<\/div>\n<div id=\"frm_field_14_container\" class=\"frm_form_field form-field  frm_required_field frm_top_container\">\r\n\t<label for=\"field_5msbo\" id=\"field_5msbo_label\" class=\"frm_primary_label\">Canton\r\n\t\t<span class=\"frm_required\" aria-hidden=\"true\">*<\/span>\r\n\t<\/label>\r\n\t\t\t<select name=\"item_meta[14]\" id=\"field_5msbo\"  data-reqmsg=\"Le champ ne peut pas \u00eatre vide.\" aria-required=\"true\" data-invmsg=\"Le champ n&#039;est pas valide\" aria-invalid=\"false\"  >\n\t\t<option  value=\"\" selected='selected'>Veuillez choisir<\/option><option  value=\"AG (kein Starter-Set mehr verf\u00fcgbar)\">AG (kits de d\u00e9marrage indisponibles)<\/option><option  value=\"AR (kein Starter-Set mehr verf\u00fcgbar)\">AR (kits de d\u00e9marrage indisponibles)<\/option><option  value=\"AI (kein Starter-Set mehr verf\u00fcgbar)\">AI (kits de d\u00e9marrage indisponibles)<\/option><option  value=\"BL (kein Starter-Set mehr verf\u00fcgbar)\">BL (kits de d\u00e9marrage indisponibles)<\/option><option  value=\"BS\">BS<\/option><option  value=\"BE (kein Starter-Set mehr verf\u00fcgbar)\">BE (kits de d\u00e9marrage indisponibles)<\/option><option  value=\"FR (kein Starter-Set mehr verf\u00fcgbar)\">FR (kits de d\u00e9marrage indisponibles)<\/option><option  value=\"GE\">GE<\/option><option  value=\"GL (kein Starter-Set mehr verf\u00fcgbar)\">GL (kits de d\u00e9marrage indisponibles)<\/option><option  value=\"GR (kein Starter-Set mehr verf\u00fcgbar)\">GR (kits de d\u00e9marrage indisponibles)<\/option><option  value=\"JU\">JU<\/option><option  value=\"LU (kein Starter-Set mehr verf\u00fcgbar)\">LU (kits de d\u00e9marrage indisponibles)<\/option><option  value=\"NE (kein Starter-Set mehr verf\u00fcgbar)\">NE (kits de d\u00e9marrage indisponibles)<\/option><option  value=\"NW (kein Starter-Set mehr verf\u00fcgbar)\">NW (kits de d\u00e9marrage indisponibles)<\/option><option  value=\"OW (kein Starter-Set mehr verf\u00fcgbar)\">OW (kits de d\u00e9marrage indisponibles)<\/option><option  value=\"SG\">SG<\/option><option  value=\"SH (kein Starter-Set mehr verf\u00fcgbar)\">SH (kits de d\u00e9marrage indisponibles)<\/option><option  value=\"SZ\">SZ<\/option><option  value=\"SO\">SO<\/option><option  value=\"TG (kein Starter-Set mehr verf\u00fcgbar)\">TG (kits de d\u00e9marrage indisponibles)<\/option><option  value=\"TI (kein Starter-Set mehr verf\u00fcgbar)\">TI (kits de d\u00e9marrage indisponibles)<\/option><option  value=\"UR\">UR<\/option><option  value=\"VD (kein Starter-Set mehr verf\u00fcgbar)\">VD (kits de d\u00e9marrage indisponibles)<\/option><option  value=\"VS (kein Starter-Set mehr verf\u00fcgbar)\">VS (kits de d\u00e9marrage indisponibles)<\/option><option  value=\"ZG\">ZG<\/option><option  value=\"ZH (kein Starter-Set mehr verf\u00fcgbar)\">ZH (kits de d\u00e9marrage indisponibles)<\/option><option  value=\"LI (kein Starter-Set mehr verf\u00fcgbar)\">LI (kits de d\u00e9marrage indisponibles)<\/option>\t<\/select>\n\t\r\n\t\r\n\t\r\n<\/div>\n<div id=\"frm_field_19_container\" class=\"frm_form_field form-field  frm_required_field frm_top_container\">\r\n\t<label for=\"field_lang2\" id=\"field_lang2_label\" class=\"frm_primary_label\">Langue\r\n\t\t<span class=\"frm_required\" aria-hidden=\"true\">*<\/span>\r\n\t<\/label>\r\n\t\t\t<select name=\"item_meta[19]\" id=\"field_lang2\"  data-reqmsg=\"Le champ ne peut pas \u00eatre vide.\" aria-required=\"true\" data-invmsg=\"Le champ n&#039;est pas valide\" aria-invalid=\"false\"  >\n\t\t<option  value=\"\" selected='selected'>Veuillez choisir<\/option><option  value=\"DE\">DE<\/option><option  value=\"FR\">FR<\/option>\t<\/select>\n\t\r\n\t\r\n\t\r\n<\/div>\n<div id=\"frm_field_15_container\" class=\"frm_form_field form-field  frm_required_field frm_top_container\">\r\n\t<label for=\"field_qeqzy\" id=\"field_qeqzy_label\" class=\"frm_primary_label\">T\u00e9l\u00e9phone\r\n\t\t<span class=\"frm_required\" aria-hidden=\"true\">*<\/span>\r\n\t<\/label>\r\n\t<input type=\"tel\" id=\"field_qeqzy\" name=\"item_meta[15]\" value=\"\"  data-frmmask=\"000 000 00 00\" maxlength=\"13\" placeholder=\"012 345 67 89\" data-reqmsg=\"Le champ ne peut pas \u00eatre vide.\" aria-required=\"true\" data-invmsg=\"Le champ n&#039;est pas valide\" aria-invalid=\"false\" pattern=\"\\d\\d\\d \\d\\d\\d \\d\\d \\d\\d$\"  \/>\r\n\t\r\n\t\r\n<\/div>\n<div id=\"frm_field_16_container\" class=\"frm_form_field form-field  frm_required_field frm_top_container\">\r\n\t<label for=\"field_email2\" id=\"field_email2_label\" class=\"frm_primary_label\">E-Mail\r\n\t\t<span class=\"frm_required\" aria-hidden=\"true\">*<\/span>\r\n\t<\/label>\r\n\t<input type=\"email\" id=\"field_email2\" name=\"item_meta[16]\" value=\"\"  autocomplete=\"email\"  data-reqmsg=\"Le champ ne peut pas \u00eatre vide.\" aria-required=\"true\" data-invmsg=\"Le champ n&#039;est pas valide\" aria-invalid=\"false\"  \/>\r\n\t\r\n\t\r\n<\/div>\n<div id=\"frm_field_17_container\" class=\"frm_form_field form-field  frm_top_container\">\r\n\t<label for=\"field_ay89b\" id=\"field_ay89b_label\" class=\"frm_primary_label\">URL du site web\r\n\t\t<span class=\"frm_required\" aria-hidden=\"true\"><\/span>\r\n\t<\/label>\r\n\t<input type=\"url\" id=\"field_ay89b\" name=\"item_meta[17]\" value=\"\"  data-invmsg=\"Le champ n&#039;est pas valide\" aria-invalid=\"false\"  \/>\r\n\t\r\n\t\r\n<\/div>\n<div id=\"frm_field_18_container\" class=\"frm_form_field form-field  frm_required_field frm_top_container\">\r\n\t<label for=\"field_6zodx\" id=\"field_6zodx_label\" class=\"frm_primary_label\">Association fa\u00eeti\u00e8re\r\n\t\t<span class=\"frm_required\" aria-hidden=\"true\">*<\/span>\r\n\t<\/label>\r\n\t\t\t<select name=\"item_meta[18]\" id=\"field_6zodx\"  data-reqmsg=\"Le champ ne peut pas \u00eatre vide.\" aria-required=\"true\" data-invmsg=\"Le champ n&#039;est pas valide\" aria-invalid=\"false\"  >\n\t\t<option  value=\"\" selected='selected'>Veuillez choisir<\/option><option  value=\"Schweizer Fleisch-Fachverband SFF\">Union Professionnelle Suisse de la Viande (UPSV)<\/option><option  value=\"Drogistenverband\">Association suisse des droguistes<\/option><option  value=\"Swiss Drink\">Swiss Drink<\/option><option  value=\"Schweizer Bauernverband SBV\">Union suisse des paysans (USP)<\/option><option  value=\"Swissbaker SBC\">Association suisse des patrons boulangers-confiseurs (BCS)<\/option><option  value=\"Veledes\">Veledes<\/option><option  value=\"Bio-Suisse\">Bio-Suisse<\/option><option  value=\"Fromarte\">Fromarte<\/option><option  value=\"Swiss Retail Federation\">Swiss Retail Federation<\/option><option  value=\"Andere\">Autre<\/option><option  value=\"Kein Verband\">Aucune<\/option>\t<\/select>\n\t\r\n\t\r\n\t\r\n<\/div>\n<div id=\"frm_field_20_container\" class=\"frm_form_field form-field  frm_top_container\">\r\n\t<label for=\"field_k567c\" id=\"field_k567c_label\" class=\"frm_primary_label\">Remarques\r\n\t\t<span class=\"frm_required\" aria-hidden=\"true\"><\/span>\r\n\t<\/label>\r\n\t<textarea name=\"item_meta[20]\" id=\"field_k567c\" rows=\"5\"  placeholder=\"Nom de l\u2019association fa\u00eeti\u00e8re si \u00ab Autre \u00bb a \u00e9t\u00e9 s\u00e9lectionn\u00e9 pr\u00e9c\u00e9demment\" data-invmsg=\"Le champ n&#039;est pas valide\" aria-invalid=\"false\"  ><\/textarea>\r\n\t\r\n\t\r\n<\/div>\n<div id=\"frm_field_21_container\" class=\"frm_form_field form-field  frm_required_field frm_top_container\">\r\n\t<label for=\"field_vllcq\" id=\"field_vllcq_label\" class=\"frm_primary_label\">Avec ou sans vente de viande fra\u00eeche pr\u00e9emball\u00e9e\r\n\t\t<span class=\"frm_required\" aria-hidden=\"true\">*<\/span>\r\n\t<\/label>\r\n\t\t\t<select name=\"item_meta[21]\" id=\"field_vllcq\"  data-reqmsg=\"Le champ ne peut pas \u00eatre vide.\" aria-required=\"true\" data-invmsg=\"Le champ n&#039;est pas valide\" aria-invalid=\"false\"  >\n\t\t<option  value=\"\" selected='selected'>Veuillez choisir<\/option><option  value=\"mit abgepacktem Frischfleisch\">Avec viande fra\u00eeche pr\u00e9emball\u00e9<\/option><option  value=\"ohne abgepacktes Frischfleisch\">Sans viande fra\u00eeche pr\u00e9emball\u00e9e<\/option><option  value=\"Getr\u00e4nkehandel\">Commerce de boissons<\/option>\t<\/select>\n\t\r\n\t\r\n\t\r\n<\/div>\n<div id=\"frm_field_268_container\" class=\"frm_form_field form-field  frm_top_container vertical_radio\">\r\n\t<div  id=\"field_opt-in2_label\" class=\"frm_primary_label\">E-mails d\u2019information\r\n\t\t<span class=\"frm_required\" aria-hidden=\"true\"><\/span>\r\n\t<\/div>\r\n\t<div class=\"frm_opt_container\" aria-labelledby=\"field_opt-in2_label\" role=\"group\">\t\t<div class=\"frm_checkbox\" id=\"frm_checkbox_268-0\">\t\t\t<label  for=\"field_opt-in2-0\">\n\t\t\t<input type=\"checkbox\" name=\"item_meta[268][]\" id=\"field_opt-in2-0\" value=\"Ich bin einverstanden, dass foodwaste.ch mich \u00fcber den verl\u00e4ngerten Verkauf informiert (2-3 Infomails pro Jahr).\"  data-invmsg=\"Le champ n&#039;est pas valide\"   \/> J\u2019accepte que foodwaste.ch m\u2019informe sur la vente prolong\u00e9e (2 \u00e0 3 e-mails d\u2019information par an).<\/label><\/div>\n<\/div>\r\n\t\r\n\t\r\n<\/div>\n<div id=\"frm_field_22_container\" class=\"frm_form_field form-field  frm_top_container frm12 frm_first\">\r\n\t<label for=\"field_uo4og\" id=\"field_uo4og_label\" class=\"frm_primary_label\">\r\n\t\t<span class=\"frm_required\" aria-hidden=\"true\"><\/span>\r\n\t<\/label>\r\n\t<div id=\"qcaptcha\" class=\"qcaptcha-loading\"><\/div>\r\n\t\r\n\t\r\n<\/div>\n<div id=\"frm_field_6_container\" class=\"frm_form_field form-field  frm12 frm_first\">\r\n\t<div class=\"frm_submit frm_flex\">\r\n<button class=\"frm_button_submit frm_final_submit\" type=\"submit\"   formnovalidate=\"formnovalidate\">Envoyer<\/button>\r\n\r\n\r\n\r\n<\/div>\r\n<\/div>\n\t<input type=\"hidden\" name=\"item_key\" value=\"\" \/>\n\t\t\t<div id=\"frm_field_375_container\">\n\t\t\t<label for=\"field_klmeq\" >\n\t\t\t\tSi vous \u00eates un humain, ne remplissez pas ce champ.\t\t\t<\/label>\n\t\t\t<input  id=\"field_klmeq\" type=\"text\" class=\"frm_form_field form-field frm_verify\" name=\"item_meta[375]\" value=\"\"  \/>\n\t\t<\/div>\n\t\t<input name=\"frm_state\" type=\"hidden\" value=\"Kmi9agkE9K1tWgdmtYmWnVjmWJAUy9y2nWtG4jJdkLeIxs3TCFC6opDjFFHX3C3s\" \/><\/div>\n<\/fieldset>\n<\/div>\n\n<\/form>\n<\/div>\n\n\n<div class=\"teasers layout-white custom-bg alignwide \">\n    <div class=\"wp-block-columns is-layout-flex wp-container-core-columns-is-layout-9d6595d7 wp-block-columns-is-layout-flex \">\n                    <div class=\"wp-block-column is-layout-flow wp-block-column-is-layout-flow\">\n            <h3>Cela pourrait aussi vous int\u00e9resser<\/h3>\n            <\/div>\n                    <\/div>\n    <div class=\"post-wrapper posts \">\n                        <div class=\"post-item\">\n                    <a href=\"https:\/\/foodwaste.ch\/fr\/offre\/offre-pour-le-commerce-de-detail-et-les-magasins-a-la-ferme\/\">\n                <div class=\"post-content\">\n                    <span class=\"category\">Offre<\/span><h4>Offre pour le commerce de d\u00e9tail et les magasins \u00e0 la ferme<\/h4>                    \n                <\/div>\n                                    <figure>\n                        <img decoding=\"async\" class=\"skip_lazy\" src=\"https:\/\/foodwaste.ch\/wp-content\/uploads\/2025\/11\/mhdplus_detailhandel_thumbnail_FR-1.jpg\" alt=\"Offre pour le commerce de d\u00e9tail et les magasins \u00e0 la ferme\">\n                    <\/figure>\n                                <\/a>\n                <\/div>\n                        <div class=\"post-item\">\n                    <a href=\"https:\/\/foodwaste.ch\/fr\/offre\/offre-pour-le-commerce-de-detail-et-les-magasins-a-la-ferme\/informations-et-boite-a-outils-pour-le-commerce-de-detail\/\">\n                <div class=\"post-content\">\n                    <span class=\"category\">Offre pour le commerce de d\u00e9tail et les magasins \u00e0 la ferme<\/span><h4>Informations et bo\u00eete \u00e0 outils pour le commerce de d\u00e9tail<\/h4>                    \n                <\/div>\n                                    <figure>\n                        <img decoding=\"async\" class=\"skip_lazy\" src=\"https:\/\/foodwaste.ch\/wp-content\/uploads\/2025\/10\/detailhandel_infos-toolbox-1024x683.jpg\" alt=\"Informations et bo\u00eete \u00e0 outils pour le commerce de d\u00e9tail\">\n                    <\/figure>\n                                <\/a>\n                <\/div>\n                        <div class=\"post-item\">\n                    <a href=\"https:\/\/foodwaste.ch\/fr\/offre\/offre-pour-le-commerce-de-detail-et-les-magasins-a-la-ferme\/commande-detiquettes\/\">\n                <div class=\"post-content\">\n                    <span class=\"category\">Offre pour le commerce de d\u00e9tail et les magasins \u00e0 la ferme<\/span><h4>Commande d\u2019\u00e9tiquettes et de flyers<\/h4>                    \n                <\/div>\n                                    <figure>\n                        <img decoding=\"async\" class=\"skip_lazy\" src=\"https:\/\/foodwaste.ch\/wp-content\/uploads\/2025\/09\/detailhandel_etiketten-768x1024.jpg\" alt=\"Commande d\u2019\u00e9tiquettes et de flyers\">\n                    <\/figure>\n                                <\/a>\n                <\/div>\n            <\/div>\n    <\/div>","protected":false},"excerpt":{"rendered":"<p>Les mat\u00e9riaux sous forme digitale sont disponibles dans la bo\u00eete \u00e0 outils num\u00e9rique. La vente de denr\u00e9es alimentaires \u00e0 dur\u00e9e de conservation prolong\u00e9e est autoris\u00e9e. Le mat\u00e9riel et les contenus sont connus de l\u2019Association des chimistes cantonaux de Suisse et ont \u00e9t\u00e9 d\u00e9velopp\u00e9s en collaboration avec la ZHAW sur mandat de l\u2019Office f\u00e9d\u00e9ral de la [&hellip;]<\/p>\n","protected":false},"author":2,"featured_media":25975,"parent":27432,"menu_order":0,"comment_status":"closed","ping_status":"closed","template":"","meta":{"_acf_changed":false,"inline_featured_image":false,"footnotes":""},"class_list":["post-27451","page","type-page","status-publish","has-post-thumbnail","hentry"],"acf":[],"_links":{"self":[{"href":"https:\/\/foodwaste.ch\/fr\/wp-json\/wp\/v2\/pages\/27451","targetHints":{"allow":["GET"]}}],"collection":[{"href":"https:\/\/foodwaste.ch\/fr\/wp-json\/wp\/v2\/pages"}],"about":[{"href":"https:\/\/foodwaste.ch\/fr\/wp-json\/wp\/v2\/types\/page"}],"author":[{"embeddable":true,"href":"https:\/\/foodwaste.ch\/fr\/wp-json\/wp\/v2\/users\/2"}],"replies":[{"embeddable":true,"href":"https:\/\/foodwaste.ch\/fr\/wp-json\/wp\/v2\/comments?post=27451"}],"version-history":[{"count":8,"href":"https:\/\/foodwaste.ch\/fr\/wp-json\/wp\/v2\/pages\/27451\/revisions"}],"predecessor-version":[{"id":30589,"href":"https:\/\/foodwaste.ch\/fr\/wp-json\/wp\/v2\/pages\/27451\/revisions\/30589"}],"up":[{"embeddable":true,"href":"https:\/\/foodwaste.ch\/fr\/wp-json\/wp\/v2\/pages\/27432"}],"wp:featuredmedia":[{"embeddable":true,"href":"https:\/\/foodwaste.ch\/fr\/wp-json\/wp\/v2\/media\/25975"}],"wp:attachment":[{"href":"https:\/\/foodwaste.ch\/fr\/wp-json\/wp\/v2\/media?parent=27451"}],"curies":[{"name":"wp","href":"https:\/\/api.w.org\/{rel}","templated":true}]}}