{"id":27455,"date":"2025-09-16T08:15:28","date_gmt":"2025-09-16T06:15:28","guid":{"rendered":"https:\/\/foodwaste.ch\/offre\/webinaires-sur-la-prolongation-de-la-duree-de-conservation-des-aliments\/"},"modified":"2026-03-16T11:37:02","modified_gmt":"2026-03-16T10:37:02","slug":"webinaires-sur-la-prolongation-de-la-duree-de-conservation-des-aliments","status":"publish","type":"page","link":"https:\/\/foodwaste.ch\/fr\/offre\/webinaires-sur-la-prolongation-de-la-duree-de-conservation-des-aliments\/","title":{"rendered":"Webinaires sur la prolongation de la dur\u00e9e de conservation des aliments"},"content":{"rendered":"<h1 id=\"title\" class=\"wp-block-heading alignwide\">Webinaires sur la prolongation de la dur\u00e9e de conservation<\/h1><div class=\"lead nobutton\"><p>Vendre des aliments\/boissons apr\u00e8s la date de durabilit\u00e9 minimale ? C\u2019est possible ! Ce webinaire gratuit s&rsquo;adresse aux commerces de d\u00e9tail, aux magasins \u00e0 la ferme, aux commerces de boissons, aux boucheries, aux boulangeries, aux drogueries, aux fromageries, aux magasins de village et aux autres magasins qui proposent des produits alimentaires.<\/p>\n<\/div>\n<p>Environ 1000 commerces de d\u00e9tail et grands distributeurs ont d\u00e9j\u00e0 introduit la vente prolong\u00e9e (DDM+). La Conf\u00e9d\u00e9ration et les cantons soutiennent l\u2019offre de foodwaste.ch. \u00cates-vous int\u00e9ress\u00e9-es par cette vente prolong\u00e9e ?  <\/p>\n\n<p>L\u2019\u00e9change se d\u00e9roulera en ligne (le lien Zoom est communiqu\u00e9 lors de l\u2019inscription) et durera 45 minutes.<\/p>\n\n<h3 class=\"wp-block-heading\">Programme du webinaire<\/h3>\n\n<ul class=\"wp-block-list\">\n<li>Exemples pratiques de mise en oeuvre<\/li>\n\n\n\n<li>R\u00e9duction de prix<\/li>\n\n\n\n<li>Acceptation par la client\u00e8le<\/li>\n\n\n\n<li>D\u00e9fis<\/li>\n<\/ul>\n\n<h3 class=\"wp-block-heading\">Quand<\/h3>\n\n<p>Les dates sont en cours de planification. Si cette formation vous int\u00e9resse, inscrivez-vous sans engagement pour \u00eatre inform\u00e9 de la prochaine session. <\/p>\n\n<h2 class=\"wp-block-heading\">Inscription<\/h2>\n<div class=\"frm_forms \" id=\"frm_form_4_container\" data-token=\"b35060c5d4888518d734031910457251\">\n<form enctype=\"multipart\/form-data\" method=\"post\" class=\"frm-show-form  frm_js_validate  frm_pro_form \" id=\"form_webinar\" data-token=\"b35060c5d4888518d734031910457251\">\n<div class=\"frm_form_fields \">\n<fieldset>\n<legend class=\"frm_screen_reader\">Kit de d\u00e9marrage<\/legend>\r\n\r\n<div class=\"frm_fields_container\">\n<input type=\"hidden\" name=\"frm_action\" value=\"create\" \/>\n<input type=\"hidden\" name=\"form_id\" value=\"4\" \/>\n<input type=\"hidden\" name=\"frm_hide_fields_4\" id=\"frm_hide_fields_4\" value=\"\" \/>\n<input type=\"hidden\" name=\"form_key\" value=\"webinar\" \/>\n<input type=\"hidden\" name=\"item_meta[0]\" value=\"\" \/>\n<input type=\"hidden\" id=\"frm_submit_entry_4\" name=\"frm_submit_entry_4\" value=\"10437aa09d\" \/><input type=\"hidden\" name=\"_wp_http_referer\" value=\"\/fr\/wp-json\/wp\/v2\/pages\/27455\" \/><div id=\"frm_field_274_container\" class=\"frm_form_field  body-small frm_html_container form-field\">\n<p>* Veuillez remplir tous les champs marqu\u00e9s d'un ast\u00e9risque.<\/p>\n<\/p><\/div>\n<div id=\"frm_field_183_container\" class=\"frm_form_field frm_section_heading form-field  frm_hide_section\">\r\n<h3 class=\"frm_pos_none frm_section_spacing\">Donn\u00e9es d'inscription<\/h3>\r\n\r\n\r\n<div id=\"frm_field_179_container\" class=\"frm_form_field form-field  frm_required_field frm_top_container\">\r\n\t<label for=\"field_vhwe1\" id=\"field_vhwe1_label\" class=\"frm_primary_label\">Date du webinaire\r\n\t\t<span class=\"frm_required\" aria-hidden=\"true\">*<\/span>\r\n\t<\/label>\r\n\t\t\t<select name=\"item_meta[179]\" id=\"field_vhwe1\"  data-sectionid=\"183\"  data-reqmsg=\"Ce champ ne doit pas \u00eatre vide.\" aria-required=\"true\" data-invmsg=\"Le champ n&#039;est pas valide\" aria-invalid=\"false\"  >\n\t\t<option  value=\"\" selected='selected'>Veuillez choisir<\/option><option  value=\"Ich bin grunds\u00e4tzlich interessiert.\">Cela m&#039;int\u00e9resse en principe.<\/option>\t<\/select>\n\t\r\n\t\r\n\t\r\n<\/div>\n<div id=\"frm_field_159_container\" class=\"frm_form_field form-field  frm_required_field frm_top_container\">\r\n\t<label for=\"field_firstname4\" id=\"field_firstname4_label\" class=\"frm_primary_label\">Pr\u00e9nom\r\n\t\t<span class=\"frm_required\" aria-hidden=\"true\">*<\/span>\r\n\t<\/label>\r\n\t<input  type=\"text\" id=\"field_firstname4\" name=\"item_meta[159]\" value=\"\"  data-sectionid=\"183\"  autocomplete=\"given-name\"  data-reqmsg=\"Ce champ ne doit pas \u00eatre vide.\" aria-required=\"true\" data-invmsg=\"Le champ n&#039;est pas valide\" aria-invalid=\"false\"   \/>\r\n\t\r\n\t\r\n<\/div>\n<div id=\"frm_field_160_container\" class=\"frm_form_field form-field  frm_required_field frm_top_container\">\r\n\t<label for=\"field_lastname4\" id=\"field_lastname4_label\" class=\"frm_primary_label\">Nom\r\n\t\t<span class=\"frm_required\" aria-hidden=\"true\">*<\/span>\r\n\t<\/label>\r\n\t<input  type=\"text\" id=\"field_lastname4\" name=\"item_meta[160]\" value=\"\"  data-sectionid=\"183\"  autocomplete=\"family-name\"  data-reqmsg=\"Ce champ ne doit pas \u00eatre vide.\" aria-required=\"true\" data-invmsg=\"Le champ n&#039;est pas valide\" aria-invalid=\"false\"   \/>\r\n\t\r\n\t\r\n<\/div>\n<div id=\"frm_field_161_container\" class=\"frm_form_field form-field  frm_required_field frm_top_container\">\r\n\t<label for=\"field_yg0zn3\" id=\"field_yg0zn3_label\" class=\"frm_primary_label\">Nom du magasin\r\n\t\t<span class=\"frm_required\" aria-hidden=\"true\">*<\/span>\r\n\t<\/label>\r\n\t<input  type=\"text\" id=\"field_yg0zn3\" name=\"item_meta[161]\" value=\"\"  data-sectionid=\"183\"  autocomplete=\"organization\"  data-reqmsg=\"Ce champ ne doit pas \u00eatre vide.\" aria-required=\"true\" data-invmsg=\"Le champ n&#039;est pas valide\" aria-invalid=\"false\"   \/>\r\n\t\r\n\t\r\n<\/div>\n<div id=\"frm_field_162_container\" class=\"frm_form_field form-field  frm_required_field frm_top_container\">\r\n\t<label for=\"field_nc2i73\" id=\"field_nc2i73_label\" class=\"frm_primary_label\">Rue &amp; num\u00e9ro\r\n\t\t<span class=\"frm_required\" aria-hidden=\"true\">*<\/span>\r\n\t<\/label>\r\n\t<input  type=\"text\" id=\"field_nc2i73\" name=\"item_meta[162]\" value=\"\"  data-sectionid=\"183\"  autocomplete=\"street-address\"  data-reqmsg=\"Ce champ ne doit pas \u00eatre vide.\" aria-required=\"true\" data-invmsg=\"Le champ n&#039;est pas valide\" aria-invalid=\"false\"   \/>\r\n\t\r\n\t\r\n<\/div>\n<div id=\"frm_field_163_container\" class=\"frm_form_field form-field  frm_required_field frm_top_container\">\r\n\t<label for=\"field_xprea3\" id=\"field_xprea3_label\" class=\"frm_primary_label\">NPA\r\n\t\t<span class=\"frm_required\" aria-hidden=\"true\">*<\/span>\r\n\t<\/label>\r\n\t<input  type=\"text\" id=\"field_xprea3\" name=\"item_meta[163]\" value=\"\"  data-sectionid=\"183\"  autocomplete=\"postal-code\"  maxlength=\"4\" data-reqmsg=\"Ce champ ne doit pas \u00eatre vide.\" aria-required=\"true\" data-invmsg=\"Le champ n&#039;est pas valide\" aria-invalid=\"false\"   \/>\r\n\t\r\n\t\r\n<\/div>\n<div id=\"frm_field_164_container\" class=\"frm_form_field form-field  frm_required_field frm_top_container\">\r\n\t<label for=\"field_lmd2g3\" id=\"field_lmd2g3_label\" class=\"frm_primary_label\">Lieu\r\n\t\t<span class=\"frm_required\" aria-hidden=\"true\">*<\/span>\r\n\t<\/label>\r\n\t<input  type=\"text\" id=\"field_lmd2g3\" name=\"item_meta[164]\" value=\"\"  data-sectionid=\"183\"  data-reqmsg=\"Ce champ ne doit pas \u00eatre vide.\" aria-required=\"true\" data-invmsg=\"Le champ n&#039;est pas valide\" aria-invalid=\"false\"   \/>\r\n\t\r\n\t\r\n<\/div>\n<div id=\"frm_field_165_container\" class=\"frm_form_field form-field  frm_required_field frm_top_container\">\r\n\t<label for=\"field_5msbo3\" id=\"field_5msbo3_label\" class=\"frm_primary_label\">Canton\r\n\t\t<span class=\"frm_required\" aria-hidden=\"true\">*<\/span>\r\n\t<\/label>\r\n\t\t\t<select name=\"item_meta[165]\" id=\"field_5msbo3\"  data-sectionid=\"183\"  data-reqmsg=\"Ce champ ne doit pas \u00eatre vide.\" aria-required=\"true\" data-invmsg=\"Le champ n&#039;est pas valide\" aria-invalid=\"false\"  >\n\t\t<option  value=\"\" selected='selected'>Veuillez choisir<\/option><option  value=\"CH\">CH<\/option><option  value=\"AG\">AG<\/option><option  value=\"AR\">AR<\/option><option  value=\"AI\">AI<\/option><option  value=\"BL\">BL<\/option><option  value=\"BS\">BS<\/option><option  value=\"BE\">BE<\/option><option  value=\"FR\">FR<\/option><option  value=\"GE\">GE<\/option><option  value=\"GL\">GL<\/option><option  value=\"GR\">GR<\/option><option  value=\"JU\">JU<\/option><option  value=\"LU\">LU<\/option><option  value=\"NE\">NE<\/option><option  value=\"NW\">NW<\/option><option  value=\"OW\">OW<\/option><option  value=\"SG\">SG<\/option><option  value=\"SH\">SH<\/option><option  value=\"SZ\">SZ<\/option><option  value=\"SO\">SO<\/option><option  value=\"TG\">TG<\/option><option  value=\"TI\">TI<\/option><option  value=\"UR\">UR<\/option><option  value=\"VD\">VD<\/option><option  value=\"VS\">VS<\/option><option  value=\"ZG\">ZG<\/option><option  value=\"ZH\">ZH<\/option><option  value=\"LI\">LI<\/option>\t<\/select>\n\t\r\n\t\r\n\t\r\n<\/div>\n<div id=\"frm_field_170_container\" class=\"frm_form_field form-field  frm_required_field frm_top_container\">\r\n\t<label for=\"field_lang4\" id=\"field_lang4_label\" class=\"frm_primary_label\">Langue\r\n\t\t<span class=\"frm_required\" aria-hidden=\"true\">*<\/span>\r\n\t<\/label>\r\n\t\t\t<select name=\"item_meta[170]\" id=\"field_lang4\"  data-sectionid=\"183\"  data-reqmsg=\"Ce champ ne doit pas \u00eatre vide.\" aria-required=\"true\" data-invmsg=\"Le champ n&#039;est pas valide\" aria-invalid=\"false\"  >\n\t\t<option  value=\"\" selected='selected'>Veuillez choisir<\/option><option  value=\"DE\">DE<\/option><option  value=\"FR\">FR<\/option>\t<\/select>\n\t\r\n\t\r\n\t\r\n<\/div>\n<div id=\"frm_field_166_container\" class=\"frm_form_field form-field  frm_required_field frm_top_container\">\r\n\t<label for=\"field_qeqzy3\" id=\"field_qeqzy3_label\" class=\"frm_primary_label\">T\u00e9l\u00e9phone\r\n\t\t<span class=\"frm_required\" aria-hidden=\"true\">*<\/span>\r\n\t<\/label>\r\n\t<input type=\"tel\" id=\"field_qeqzy3\" name=\"item_meta[166]\" value=\"\"  data-sectionid=\"183\"  data-frmmask=\"000 000 00 00\" maxlength=\"13\" placeholder=\"012 345 67 89\" data-reqmsg=\"Ce champ ne doit pas \u00eatre vide.\" aria-required=\"true\" data-invmsg=\"Le champ n&#039;est pas valide\" aria-invalid=\"false\" pattern=\"\\d\\d\\d \\d\\d\\d \\d\\d \\d\\d$\"  \/>\r\n\t\r\n\t\r\n<\/div>\n<div id=\"frm_field_167_container\" class=\"frm_form_field form-field  frm_required_field frm_top_container\">\r\n\t<label for=\"field_email4\" id=\"field_email4_label\" class=\"frm_primary_label\">E-Mail\r\n\t\t<span class=\"frm_required\" aria-hidden=\"true\">*<\/span>\r\n\t<\/label>\r\n\t<input type=\"email\" id=\"field_email4\" name=\"item_meta[167]\" value=\"\"  data-sectionid=\"183\"  autocomplete=\"email\"  data-reqmsg=\"Ce champ ne doit pas \u00eatre vide.\" aria-required=\"true\" data-invmsg=\"Le champ n&#039;est pas valide\" aria-invalid=\"false\"  \/>\r\n\t\r\n\t\r\n<\/div>\n<div id=\"frm_field_168_container\" class=\"frm_form_field form-field  frm_top_container\">\r\n\t<label for=\"field_ay89b3\" id=\"field_ay89b3_label\" class=\"frm_primary_label\">URL du site web\r\n\t\t<span class=\"frm_required\" aria-hidden=\"true\"><\/span>\r\n\t<\/label>\r\n\t<input type=\"url\" id=\"field_ay89b3\" name=\"item_meta[168]\" value=\"\"  data-sectionid=\"183\"  data-invmsg=\"Le champ n&#039;est pas valide\" aria-invalid=\"false\"  \/>\r\n\t\r\n\t\r\n<\/div>\n<div id=\"frm_field_169_container\" class=\"frm_form_field form-field  frm_required_field frm_top_container\">\r\n\t<label for=\"field_6zodx3\" id=\"field_6zodx3_label\" class=\"frm_primary_label\">Association fa\u00eeti\u00e8re\r\n\t\t<span class=\"frm_required\" aria-hidden=\"true\">*<\/span>\r\n\t<\/label>\r\n\t\t\t<select name=\"item_meta[169]\" id=\"field_6zodx3\"  data-sectionid=\"183\"  data-reqmsg=\"Ce champ ne doit pas \u00eatre vide.\" aria-required=\"true\" data-invmsg=\"Le champ n&#039;est pas valide\" aria-invalid=\"false\"  >\n\t\t<option  value=\"\" selected='selected'>Veuillez choisir<\/option><option  value=\"Schweizer Fleisch-Fachverband SFF\">Union Professionnelle Suisse de la Viande (UPSV)<\/option><option  value=\"Drogistenverband\">Association suisse des droguistes<\/option><option  value=\"Swiss Drink\">Swiss Drink<\/option><option  value=\"Schweizer Bauernverband SBV\">Union suisse des paysans (USP)<\/option><option  value=\"Swissbaker SBC\">Association suisse des patrons boulangers-confiseurs (BCS)<\/option><option  value=\"Veledes\">Veledes<\/option><option  value=\"Bio-Suisse\">Bio-Suisse<\/option><option  value=\"Fromarte\">Fromarte<\/option><option  value=\"Swiss Retail Federation\">Swiss Retail Federation<\/option><option  value=\"Andere\">Autre<\/option><option  value=\"Kein Verband\">Aucune<\/option>\t<\/select>\n\t\r\n\t\r\n\t\r\n<\/div>\n<div id=\"frm_field_171_container\" class=\"frm_form_field form-field  frm_top_container\">\r\n\t<label for=\"field_k567c3\" id=\"field_k567c3_label\" class=\"frm_primary_label\">Remarques\r\n\t\t<span class=\"frm_required\" aria-hidden=\"true\"><\/span>\r\n\t<\/label>\r\n\t<textarea name=\"item_meta[171]\" id=\"field_k567c3\" rows=\"5\"  data-sectionid=\"183\"  placeholder=\"Nom de l\u2019association fa\u00eeti\u00e8re si \u00ab Autre \u00bb a \u00e9t\u00e9 s\u00e9lectionn\u00e9 pr\u00e9c\u00e9demment\" data-invmsg=\"Le champ n&#039;est pas valide\" aria-invalid=\"false\"  ><\/textarea>\r\n\t\r\n\t\r\n<\/div>\n<div id=\"frm_field_306_container\" class=\"frm_form_field form-field  frm_top_container vertical_radio\">\r\n\t<div  id=\"field_opt-in4_label\" class=\"frm_primary_label\">E-mails d\u2019information\r\n\t\t<span class=\"frm_required\" aria-hidden=\"true\"><\/span>\r\n\t<\/div>\r\n\t<div class=\"frm_opt_container\" aria-labelledby=\"field_opt-in4_label\" role=\"group\">\t\t<div class=\"frm_checkbox\" id=\"frm_checkbox_306-183-0\">\t\t\t<label  for=\"field_opt-in4-0\">\n\t\t\t<input type=\"checkbox\" name=\"item_meta[306][]\" id=\"field_opt-in4-0\" value=\"Ich bin einverstanden, dass foodwaste.ch mich \u00fcber den verl\u00e4ngerten Verkauf informiert (2-3 Infomails pro Jahr).\"  data-sectionid=\"183\"  data-invmsg=\"Le champ n&#039;est pas valide\"   \/> J\u2019accepte que foodwaste.ch m\u2019informe sur la vente prolong\u00e9e (2 \u00e0 3 e-mails d\u2019information par an).<\/label><\/div>\n<\/div>\r\n\t\r\n\t\r\n<\/div>\n<div id=\"frm_field_173_container\" class=\"frm_form_field form-field  frm_top_container frm12 frm_first\">\r\n\t<label for=\"field_uo4og3\" id=\"field_uo4og3_label\" class=\"frm_primary_label\">\r\n\t\t<span class=\"frm_required\" aria-hidden=\"true\"><\/span>\r\n\t<\/label>\r\n\t<div id=\"qcaptcha\" class=\"qcaptcha-loading\"><\/div>\r\n\t\r\n\t\r\n<\/div>\n<\/div>\n<div id=\"frm_field_174_container\" class=\"frm_form_field form-field  frm12 frm_first\">\r\n\t<div class=\"frm_submit frm_flex\">\r\n<button class=\"frm_button_submit frm_final_submit\" type=\"submit\"   formnovalidate=\"formnovalidate\">Envoyer<\/button>\r\n\r\n\r\n\r\n<\/div>\r\n<\/div>\n\t<input type=\"hidden\" name=\"item_key\" value=\"\" \/>\n\t\t\t<div id=\"frm_field_375_container\">\n\t\t\t<label for=\"field_wwwa8\" >\n\t\t\t\tSi vous \u00eates un humain, ne remplissez pas ce champ.\t\t\t<\/label>\n\t\t\t<input  id=\"field_wwwa8\" type=\"text\" class=\"frm_form_field form-field frm_verify\" name=\"item_meta[375]\" value=\"\"  \/>\n\t\t<\/div>\n\t\t<input name=\"frm_state\" type=\"hidden\" value=\"Kmi9agkE9K1tWgdmtYmWnQObz+N6mfBik+3OjxHLzGCIxs3TCFC6opDjFFHX3C3s\" \/><\/div>\n<\/fieldset>\n<\/div>\n\n<\/form>\n<\/div>\n\n\n<div class=\"teasers layout-white custom-bg alignwide \">\n    <div class=\"wp-block-columns is-layout-flex wp-container-core-columns-is-layout-9d6595d7 wp-block-columns-is-layout-flex \">\n                    <div class=\"wp-block-column is-layout-flow wp-block-column-is-layout-flow\">\n            <h3>Cela pourrait aussi vous int\u00e9resser<\/h3>\n            <\/div>\n                    <\/div>\n    <div class=\"post-wrapper posts \">\n                        <div class=\"post-item\">\n                    <a href=\"https:\/\/foodwaste.ch\/fr\/offre\/offre-pour-le-commerce-de-detail-et-les-magasins-a-la-ferme\/\">\n                <div class=\"post-content\">\n                    <span class=\"category\">Offre<\/span><h4>Offre pour le commerce de d\u00e9tail et les magasins \u00e0 la ferme<\/h4>                    \n                <\/div>\n                                    <figure>\n                        <img decoding=\"async\" class=\"skip_lazy\" src=\"https:\/\/foodwaste.ch\/wp-content\/uploads\/2025\/11\/mhdplus_detailhandel_thumbnail_FR-1.jpg\" alt=\"Offre pour le commerce de d\u00e9tail et les magasins \u00e0 la ferme\">\n                    <\/figure>\n                                <\/a>\n                <\/div>\n                        <div class=\"post-item\">\n                    <a href=\"https:\/\/foodwaste.ch\/fr\/offre\/offre-pour-le-commerce-de-detail-et-les-magasins-a-la-ferme\/informations-et-boite-a-outils-pour-le-commerce-de-detail\/\">\n                <div class=\"post-content\">\n                    <span class=\"category\">Offre pour le commerce de d\u00e9tail et les magasins \u00e0 la ferme<\/span><h4>Informations et bo\u00eete \u00e0 outils pour le commerce de d\u00e9tail<\/h4>                    \n                <\/div>\n                                    <figure>\n                        <img decoding=\"async\" class=\"skip_lazy\" src=\"https:\/\/foodwaste.ch\/wp-content\/uploads\/2025\/10\/detailhandel_infos-toolbox-1024x683.jpg\" alt=\"Informations et bo\u00eete \u00e0 outils pour le commerce de d\u00e9tail\">\n                    <\/figure>\n                                <\/a>\n                <\/div>\n                        <div class=\"post-item\">\n                    <a href=\"https:\/\/foodwaste.ch\/fr\/offre\/offre-pour-le-commerce-de-detail-et-les-magasins-a-la-ferme\/commande-detiquettes\/\">\n                <div class=\"post-content\">\n                    <span class=\"category\">Offre pour le commerce de d\u00e9tail et les magasins \u00e0 la ferme<\/span><h4>Commande d\u2019\u00e9tiquettes et de flyers<\/h4>                    \n                <\/div>\n                                    <figure>\n                        <img decoding=\"async\" class=\"skip_lazy\" src=\"https:\/\/foodwaste.ch\/wp-content\/uploads\/2025\/09\/detailhandel_etiketten-768x1024.jpg\" alt=\"Commande d\u2019\u00e9tiquettes et de flyers\">\n                    <\/figure>\n                                <\/a>\n                <\/div>\n            <\/div>\n    <\/div>","protected":false},"excerpt":{"rendered":"<p>Environ 1000 commerces de d\u00e9tail et grands distributeurs ont d\u00e9j\u00e0 introduit la vente prolong\u00e9e (DDM+). La Conf\u00e9d\u00e9ration et les cantons soutiennent l\u2019offre de foodwaste.ch. \u00cates-vous int\u00e9ress\u00e9-es par cette vente prolong\u00e9e ? L\u2019\u00e9change se d\u00e9roulera en ligne (le lien Zoom est communiqu\u00e9 lors de l\u2019inscription) et durera 45 minutes. Programme du webinaire Quand Les dates sont [&hellip;]<\/p>\n","protected":false},"author":2,"featured_media":26623,"parent":27259,"menu_order":0,"comment_status":"closed","ping_status":"closed","template":"","meta":{"_acf_changed":false,"inline_featured_image":false,"footnotes":""},"class_list":["post-27455","page","type-page","status-publish","has-post-thumbnail","hentry"],"acf":[],"_links":{"self":[{"href":"https:\/\/foodwaste.ch\/fr\/wp-json\/wp\/v2\/pages\/27455","targetHints":{"allow":["GET"]}}],"collection":[{"href":"https:\/\/foodwaste.ch\/fr\/wp-json\/wp\/v2\/pages"}],"about":[{"href":"https:\/\/foodwaste.ch\/fr\/wp-json\/wp\/v2\/types\/page"}],"author":[{"embeddable":true,"href":"https:\/\/foodwaste.ch\/fr\/wp-json\/wp\/v2\/users\/2"}],"replies":[{"embeddable":true,"href":"https:\/\/foodwaste.ch\/fr\/wp-json\/wp\/v2\/comments?post=27455"}],"version-history":[{"count":12,"href":"https:\/\/foodwaste.ch\/fr\/wp-json\/wp\/v2\/pages\/27455\/revisions"}],"predecessor-version":[{"id":31594,"href":"https:\/\/foodwaste.ch\/fr\/wp-json\/wp\/v2\/pages\/27455\/revisions\/31594"}],"up":[{"embeddable":true,"href":"https:\/\/foodwaste.ch\/fr\/wp-json\/wp\/v2\/pages\/27259"}],"wp:featuredmedia":[{"embeddable":true,"href":"https:\/\/foodwaste.ch\/fr\/wp-json\/wp\/v2\/media\/26623"}],"wp:attachment":[{"href":"https:\/\/foodwaste.ch\/fr\/wp-json\/wp\/v2\/media?parent=27455"}],"curies":[{"name":"wp","href":"https:\/\/api.w.org\/{rel}","templated":true}]}}