{"id":27474,"date":"2025-09-11T15:40:54","date_gmt":"2025-09-11T13:40:54","guid":{"rendered":"https:\/\/foodwaste.ch\/a-propos-de-nous\/presse\/"},"modified":"2026-04-08T12:07:45","modified_gmt":"2026-04-08T10:07:45","slug":"presse","status":"publish","type":"page","link":"https:\/\/foodwaste.ch\/fr\/a-propos-de-nous\/presse\/","title":{"rendered":"Presse"},"content":{"rendered":"<h1 id=\"title\" class=\"wp-block-heading alignwide\">Infos pour les m\u00e9dias<\/h1><div class=\"lead nobutton\"><p>foodwaste.ch, en tant qu\u2019organisation \u00e0 but non lucratif politiquement ind\u00e9pendante, assume une fonction charni\u00e8re entre la science et les acteurs:trices de la cha\u00eene alimentaire ainsi que la soci\u00e9t\u00e9 civile. Nous nous effor\u00e7ons de fournir des informations pertinentes, authentiques et adapt\u00e9es aux groupes cibles. <\/p>\n<\/div>\n<h2 class=\"wp-block-heading\">Contact<\/h2>\n\n<p>Nous r\u00e9agissons le plus rapidement lorsque nous recevons des questions concr\u00e8tes par e-mail \u00e0 <strong><a href=\"mailto:info@foodwaste.ch\">info@foodwaste.ch<\/a><\/strong>. Bien entendu, nous sommes \u00e9galement joignables par t\u00e9l\u00e9phone au +41 (0)31 306 17 60. Il convient de noter qu\u2019actuellement, en dehors des heures de bureau et le week-end (\u00e0 partir du vendredi midi), nous ne sommes joignables que sur pr\u00e9avis.  <\/p>\n<div class=\"accordion-blocks\">\n    <div class=\"accordion-block\">\n        <button class=\"accordion-toggle\">\n            Contacts directs        <\/button>\n        <div class=\"accordion-content\">\n            <p><strong>Karim H\u00e4chler<\/strong><br \/>\nResponsable de projets et communication en Suisse romande<br \/>\n<a href=\"mailto:kh@foodwaste.ch\">kh@foodwaste.ch<\/a><br \/>\n<a href=\"tel:+41313061766\">031 306 17 66<\/a><\/p>\n<p><strong>Michel Willen<\/strong><br \/>\nVerantwortlicher Kommunikation<br \/>\n<a href=\"mailto:mw@foodwaste.ch\">mw@foodwaste.ch<\/a><br \/>\n<a href=\"tel:+41313061762\">031 306 17 62<\/a><\/p>\n                    <\/div>\n    <\/div>\n<\/div>\n\n<h2 class=\"wp-block-heading\">T\u00e9l\u00e9chargements<\/h2>\n<div class=\"accordion-blocks\">\n    <div class=\"accordion-block\">\n        <button class=\"accordion-toggle\">\n            Communiqu\u00e9s de presse        <\/button>\n        <div class=\"accordion-content\">\n            <p><strong>21 janvier 2026<\/strong><br \/>\n<a href=\"https:\/\/foodwaste.ch\/wp-content\/uploads\/2026\/02\/260121_MM_12-millions-de-denrees-alimentaires-preservees_FR.pdf\" target=\"_blank\" rel=\"noopener\">Petits magasins, grand impact : 1,2 millions de denr\u00e9es alimentaires sauv\u00e9es du gaspillage depuis 2024<\/a><\/p>\n<p><strong>14 octobre 2025<\/strong><br \/>\n<a href=\"https:\/\/foodwaste.ch\/wp-content\/uploads\/2025\/10\/20251014_MM_Zwischenbericht_foodwaste-ch_DE.pdf\" target=\"_blank\" rel=\"noreferrer noopener\">L\u00f6sungen mit Breitenwirkung gesucht! (allemand)<\/a><\/p>\n<p><strong>13 janvier 2025<\/strong><br \/>\n<a href=\"https:\/\/foodwaste.ch\/wp-content\/uploads\/2025\/10\/250113_MM_foodwaste-ch_FR.pdf\" target=\"_blank\" rel=\"noreferrer noopener\">1 million de denr\u00e9es alimentaires pr\u00e9serv\u00e9es du gaspillage<\/a><\/p>\n                    <\/div>\n    <\/div>\n<\/div>\n<div class=\"accordion-blocks\">\n    <div class=\"accordion-block\">\n        <button class=\"accordion-toggle\">\n            Logo        <\/button>\n        <div class=\"accordion-content\">\n            <ul>\n<li><a href=\"https:\/\/foodwaste.ch\/wp-content\/uploads\/2025\/10\/logo_foodwaste-ch_de_rgb.png\" target=\"_blank\" rel=\"noreferrer noopener\">Deutsch (PNG)<\/a><\/li>\n<li><a href=\"https:\/\/foodwaste.ch\/wp-content\/uploads\/2025\/10\/logo_foodwaste-ch_fr_rgb.png\" target=\"_blank\" rel=\"noreferrer noopener\">Fran\u00e7ais (PNG)<\/a><\/li>\n<li><a href=\"https:\/\/foodwaste.ch\/wp-content\/uploads\/2025\/10\/logo_foodwaste-ch_de_rgb.png\" target=\"_blank\" rel=\"noreferrer noopener\">Italiano (PNG)<\/a><\/li>\n<\/ul>\n<p><!-- \/wp:list-item --><\/p>\n<p><!-- \/wp:list --> <!-- wp:paragraph --><\/p>\n<p>Autres formats sur demande.<\/p>\n                    <\/div>\n    <\/div>\n<\/div>\n","protected":false},"excerpt":{"rendered":"<p>Contact Nous r\u00e9agissons le plus rapidement lorsque nous recevons des questions concr\u00e8tes par e-mail \u00e0 info@foodwaste.ch. Bien entendu, nous sommes \u00e9galement joignables par t\u00e9l\u00e9phone au +41 (0)31 306 17 60. Il convient de noter qu\u2019actuellement, en dehors des heures de bureau et le week-end (\u00e0 partir du vendredi midi), nous ne sommes joignables que sur [&hellip;]<\/p>\n","protected":false},"author":2,"featured_media":27367,"parent":27267,"menu_order":0,"comment_status":"closed","ping_status":"closed","template":"","meta":{"_acf_changed":false,"inline_featured_image":false,"footnotes":""},"class_list":["post-27474","page","type-page","status-publish","has-post-thumbnail","hentry"],"acf":[],"_links":{"self":[{"href":"https:\/\/foodwaste.ch\/fr\/wp-json\/wp\/v2\/pages\/27474","targetHints":{"allow":["GET"]}}],"collection":[{"href":"https:\/\/foodwaste.ch\/fr\/wp-json\/wp\/v2\/pages"}],"about":[{"href":"https:\/\/foodwaste.ch\/fr\/wp-json\/wp\/v2\/types\/page"}],"author":[{"embeddable":true,"href":"https:\/\/foodwaste.ch\/fr\/wp-json\/wp\/v2\/users\/2"}],"replies":[{"embeddable":true,"href":"https:\/\/foodwaste.ch\/fr\/wp-json\/wp\/v2\/comments?post=27474"}],"version-history":[{"count":18,"href":"https:\/\/foodwaste.ch\/fr\/wp-json\/wp\/v2\/pages\/27474\/revisions"}],"predecessor-version":[{"id":31815,"href":"https:\/\/foodwaste.ch\/fr\/wp-json\/wp\/v2\/pages\/27474\/revisions\/31815"}],"up":[{"embeddable":true,"href":"https:\/\/foodwaste.ch\/fr\/wp-json\/wp\/v2\/pages\/27267"}],"wp:featuredmedia":[{"embeddable":true,"href":"https:\/\/foodwaste.ch\/fr\/wp-json\/wp\/v2\/media\/27367"}],"wp:attachment":[{"href":"https:\/\/foodwaste.ch\/fr\/wp-json\/wp\/v2\/media?parent=27474"}],"curies":[{"name":"wp","href":"https:\/\/api.w.org\/{rel}","templated":true}]}}