{"id":27483,"date":"2025-09-11T13:59:28","date_gmt":"2025-09-11T11:59:28","guid":{"rendered":"https:\/\/foodwaste.ch\/a-propos-de-nous\/nous-soutenir\/"},"modified":"2026-02-09T12:29:03","modified_gmt":"2026-02-09T11:29:03","slug":"nous-soutenir","status":"publish","type":"page","link":"https:\/\/foodwaste.ch\/fr\/a-propos-de-nous\/nous-soutenir\/","title":{"rendered":"Nous soutenir"},"content":{"rendered":"<h1 id=\"title\" class=\"wp-block-heading alignwide\">Faire un don ou devenir membre &#8211; par amour des aliments<\/h1>\n<h2 class=\"wp-block-heading\">Faire un don<\/h2>\n\n<p>foodwaste.ch s\u2019engage depuis plus de 10 ans en tant qu\u2019organisation priv\u00e9e d\u2019int\u00e9r\u00eat public et \u00e0 but non lucratif pour \u00e9viter le gaspillage de denr\u00e9es alimentaires. Jour apr\u00e8s jour, nous faisons un travail fondamental et important en Suisse, \u00e9tablissant des liens entre les actrices et les acteurs de toute la cha\u00eene de production de denr\u00e9es alimentaires au travers de nos projets, depuis les scientifiques jusqu\u2019aux consomma-trices, en passant par les agriculteurs-trices, l\u2019industrie transformatrice et le commerce. Dans notre r\u00f4le de point de pivot, nous contribuons de mani\u00e8re pertinente, au sein de la soci\u00e9t\u00e9 civile, \u00e0 am\u00e9liorer la sant\u00e9 de la plan\u00e8te, \u00e0 rendre le syst\u00e8me alimentaire plus \u00e9quitable et, en fin de compte aussi, \u00e0 atteindre l\u2019objectif ambitieux de r\u00e9duire de moiti\u00e9 le gaspillage en Suisse d\u2019ici 2030.  <\/p>\n\n<p>C\u2019est gr\u00e2ce \u00e0 des dons de toutes sortes que nos activit\u00e9s sont possibles. Le tien en fait partie ! Aussi petite soit-elle, toute contribution nous aide \u00e0 avancer. Merci de tout c\u0153ur !   <\/p>\n\n<div class=\"wp-block-buttons is-layout-flex wp-block-buttons-is-layout-flex\">\n<div class=\"wp-block-button\"><a class=\"wp-block-button__link wp-element-button\" href=\"https:\/\/foodwaste.payrexx.com\/fr\/pay?cid=f4affbc5&amp;donation%5Bpreselect_amount%5D=50\" target=\"_blank\" rel=\"noreferrer noopener\">Faire un don (payrexx.com)<\/a><\/div>\n<\/div>\n<div class=\"accordion-blocks\">\n    <div class=\"accordion-block\">\n        <button class=\"accordion-toggle\">\n            Legs, h\u00e9ritages, donations fun\u00e9raires        <\/button>\n        <div class=\"accordion-content\">\n            <p>Tu veux faire un geste utile au-del\u00e0 de ton existence ? Dans ce cas, consigne tes derni\u00e8res volont\u00e9s dans un <a href=\"https:\/\/app.deinadieu.ch\/testament\/step\/0\" target=\"_blank\" rel=\"noopener\">testament<\/a> et fais en sorte que foodwaste.ch soit b\u00e9n\u00e9ficiaires d\u2019<a href=\"https:\/\/www.deinadieu.ch\/fr\/exemples-davis-de-deces\/\" target=\"_blank\" rel=\"noopener noreferrer\">un don \u00e0 l\u2019occasion de tes fun\u00e9railles<\/a>. Ton geste est un engagement durable en faveur des g\u00e9n\u00e9rations futures. Tu as ainsi la certitude de continuer \u00e0 \u0153uvrer longtemps pour une cause qui te tient \u00e0 c\u0153ur et de rendre le monde un peu plus juste. Foodwaste.ch te garantit l\u2019utilisation correcte des fonds que tu lui laisses.    <\/p>\n                    <\/div>\n    <\/div>\n<\/div>\n\n<h2 class=\"wp-block-heading\">Devenir membre de l&rsquo;association<\/h2>\n\n<p>En tant que membre de foodwaste.ch, tu re\u00e7ois notre rapport annuel et tu peux donner ta voix \u00e0 l\u2019assembl\u00e9e g\u00e9n\u00e9rale. Nous t\u2019invitons \u00e9galement \u00e0 nos \u00e9v\u00e8nements, ainsi, tu as l\u2019assurance de passer \u00e0 l\u2019action dans la lutte contre le gaspillage alimentaire au quotidien !  <\/p>\n\n<p>La cotisation annuelle est de CHF 50.- pour un particulier et de CHF 500.- pour une entreprise ou une organisation.<\/p>\n\n<div class=\"wp-block-buttons is-layout-flex wp-block-buttons-is-layout-flex\">\n<div class=\"wp-block-button\"><a class=\"wp-block-button__link wp-element-button\" href=\"https:\/\/foodwaste.ch\/fr\/a-propos-de-nous\/organisation\/#verein\">Plus d&rsquo;infos sur l&rsquo;association<\/a><\/div>\n<\/div>\n<div class=\"frm_forms \" id=\"frm_form_10_container\" data-token=\"b35060c5d4888518d734031910457251\">\n<form enctype=\"multipart\/form-data\" method=\"post\" class=\"frm-show-form  frm_js_validate  frm_pro_form \" id=\"form_vereinsmitglied\" data-token=\"b35060c5d4888518d734031910457251\">\n<div class=\"frm_form_fields \">\n<fieldset>\n<legend class=\"frm_screen_reader\">Devenir membre de l\u2019association<\/legend>\r\n\r\n<div class=\"frm_fields_container\">\n<input type=\"hidden\" name=\"frm_action\" value=\"create\" \/>\n<input type=\"hidden\" name=\"form_id\" value=\"10\" \/>\n<input type=\"hidden\" name=\"frm_hide_fields_10\" id=\"frm_hide_fields_10\" value=\"\" \/>\n<input type=\"hidden\" name=\"form_key\" value=\"vereinsmitglied\" \/>\n<input type=\"hidden\" name=\"item_meta[0]\" value=\"\" \/>\n<input type=\"hidden\" id=\"frm_submit_entry_10\" name=\"frm_submit_entry_10\" value=\"10437aa09d\" \/><input type=\"hidden\" name=\"_wp_http_referer\" value=\"\/fr\/wp-json\/wp\/v2\/pages\/27483\" \/><div id=\"frm_field_273_container\" class=\"frm_form_field  body-small frm_html_container form-field\">\n<p>* Veuillez remplir tous les champs marqu\u00e9s d'un ast\u00e9risque.<\/p>\n<\/p><\/div>\n<div id=\"frm_field_248_container\" class=\"frm_form_field form-field  frm_top_container\">\r\n\t<label for=\"field_yg0zn4\" id=\"field_yg0zn4_label\" class=\"frm_primary_label\">Nom de l'organisation \/ entreprise (pour les personnes morales)\r\n\t\t<span class=\"frm_required\" aria-hidden=\"true\"><\/span>\r\n\t<\/label>\r\n\t<input  type=\"text\" id=\"field_yg0zn4\" name=\"item_meta[248]\" value=\"\"  autocomplete=\"organization\"  data-invmsg=\"Le champ n&#039;est pas valide\" aria-invalid=\"false\"   \/>\r\n\t\r\n\t\r\n<\/div>\n<div id=\"frm_field_262_container\" class=\"frm_form_field form-field  frm_required_field frm_top_container\">\r\n\t<label for=\"field_guaon\" id=\"field_guaon_label\" class=\"frm_primary_label\">Adh\u00e9sion individuelle\/collective\r\n\t\t<span class=\"frm_required\" aria-hidden=\"true\">*<\/span>\r\n\t<\/label>\r\n\t\t\t<select name=\"item_meta[262]\" id=\"field_guaon\"  data-reqmsg=\"Ce champ ne doit pas \u00eatre vide.\" aria-required=\"true\" data-invmsg=\"Le champ n&#039;est pas valide\" aria-invalid=\"false\"  >\n\t\t<option  value=\"\" selected='selected'>Veuillez choisir<\/option><option  value=\"einzelmitgliedschaft\">Adh\u00e9sion individuelle<\/option><option  value=\"kollektivmitgliedschaft\">Adh\u00e9sion collective<\/option>\t<\/select>\n\t\r\n\t\r\n\t\r\n<\/div>\n<div id=\"frm_field_246_container\" class=\"frm_form_field form-field  frm_required_field frm_top_container\">\r\n\t<label for=\"field_firstname10\" id=\"field_firstname10_label\" class=\"frm_primary_label\">Pr\u00e9nom\r\n\t\t<span class=\"frm_required\" aria-hidden=\"true\">*<\/span>\r\n\t<\/label>\r\n\t<input  type=\"text\" id=\"field_firstname10\" name=\"item_meta[246]\" value=\"\"  autocomplete=\"given-name\"  data-reqmsg=\"Ce champ ne doit pas \u00eatre vide.\" aria-required=\"true\" data-invmsg=\"Le champ n&#039;est pas valide\" aria-invalid=\"false\"   \/>\r\n\t\r\n\t\r\n<\/div>\n<div id=\"frm_field_247_container\" class=\"frm_form_field form-field  frm_required_field frm_top_container\">\r\n\t<label for=\"field_lastname10\" id=\"field_lastname10_label\" class=\"frm_primary_label\">Nom\r\n\t\t<span class=\"frm_required\" aria-hidden=\"true\">*<\/span>\r\n\t<\/label>\r\n\t<input  type=\"text\" id=\"field_lastname10\" name=\"item_meta[247]\" value=\"\"  autocomplete=\"family-name\"  data-reqmsg=\"Ce champ ne doit pas \u00eatre vide.\" aria-required=\"true\" data-invmsg=\"Le champ n&#039;est pas valide\" aria-invalid=\"false\"   \/>\r\n\t\r\n\t\r\n<\/div>\n<div id=\"frm_field_249_container\" class=\"frm_form_field form-field  frm_required_field frm_top_container\">\r\n\t<label for=\"field_nc2i75\" id=\"field_nc2i75_label\" class=\"frm_primary_label\">Rue &amp; num\u00e9ro\r\n\t\t<span class=\"frm_required\" aria-hidden=\"true\">*<\/span>\r\n\t<\/label>\r\n\t<input  type=\"text\" id=\"field_nc2i75\" name=\"item_meta[249]\" value=\"\"  autocomplete=\"street-address\"  data-reqmsg=\"Ce champ ne doit pas \u00eatre vide.\" aria-required=\"true\" data-invmsg=\"Le champ n&#039;est pas valide\" aria-invalid=\"false\"   \/>\r\n\t\r\n\t\r\n<\/div>\n<div id=\"frm_field_250_container\" class=\"frm_form_field form-field  frm_required_field frm_top_container\">\r\n\t<label for=\"field_xprea5\" id=\"field_xprea5_label\" class=\"frm_primary_label\">NPA\r\n\t\t<span class=\"frm_required\" aria-hidden=\"true\">*<\/span>\r\n\t<\/label>\r\n\t<input  type=\"text\" id=\"field_xprea5\" name=\"item_meta[250]\" value=\"\"  autocomplete=\"postal-code\"  maxlength=\"4\" data-reqmsg=\"Ce champ ne doit pas \u00eatre vide.\" aria-required=\"true\" data-invmsg=\"Le champ n&#039;est pas valide\" aria-invalid=\"false\"   \/>\r\n\t\r\n\t\r\n<\/div>\n<div id=\"frm_field_251_container\" class=\"frm_form_field form-field  frm_required_field frm_top_container\">\r\n\t<label for=\"field_lmd2g5\" id=\"field_lmd2g5_label\" class=\"frm_primary_label\">Lieu\r\n\t\t<span class=\"frm_required\" aria-hidden=\"true\">*<\/span>\r\n\t<\/label>\r\n\t<input  type=\"text\" id=\"field_lmd2g5\" name=\"item_meta[251]\" value=\"\"  data-reqmsg=\"Ce champ ne doit pas \u00eatre vide.\" aria-required=\"true\" data-invmsg=\"Le champ n&#039;est pas valide\" aria-invalid=\"false\"   \/>\r\n\t\r\n\t\r\n<\/div>\n<div id=\"frm_field_254_container\" class=\"frm_form_field form-field  frm_required_field frm_top_container\">\r\n\t<label for=\"field_email10\" id=\"field_email10_label\" class=\"frm_primary_label\">E-Mail\r\n\t\t<span class=\"frm_required\" aria-hidden=\"true\">*<\/span>\r\n\t<\/label>\r\n\t<input type=\"email\" id=\"field_email10\" name=\"item_meta[254]\" value=\"\"  autocomplete=\"email\"  data-reqmsg=\"Ce champ ne doit pas \u00eatre vide.\" aria-required=\"true\" data-invmsg=\"Le champ n&#039;est pas valide\" aria-invalid=\"false\"  \/>\r\n\t\r\n\t\r\n<\/div>\n<div id=\"frm_field_253_container\" class=\"frm_form_field form-field  frm_top_container\">\r\n\t<label for=\"field_qeqzy6\" id=\"field_qeqzy6_label\" class=\"frm_primary_label\">T\u00e9l\u00e9phone\r\n\t\t<span class=\"frm_required\" aria-hidden=\"true\"><\/span>\r\n\t<\/label>\r\n\t<input type=\"tel\" id=\"field_qeqzy6\" name=\"item_meta[253]\" value=\"\"  data-frmmask=\"000 000 00 00\" maxlength=\"13\" placeholder=\"012 345 67 89\" data-invmsg=\"Le champ n&#039;est pas valide\" aria-invalid=\"false\" pattern=\"\\d\\d\\d \\d\\d\\d \\d\\d \\d\\d$\"  \/>\r\n\t\r\n\t\r\n<\/div>\n<div id=\"frm_field_257_container\" class=\"frm_form_field form-field  frm_required_field frm_top_container frm12 frm_first\">\r\n\t<label for=\"field_lang10\" id=\"field_lang10_label\" class=\"frm_primary_label\">Langue\r\n\t\t<span class=\"frm_required\" aria-hidden=\"true\">*<\/span>\r\n\t<\/label>\r\n\t\t\t<select name=\"item_meta[257]\" id=\"field_lang10\"  data-reqmsg=\"Ce champ ne doit pas \u00eatre vide.\" aria-required=\"true\" data-invmsg=\"Le champ n&#039;est pas valide\" aria-invalid=\"false\"  >\n\t\t<option  value=\"\" selected='selected'>Veuillez choisir<\/option><option  value=\"DE\">DE<\/option><option  value=\"FR\">FR<\/option>\t<\/select>\n\t\r\n\t\r\n\t\r\n<\/div>\n<div id=\"frm_field_264_container\" class=\"frm_form_field form-field  frm_top_container\">\r\n\t<label for=\"field_x1zks\" id=\"field_x1zks_label\" class=\"frm_primary_label\">Date de naissance\r\n\t\t<span class=\"frm_required\" aria-hidden=\"true\"><\/span>\r\n\t<\/label>\r\n\t<input type=\"text\" id=\"field_x1zks\" name=\"item_meta[264]\" value=\"\"  maxlength=\"10\" data-invmsg=\"Le champ n&#039;est pas valide\" class=\"frm_date\" aria-invalid=\"false\"  \/>\r\n\t\r\n\t\r\n<\/div>\n<div id=\"frm_field_263_container\" class=\"frm_form_field form-field  frm_top_container frm12 frm_first vertical_radio\">\r\n\t<div  id=\"field_mnh2o_label\" class=\"frm_primary_label\">Mon nom peut \u00eatre mentionn\u00e9 dans la liste publique des membres :\r\n\t\t<span class=\"frm_required\" aria-hidden=\"true\"><\/span>\r\n\t<\/div>\r\n\t<div class=\"frm_opt_container\" aria-labelledby=\"field_mnh2o_label\" role=\"group\">\t\t<div class=\"frm_checkbox\" id=\"frm_checkbox_263-0\">\t\t\t<label  for=\"field_mnh2o-0\">\n\t\t\t<input type=\"checkbox\" name=\"item_meta[263][]\" id=\"field_mnh2o-0\" value=\"ja\"  data-invmsg=\"Le champ n&#039;est pas valide\"   \/> Oui<\/label><\/div>\n<\/div>\r\n\t\r\n\t\r\n<\/div>\n<div id=\"frm_field_258_container\" class=\"frm_form_field form-field  frm_top_container\">\r\n\t<label for=\"field_k567c6\" id=\"field_k567c6_label\" class=\"frm_primary_label\">Remarques ou nom de l\u2019association fa\u00eeti\u00e8re\r\n\t\t<span class=\"frm_required\" aria-hidden=\"true\"><\/span>\r\n\t<\/label>\r\n\t<textarea name=\"item_meta[258]\" id=\"field_k567c6\" rows=\"5\"  data-invmsg=\"Le champ n&#039;est pas valide\" aria-invalid=\"false\"  ><\/textarea>\r\n\t\r\n\t\r\n<\/div>\n<div id=\"frm_field_260_container\" class=\"frm_form_field form-field  frm_top_container frm12 frm_first\">\r\n\t<label for=\"field_uo4og6\" id=\"field_uo4og6_label\" class=\"frm_primary_label\">\r\n\t\t<span class=\"frm_required\" aria-hidden=\"true\"><\/span>\r\n\t<\/label>\r\n\t<div id=\"qcaptcha\" class=\"qcaptcha-loading\"><\/div>\r\n\t\r\n\t\r\n<\/div>\n<div id=\"frm_field_261_container\" class=\"frm_form_field form-field  frm12 frm_first\">\r\n\t<div class=\"frm_submit frm_flex\">\r\n<button class=\"frm_button_submit frm_final_submit\" type=\"submit\"   formnovalidate=\"formnovalidate\">Envoyer<\/button>\r\n\r\n\r\n\r\n<\/div>\r\n<\/div>\n\t<input type=\"hidden\" name=\"item_key\" value=\"\" \/>\n\t\t\t<div id=\"frm_field_375_container\">\n\t\t\t<label for=\"field_3xq4q\" >\n\t\t\t\tSi vous \u00eates un humain, ne remplissez pas ce champ.\t\t\t<\/label>\n\t\t\t<input  id=\"field_3xq4q\" type=\"text\" class=\"frm_form_field form-field frm_verify\" name=\"item_meta[375]\" value=\"\"  \/>\n\t\t<\/div>\n\t\t<input name=\"frm_state\" type=\"hidden\" value=\"Kmi9agkE9K1tWgdmtYmWnbUNa4FnoPsEAD+IUjtph+mIxs3TCFC6opDjFFHX3C3s\" \/><\/div>\n<\/fieldset>\n<\/div>\n\n<\/form>\n<\/div>\n\n\n<div id=\"kontakt\" class=\"team contact-person alignwide\">\n                    <div class=\"title\">\n               <h3>Tu veux savoir comment nous utilisons ton don ? Ou tu as des questions sur nos activit\u00e9s ? <\/h3>\n            <\/div>\n            <div class=\"team-item\">\n                <img decoding=\"async\" src=\"https:\/\/foodwaste.ch\/wp-content\/uploads\/2025\/08\/2026_team_ukr-1024x683.jpg\" alt=\"Ursina Kr\u00e4henmann\">\n                <div class=\"team-content\">\n                    <h4>Ursina Kr\u00e4henmann<\/h4>\n                    <h5 class=\"job-title\">Directrice<\/h5>\n                    <a href=\"mailto:uk@foodwaste.ch\" class=\"btn\">\n                        Mail \u00e0 Ursina                    <\/a>\n                <\/div>\n            <\/div>\n        <\/div>","protected":false},"excerpt":{"rendered":"<p>Faire un don foodwaste.ch s\u2019engage depuis plus de 10 ans en tant qu\u2019organisation priv\u00e9e d\u2019int\u00e9r\u00eat public et \u00e0 but non lucratif pour \u00e9viter le gaspillage de denr\u00e9es alimentaires. Jour apr\u00e8s jour, nous faisons un travail fondamental et important en Suisse, \u00e9tablissant des liens entre les actrices et les acteurs de toute la cha\u00eene de production [&hellip;]<\/p>\n","protected":false},"author":2,"featured_media":27376,"parent":27267,"menu_order":0,"comment_status":"closed","ping_status":"closed","template":"","meta":{"_acf_changed":false,"inline_featured_image":false,"footnotes":""},"class_list":["post-27483","page","type-page","status-publish","has-post-thumbnail","hentry"],"acf":[],"_links":{"self":[{"href":"https:\/\/foodwaste.ch\/fr\/wp-json\/wp\/v2\/pages\/27483","targetHints":{"allow":["GET"]}}],"collection":[{"href":"https:\/\/foodwaste.ch\/fr\/wp-json\/wp\/v2\/pages"}],"about":[{"href":"https:\/\/foodwaste.ch\/fr\/wp-json\/wp\/v2\/types\/page"}],"author":[{"embeddable":true,"href":"https:\/\/foodwaste.ch\/fr\/wp-json\/wp\/v2\/users\/2"}],"replies":[{"embeddable":true,"href":"https:\/\/foodwaste.ch\/fr\/wp-json\/wp\/v2\/comments?post=27483"}],"version-history":[{"count":3,"href":"https:\/\/foodwaste.ch\/fr\/wp-json\/wp\/v2\/pages\/27483\/revisions"}],"predecessor-version":[{"id":30919,"href":"https:\/\/foodwaste.ch\/fr\/wp-json\/wp\/v2\/pages\/27483\/revisions\/30919"}],"up":[{"embeddable":true,"href":"https:\/\/foodwaste.ch\/fr\/wp-json\/wp\/v2\/pages\/27267"}],"wp:featuredmedia":[{"embeddable":true,"href":"https:\/\/foodwaste.ch\/fr\/wp-json\/wp\/v2\/media\/27376"}],"wp:attachment":[{"href":"https:\/\/foodwaste.ch\/fr\/wp-json\/wp\/v2\/media?parent=27483"}],"curies":[{"name":"wp","href":"https:\/\/api.w.org\/{rel}","templated":true}]}}