{"id":27502,"date":"2025-07-23T13:49:49","date_gmt":"2025-07-23T11:49:49","guid":{"rendered":"https:\/\/foodwaste.ch\/actualites\/"},"modified":"2025-11-19T09:49:46","modified_gmt":"2025-11-19T08:49:46","slug":"actualites","status":"publish","type":"page","link":"https:\/\/foodwaste.ch\/fr\/actualites\/","title":{"rendered":"Actualit\u00e9s"},"content":{"rendered":"\n<h1 class=\"wp-block-heading alignwide\">Actualit\u00e9s<\/h1>\n\n<div class=\"posts alignwide\">\n                        <div class=\"post-item\">\n                    <a href=\"https:\/\/foodwaste.ch\/fr\/actualites\/rapport-annuel\/\">\n                        <div class=\"post-content\">\n                            <span class=\"category\">Actualit\u00e9s<\/span>                            \n                            <h4>Le rapport annuel 2025 est disponible<\/h4>\n                            \n                        <\/div>\n                        <figure>\n                            <img decoding=\"async\" src=\"https:\/\/foodwaste.ch\/wp-content\/uploads\/2025\/03\/2025_Unser-Klima-Zuerich-HB_vge-1024x768.jpg\" alt=\"Le rapport annuel 2025 est disponible\">\n                        <\/figure>\n                    <\/a>\n                <\/div>\n                        <div class=\"post-item\">\n                    <a href=\"https:\/\/foodwaste.ch\/fr\/actualites\/semaine-nationale-contre-le-gaspillage-alimentaire\/\">\n                        <div class=\"post-content\">\n                            <span class=\"category\">Actualit\u00e9s<\/span>                            \n                            <h4>Semaine nationale contre le gaspillage alimentaire<\/h4>\n                            \n                        <\/div>\n                        <figure>\n                            <img decoding=\"async\" src=\"https:\/\/foodwaste.ch\/wp-content\/uploads\/2026\/02\/a-toi-de-jouer_thumbnail-1024x683.jpg\" alt=\"Semaine nationale contre le gaspillage alimentaire\">\n                        <\/figure>\n                    <\/a>\n                <\/div>\n                        <div class=\"post-item\">\n                    <a href=\"https:\/\/foodwaste.ch\/fr\/duree-de-conservation-prolongee\/les-magasins-apprecient-les-outils-permettant-de-prolonger-la-vente-proposes-par-foodwaste-ch\/\">\n                        <div class=\"post-content\">\n                            <span class=\"category\">Dur\u00e9e de conservation prolong\u00e9e<\/span>                            \n                            <h4>Les magasins appr\u00e9cient les outils permettant de prolonger la vente propos\u00e9s par foodwaste.ch<\/h4>\n                            \n                        <\/div>\n                        <figure>\n                            <img decoding=\"async\" src=\"https:\/\/foodwaste.ch\/wp-content\/uploads\/2025\/10\/detailhandel_webinar-1024x683.jpg\" alt=\"Les magasins appr\u00e9cient les outils permettant de prolonger la vente propos\u00e9s par foodwaste.ch\">\n                        <\/figure>\n                    <\/a>\n                <\/div>\n                        <div class=\"post-item\">\n                    <a href=\"https:\/\/foodwaste.ch\/fr\/actualites\/notre-site-web-fait-peau-neuve\/\">\n                        <div class=\"post-content\">\n                            <span class=\"category\">Actualit\u00e9s<\/span>                            \n                            <h4>Notre site web fait peau neuve<\/h4>\n                            \n                        <\/div>\n                        <figure>\n                            <img decoding=\"async\" src=\"https:\/\/foodwaste.ch\/wp-content\/uploads\/2025\/12\/20251210_neue-website.jpg\" alt=\"Notre site web fait peau neuve\">\n                        <\/figure>\n                    <\/a>\n                <\/div>\n                        <div class=\"post-item\">\n                    <a href=\"https:\/\/foodwaste.ch\/fr\/actualites\/ursina-kraehenmann-devient-la-directrice-generale-de-foodwaste-ch\/\">\n                        <div class=\"post-content\">\n                            <span class=\"category\">Actualit\u00e9s<\/span>                            \n                            <h4>Ursina Kr\u00e4henmann devient la directrice g\u00e9n\u00e9rale de foodwaste.ch<\/h4>\n                            \n                        <\/div>\n                        <figure>\n                            <img decoding=\"async\" src=\"https:\/\/foodwaste.ch\/wp-content\/uploads\/2025\/11\/ursina-kraehenmann-1024x820.jpeg\" alt=\"Ursina Kr\u00e4henmann devient la directrice g\u00e9n\u00e9rale de foodwaste.ch\">\n                        <\/figure>\n                    <\/a>\n                <\/div>\n                        <div class=\"post-item\">\n                    <a href=\"https:\/\/foodwaste.ch\/fr\/actualites\/rapport-intermediaire-sur-la-gaspillage-alimentaire-publie\/\">\n                        <div class=\"post-content\">\n                            <span class=\"category\">Actualit\u00e9s<\/span>                            \n                            <h4>Rapport interm\u00e9diaire sur la gaspillage alimentaire publi\u00e9<\/h4>\n                            \n                        <\/div>\n                        <figure>\n                            <img decoding=\"async\" src=\"https:\/\/foodwaste.ch\/wp-content\/uploads\/2025\/08\/zwischenstandsbericht_c_Lilian-Brun-1024x683.jpg\" alt=\"Rapport interm\u00e9diaire sur la gaspillage alimentaire publi\u00e9\">\n                        <\/figure>\n                    <\/a>\n                <\/div>\n                        <div class=\"post-item\">\n                    <a href=\"https:\/\/foodwaste.ch\/fr\/actualites\/transmission-de-la-direction-de-foodwaste-ch\/\">\n                        <div class=\"post-content\">\n                            <span class=\"category\">Actualit\u00e9s<\/span>                            \n                            <h4>Transmission de la direction de foodwaste.ch<\/h4>\n                            \n                        <\/div>\n                        <figure>\n                            <img decoding=\"async\" src=\"https:\/\/foodwaste.ch\/wp-content\/uploads\/2025\/08\/fsb-ch_Mood_8_c-PascaleAmez-1024x683.jpg\" alt=\"Transmission de la direction de foodwaste.ch\">\n                        <\/figure>\n                    <\/a>\n                <\/div>\n                        <div class=\"post-item\">\n                    <a href=\"https:\/\/foodwaste.ch\/fr\/duree-de-conservation-prolongee\/plus-de-produits-dans-le-moteur-de-recherche-alimentaire\/\">\n                        <div class=\"post-content\">\n                            <span class=\"category\">Dur\u00e9e de conservation prolong\u00e9e<\/span>                            \n                            <h4>Plus de produits dans le moteur de recherche alimentaire<\/h4>\n                            \n                        <\/div>\n                        <figure>\n                            <img decoding=\"async\" src=\"https:\/\/foodwaste.ch\/wp-content\/uploads\/2025\/11\/20250710_neueLebensmittel_haltbarkeit-819x1024.png\" alt=\"Plus de produits dans le moteur de recherche alimentaire\">\n                        <\/figure>\n                    <\/a>\n                <\/div>\n                        <div class=\"post-item\">\n                    <a href=\"https:\/\/foodwaste.ch\/fr\/banquets-foodsave\/banquets-foodsave-2025-vont-bientot-commencer\/\">\n                        <div class=\"post-content\">\n                            <span class=\"category\">Banquets-Foodsave<\/span>                            \n                            <h4>Banquets-Foodsave 2025 vont bient\u00f4t commencer !<\/h4>\n                            \n                        <\/div>\n                        <figure>\n                            <img decoding=\"async\" src=\"https:\/\/foodwaste.ch\/wp-content\/uploads\/2025\/11\/schulklasse_st-gallen_foodsave-bankett_2025-1024x768.jpg\" alt=\"Banquets-Foodsave 2025 vont bient\u00f4t commencer !\">\n                        <\/figure>\n                    <\/a>\n                <\/div>\n                        <div class=\"post-item\">\n                    <a href=\"https:\/\/foodwaste.ch\/fr\/dans-les-medias\/foodwaste-ch-dans-lemission-a-bon-entendeur\/\">\n                        <div class=\"post-content\">\n                            <span class=\"category\">Dans les m\u00e9dias<\/span>                            \n                            <h4>foodwaste.ch dans l\u2019\u00e9mission \u00ab a bon entendeur \u00bb<\/h4>\n                            \n                        <\/div>\n                        <figure>\n                            <img decoding=\"async\" src=\"https:\/\/foodwaste.ch\/wp-content\/uploads\/2025\/11\/20250224_rts_a-bon-entendeur-1024x576.png\" alt=\"foodwaste.ch dans l\u2019\u00e9mission \u00ab a bon entendeur \u00bb\">\n                        <\/figure>\n                    <\/a>\n                <\/div>\n                        <div class=\"post-item\">\n                    <a href=\"https:\/\/foodwaste.ch\/fr\/dans-les-medias\/foodwaste-ch-sur-la-rts\/\">\n                        <div class=\"post-content\">\n                            <span class=\"category\">Dans les m\u00e9dias<\/span>                            \n                            <h4>foodwaste.ch sur la RTS<\/h4>\n                            \n                        <\/div>\n                        <figure>\n                            <img decoding=\"async\" src=\"https:\/\/foodwaste.ch\/wp-content\/uploads\/2025\/11\/20250129_foodwaste-ch_rts-1024x576.png\" alt=\"foodwaste.ch sur la RTS\">\n                        <\/figure>\n                    <\/a>\n                <\/div>\n                        <div class=\"post-item\">\n                    <a href=\"https:\/\/foodwaste.ch\/fr\/dans-les-medias\/foodwaste-ch-a-la-radio-rts\/\">\n                        <div class=\"post-content\">\n                            <span class=\"category\">Dans les m\u00e9dias<\/span>                            \n                            <h4>foodwaste.ch \u00e0 la radio RTS<\/h4>\n                            \n                        <\/div>\n                        <figure>\n                            <img decoding=\"async\" src=\"https:\/\/foodwaste.ch\/wp-content\/uploads\/2025\/11\/20251125_Radio-RTS-768x1024.jpeg\" alt=\"foodwaste.ch \u00e0 la radio RTS\">\n                        <\/figure>\n                    <\/a>\n                <\/div>\n                        <div class=\"post-item\">\n                    <a href=\"https:\/\/foodwaste.ch\/fr\/dans-les-medias\/qui-cuisinera-le-menu-de-restes-le-plus-creatif\/\">\n                        <div class=\"post-content\">\n                            <span class=\"category\">Dans les m\u00e9dias<\/span>                            \n                            <h4>Qui cuisinera le menu de restes le plus cr\u00e9atif ?<\/h4>\n                            \n                        <\/div>\n                        <figure>\n                            <img decoding=\"async\" src=\"https:\/\/foodwaste.ch\/wp-content\/uploads\/2025\/11\/FSKB_2024_C_UVEK-1024x683.jpg\" alt=\"Qui cuisinera le menu de restes le plus cr\u00e9atif ?\">\n                        <\/figure>\n                    <\/a>\n                <\/div>\n                        <div class=\"post-item\">\n                    <a href=\"https:\/\/foodwaste.ch\/fr\/dans-les-medias\/foodwaste-ch-invite-au-podcast-des-optimistes-lucides\/\">\n                        <div class=\"post-content\">\n                            <span class=\"category\">Dans les m\u00e9dias<\/span>                            \n                            <h4>foodwaste.ch invit\u00e9 au podcast des optimistes lucides<\/h4>\n                            \n                        <\/div>\n                        <figure>\n                            <img decoding=\"async\" src=\"https:\/\/foodwaste.ch\/wp-content\/uploads\/2022\/05\/20251105_Podcast-2040-jyvais-1024x645.jpg\" alt=\"foodwaste.ch invit\u00e9 au podcast des optimistes lucides\">\n                        <\/figure>\n                    <\/a>\n                <\/div>\n                        <div class=\"post-item\">\n                    <a href=\"https:\/\/foodwaste.ch\/fr\/actualites\/notre-nouveau-projet-foodwaste-ch-tv\/\">\n                        <div class=\"post-content\">\n                            <span class=\"category\">Actualit\u00e9s<\/span>                            \n                            <h4>Notre nouveau projet : foodwaste.ch TV<\/h4>\n                            \n                        <\/div>\n                        <figure>\n                            <img decoding=\"async\" src=\"https:\/\/foodwaste.ch\/wp-content\/uploads\/2025\/11\/20250204_Thumbnail_Zitrus_FR-576x1024.png\" alt=\"Notre nouveau projet : foodwaste.ch TV\">\n                        <\/figure>\n                    <\/a>\n                <\/div>\n                        <div class=\"post-item\">\n                    <a href=\"https:\/\/foodwaste.ch\/fr\/actualites\/je-suis-le-nouveau-logo-de-foodwaste-ch\/\">\n                        <div class=\"post-content\">\n                            <span class=\"category\">Actualit\u00e9s<\/span>                            \n                            <h4>\u00ab Je suis le nouveau logo de foodwaste.ch \u00bb<\/h4>\n                            \n                        <\/div>\n                        <figure>\n                            <img decoding=\"async\" src=\"https:\/\/foodwaste.ch\/wp-content\/uploads\/2025\/12\/foodwaste_claim_de_800x800_mit-hintergrund-1024x1024.png\" alt=\"\u00ab Je suis le nouveau logo de foodwaste.ch \u00bb\">\n                        <\/figure>\n                    <\/a>\n                <\/div>\n                        <div class=\"post-item\">\n                    <a href=\"https:\/\/foodwaste.ch\/fr\/banquets-foodsave\/un-banquet-compose-a-base-daliments-sauves-dans-22-localites-suisses\/\">\n                        <div class=\"post-content\">\n                            <span class=\"category\">Banquets-Foodsave<\/span>                            \n                            <h4>Un banquet compos\u00e9 \u00e0 base d\u2019aliments sauv\u00e9s dans 22 localit\u00e9s suisses<\/h4>\n                            \n                        <\/div>\n                        <figure>\n                            <img decoding=\"async\" src=\"https:\/\/foodwaste.ch\/wp-content\/uploads\/2025\/11\/foodsave-bankett_neutral_2022_Mood_c-Nicole_Giger-1024x676.jpg\" alt=\"Un banquet compos\u00e9 \u00e0 base d\u2019aliments sauv\u00e9s dans 22 localit\u00e9s suisses\">\n                        <\/figure>\n                    <\/a>\n                <\/div>\n                        <div class=\"post-item\">\n                    <a href=\"https:\/\/foodwaste.ch\/fr\/dans-les-medias\/foodwaste-ch-dans-les-medias-nationaux\/\">\n                        <div class=\"post-content\">\n                            <span class=\"category\">Dans les m\u00e9dias<\/span>                            \n                            <h4>foodwaste.ch dans les m\u00e9dias nationaux<\/h4>\n                            \n                        <\/div>\n                        <figure>\n                            <img decoding=\"async\" src=\"https:\/\/foodwaste.ch\/wp-content\/uploads\/2025\/11\/20240419_MediasFR-1024x683.jpg\" alt=\"foodwaste.ch dans les m\u00e9dias nationaux\">\n                        <\/figure>\n                    <\/a>\n                <\/div>\n                        <div class=\"post-item\">\n                    <a href=\"https:\/\/foodwaste.ch\/fr\/dans-les-medias\/foodwaste-ch-invite-a-la-rts-pour-parler-des-systemes-de-datation\/\">\n                        <div class=\"post-content\">\n                            <span class=\"category\">Dans les m\u00e9dias<\/span>                            \n                            <h4>foodwaste.ch invit\u00e9 \u00e0 la RTS pour parler des syst\u00e8mes de datation<\/h4>\n                            \n                        <\/div>\n                        <figure>\n                            <img decoding=\"async\" src=\"https:\/\/foodwaste.ch\/wp-content\/uploads\/2025\/11\/202307_Photo-RTS-1024x591.jpg\" alt=\"foodwaste.ch invit\u00e9 \u00e0 la RTS pour parler des syst\u00e8mes de datation\">\n                        <\/figure>\n                    <\/a>\n                <\/div>\n                        <div class=\"post-item\">\n                    <a href=\"https:\/\/foodwaste.ch\/fr\/dans-les-medias\/foodwaste-ch-invite-au-podcast-mettons-le-couvert\/\">\n                        <div class=\"post-content\">\n                            <span class=\"category\">Dans les m\u00e9dias<\/span>                            \n                            <h4>foodwaste.ch invit\u00e9 au podcast \u00ab Mettons le Couvert \u00bb<\/h4>\n                            \n                        <\/div>\n                        <figure>\n                            <img decoding=\"async\" src=\"https:\/\/foodwaste.ch\/wp-content\/uploads\/2025\/12\/20230430_Podcast_KHA.png\" alt=\"foodwaste.ch invit\u00e9 au podcast \u00ab Mettons le Couvert \u00bb\">\n                        <\/figure>\n                    <\/a>\n                <\/div>\n                        <div class=\"post-item\">\n                    <a href=\"https:\/\/foodwaste.ch\/fr\/dans-les-medias\/foodwaste-ch-au-journal-de-midi-de-la-rts\/\">\n                        <div class=\"post-content\">\n                            <span class=\"category\">Dans les m\u00e9dias<\/span>                            \n                            <h4>foodwaste.ch au journal de midi de la RTS<\/h4>\n                            \n                        <\/div>\n                        <figure>\n                            <img decoding=\"async\" src=\"https:\/\/foodwaste.ch\/wp-content\/uploads\/2025\/12\/20220519_RTS_12h45_KHA-1024x576.jpg\" alt=\"foodwaste.ch au journal de midi de la RTS\">\n                        <\/figure>\n                    <\/a>\n                <\/div>\n        <\/div>","protected":false},"excerpt":{"rendered":"<p>Actualit\u00e9s<\/p>\n","protected":false},"author":1,"featured_media":0,"parent":0,"menu_order":0,"comment_status":"closed","ping_status":"closed","template":"","meta":{"_acf_changed":false,"inline_featured_image":false,"footnotes":""},"class_list":["post-27502","page","type-page","status-publish","hentry"],"acf":[],"_links":{"self":[{"href":"https:\/\/foodwaste.ch\/fr\/wp-json\/wp\/v2\/pages\/27502","targetHints":{"allow":["GET"]}}],"collection":[{"href":"https:\/\/foodwaste.ch\/fr\/wp-json\/wp\/v2\/pages"}],"about":[{"href":"https:\/\/foodwaste.ch\/fr\/wp-json\/wp\/v2\/types\/page"}],"author":[{"embeddable":true,"href":"https:\/\/foodwaste.ch\/fr\/wp-json\/wp\/v2\/users\/1"}],"replies":[{"embeddable":true,"href":"https:\/\/foodwaste.ch\/fr\/wp-json\/wp\/v2\/comments?post=27502"}],"version-history":[{"count":7,"href":"https:\/\/foodwaste.ch\/fr\/wp-json\/wp\/v2\/pages\/27502\/revisions"}],"predecessor-version":[{"id":29549,"href":"https:\/\/foodwaste.ch\/fr\/wp-json\/wp\/v2\/pages\/27502\/revisions\/29549"}],"wp:attachment":[{"href":"https:\/\/foodwaste.ch\/fr\/wp-json\/wp\/v2\/media?parent=27502"}],"curies":[{"name":"wp","href":"https:\/\/api.w.org\/{rel}","templated":true}]}}