{"id":27504,"date":"2025-07-25T09:59:18","date_gmt":"2025-07-25T07:59:18","guid":{"rendered":"https:\/\/foodwaste.ch\/contact\/"},"modified":"2025-10-30T14:46:20","modified_gmt":"2025-10-30T13:46:20","slug":"contact","status":"publish","type":"page","link":"https:\/\/foodwaste.ch\/fr\/contact\/","title":{"rendered":"Contact"},"content":{"rendered":"<h1 id=\"title\" class=\"wp-block-heading alignwide\">Nous contacter<\/h1><div class=\"lead nobutton\"><p>Sur notre site web, tu trouveras les informations les plus importantes sur le th\u00e8me du gaspillage alimentaire. Tu veux en savoir plus ? Alors n&rsquo;h\u00e9site pas \u00e0 nous contacter.  <\/p>\n<\/div>\n<div class=\"wp-block-columns is-layout-flex wp-container-core-columns-is-layout-9d6595d7 wp-block-columns-is-layout-flex\">\n<div class=\"wp-block-column has-custom-white-background-color has-background is-layout-flow wp-block-column-is-layout-flow\">\n<h5 class=\"wp-block-heading\">Adresse<\/h5>\n\n\n\n<p>foodwaste.ch\u2028<br\/>Wylerringstrasse 36<br\/>CH-3014 Bern<\/p>\n\n\n\n<p><a href=\"tel:+41313061760\">031 306 17 60<\/a><br\/><a href=\"mailto:info@foodwaste.ch\">info@foodwaste.ch<\/a><\/p>\n<\/div>\n\n\n\n<div class=\"wp-block-column has-custom-white-background-color has-background is-layout-flow wp-block-column-is-layout-flow\">\n<h5 class=\"wp-block-heading\">R\u00e9seaux sociaux<\/h5>\n\n\n\n<p><a href=\"https:\/\/instagram.com\/foodwaste.ch\" target=\"_blank\" rel=\"noreferrer noopener\">Instagram<\/a><\/p>\n\n\n\n<p><a href=\"https:\/\/facebook.com\/foodwaste.ch\" target=\"_blank\" rel=\"noreferrer noopener\">Facebook<\/a><\/p>\n\n\n\n<p><a href=\"https:\/\/linkedin.com\/company\/foodwaste-ch\" target=\"_blank\" rel=\"noreferrer noopener\">LinkedIn<\/a><\/p>\n\n\n\n<p><a href=\"https:\/\/www.youtube.com\/@foodwaste_ch\" target=\"_blank\" rel=\"noreferrer noopener\">YouTube<\/a><\/p>\n<\/div>\n\n\n\n<div class=\"wp-block-column has-custom-white-background-color has-background is-layout-flow wp-block-column-is-layout-flow\">\n<h5 class=\"wp-block-heading\">Coordonn\u00e9es bancaires<\/h5>\n\n\n\n<p><strong>Banque:<\/strong><br\/>Postfinance<\/p>\n\n\n\n<p><strong>Num\u00e9ro ce compte: <\/strong><br\/>PC 60-578242-9<\/p>\n\n\n\n<p><strong>IBAN:<\/strong><br\/>CH26 0900 0000 6057 8242 9<\/p>\n\n\n\n<p><strong>BIC-SWIFT: <\/strong><br\/>POFICHBEXXX<\/p>\n<\/div>\n<\/div>\n<script>\n    let contactCoordinateslat = \"7.449524335364119\";\n    let contactCoordinateslng = \"46.9630926514728\";\n    let contactMarker = \"foodwaste.ch<br \/>Wylerringstrasse 36<br \/>CH-3014 Bern<br \/>\";\n<\/script>\n<link rel=\"stylesheet\" href=\"\/wp-content\/themes\/fw\/assets\/map\/maplibre\/maplibre-gl-5.12.0.css\">\n<script src=\"\/wp-content\/themes\/fw\/assets\/map\/maplibre\/maplibre-gl-5.12.0.js\"><\/script>\n<script src=\"\/wp-content\/themes\/fw\/assets\/map\/protomaps\/pmtiles_4.3.0.js\"><\/script>\n<script src=\"\/wp-content\/themes\/fw\/assets\/map\/protomaps\/protomaps-basemaps_5.7.0.js\"><\/script>\n<script src=\"\/wp-content\/themes\/fw\/assets\/map\/map.js\"><\/script>\n<div id=\"map\" class=\"map-contact\"><\/div>\n<h3 class=\"wp-block-heading alignwide\">Nous nous r\u00e9jouissons de ton message<\/h3>\n<div class=\"frm_forms \" id=\"frm_form_6_container\" data-token=\"ea77d983d347a4f8ee3b50938c07cc47\">\n<form enctype=\"multipart\/form-data\" method=\"post\" class=\"frm-show-form  frm_js_validate  frm_pro_form \" id=\"form_kontaktformular\" data-token=\"ea77d983d347a4f8ee3b50938c07cc47\">\n<div class=\"frm_form_fields \">\n<fieldset>\n<legend class=\"frm_screen_reader\">Kit de d\u00e9marrage<\/legend>\r\n\r\n<div class=\"frm_fields_container\">\n<input type=\"hidden\" name=\"frm_action\" value=\"create\" \/>\n<input type=\"hidden\" name=\"form_id\" value=\"6\" \/>\n<input type=\"hidden\" name=\"frm_hide_fields_6\" id=\"frm_hide_fields_6\" value=\"\" \/>\n<input type=\"hidden\" name=\"form_key\" value=\"kontaktformular\" \/>\n<input type=\"hidden\" name=\"item_meta[0]\" value=\"\" \/>\n<input type=\"hidden\" id=\"frm_submit_entry_6\" name=\"frm_submit_entry_6\" value=\"e7e89a0078\" \/><input type=\"hidden\" name=\"_wp_http_referer\" value=\"\/fr\/wp-json\/wp\/v2\/pages\/27504\" \/><div id=\"frm_field_269_container\" class=\"frm_form_field  body-small frm_html_container form-field\">\n<p>* Veuillez remplir tous les champs marqu\u00e9s d'un ast\u00e9risque.<\/p>\n<\/div>\n<div id=\"frm_field_192_container\" class=\"frm_form_field form-field  frm_required_field frm_top_container frm_half\">\r\n\t<label for=\"field_awnst4\" id=\"field_awnst4_label\" class=\"frm_primary_label\">Pr\u00e9nom\r\n\t\t<span class=\"frm_required\" aria-hidden=\"true\">*<\/span>\r\n\t<\/label>\r\n\t<input  type=\"text\" id=\"field_awnst4\" name=\"item_meta[192]\" value=\"\"  autocomplete=\"given-name\"  data-reqmsg=\"Le champ ne peut pas \u00eatre vide.\" aria-required=\"true\" data-invmsg=\"Le champ n&#039;est pas valide\" aria-invalid=\"false\"   \/>\r\n\t\r\n\t\r\n<\/div>\n<div id=\"frm_field_193_container\" class=\"frm_form_field form-field  frm_required_field frm_top_container frm_half\">\r\n\t<label for=\"field_z00kn4\" id=\"field_z00kn4_label\" class=\"frm_primary_label\">Nom\r\n\t\t<span class=\"frm_required\" aria-hidden=\"true\">*<\/span>\r\n\t<\/label>\r\n\t<input  type=\"text\" id=\"field_z00kn4\" name=\"item_meta[193]\" value=\"\"  autocomplete=\"family-name\"  data-reqmsg=\"Le champ ne peut pas \u00eatre vide.\" aria-required=\"true\" data-invmsg=\"Le champ n&#039;est pas valide\" aria-invalid=\"false\"   \/>\r\n\t\r\n\t\r\n<\/div>\n<div id=\"frm_field_200_container\" class=\"frm_form_field form-field  frm_required_field frm_top_container frm_half\">\r\n\t<label for=\"field_w45g94\" id=\"field_w45g94_label\" class=\"frm_primary_label\">E-Mail\r\n\t\t<span class=\"frm_required\" aria-hidden=\"true\">*<\/span>\r\n\t<\/label>\r\n\t<input type=\"email\" id=\"field_w45g94\" name=\"item_meta[200]\" value=\"\"  autocomplete=\"email\"  data-reqmsg=\"Le champ ne peut pas \u00eatre vide.\" aria-required=\"true\" data-invmsg=\"Le champ n&#039;est pas valide\" aria-invalid=\"false\"  \/>\r\n\t\r\n\t\r\n<\/div>\n<div id=\"frm_field_199_container\" class=\"frm_form_field form-field  frm_required_field frm_top_container frm_half\">\r\n\t<label for=\"field_qeqzy4\" id=\"field_qeqzy4_label\" class=\"frm_primary_label\">T\u00e9l\u00e9phone\r\n\t\t<span class=\"frm_required\" aria-hidden=\"true\">*<\/span>\r\n\t<\/label>\r\n\t<input type=\"tel\" id=\"field_qeqzy4\" name=\"item_meta[199]\" value=\"\"  data-frmmask=\"000 000 00 00\" maxlength=\"13\" placeholder=\"012 345 67 89\" data-reqmsg=\"Le champ ne peut pas \u00eatre vide.\" aria-required=\"true\" data-invmsg=\"Le champ n&#039;est pas valide\" aria-invalid=\"false\" pattern=\"\\d\\d\\d \\d\\d\\d \\d\\d \\d\\d$\"  \/>\r\n\t\r\n\t\r\n<\/div>\n<div id=\"frm_field_204_container\" class=\"frm_form_field form-field  frm_required_field frm_top_container\">\r\n\t<label for=\"field_k567c4\" id=\"field_k567c4_label\" class=\"frm_primary_label\">Remarques ou nom de l\u2019association fa\u00eeti\u00e8re\r\n\t\t<span class=\"frm_required\" aria-hidden=\"true\">*<\/span>\r\n\t<\/label>\r\n\t<textarea name=\"item_meta[204]\" id=\"field_k567c4\" rows=\"5\"  data-reqmsg=\"Le champ ne peut pas \u00eatre vide.\" aria-required=\"true\" data-invmsg=\"Le champ n&#039;est pas valide\" aria-invalid=\"false\"  ><\/textarea>\r\n\t\r\n\t\r\n<\/div>\n\t\t<input  type=\"hidden\" name=\"item_meta[209]\" id=\"field_4bqpa\" value=\"FR\"  data-frmval=\"FR\"   \/>\n\t\t<div id=\"frm_field_206_container\" class=\"frm_form_field form-field  frm_none_container frm12 frm_first frm_top_container\">\r\n\t<label for=\"field_uo4og4\" id=\"field_uo4og4_label\" class=\"frm_primary_label\">\r\n\t\t<span class=\"frm_required\" aria-hidden=\"true\"><\/span>\r\n\t<\/label>\r\n\t<div id=\"qcaptcha\" class=\"qcaptcha-loading\"><\/div>\r\n\t\r\n\t\r\n<\/div>\n<div id=\"frm_field_207_container\" class=\"frm_form_field form-field  frm12 frm_first\">\r\n\t<div class=\"frm_submit frm_flex\">\r\n<button class=\"frm_button_submit frm_final_submit\" type=\"submit\"   formnovalidate=\"formnovalidate\">Envoyer<\/button>\r\n\r\n\r\n\r\n<\/div>\r\n<\/div>\n\t<input type=\"hidden\" name=\"item_key\" value=\"\" \/>\n\t\t\t<div id=\"frm_field_375_container\">\n\t\t\t<label for=\"field_5c42k\" >\n\t\t\t\tSi vous \u00eates un humain, ne remplissez pas ce champ.\t\t\t<\/label>\n\t\t\t<input  id=\"field_5c42k\" type=\"text\" class=\"frm_form_field form-field frm_verify\" name=\"item_meta[375]\" value=\"\"  \/>\n\t\t<\/div>\n\t\t<input name=\"frm_state\" type=\"hidden\" value=\"Kmi9agkE9K1tWgdmtYmWnT4DnSBDvOC4MflqK1u6EdWIxs3TCFC6opDjFFHX3C3s\" \/><\/div>\n<\/fieldset>\n<\/div>\n\n<\/form>\n<\/div>\n\n","protected":false},"excerpt":{"rendered":"<p>Adresse foodwaste.ch\u2028Wylerringstrasse 36CH-3014 Bern 031 306 17 60info@foodwaste.ch R\u00e9seaux sociaux Instagram Facebook LinkedIn YouTube Coordonn\u00e9es bancaires Banque:Postfinance Num\u00e9ro ce compte: PC 60-578242-9 IBAN:CH26 0900 0000 6057 8242 9 BIC-SWIFT: POFICHBEXXX Nous nous r\u00e9jouissons de ton message<\/p>\n","protected":false},"author":1,"featured_media":0,"parent":0,"menu_order":0,"comment_status":"closed","ping_status":"closed","template":"","meta":{"_acf_changed":false,"inline_featured_image":false,"footnotes":""},"class_list":["post-27504","page","type-page","status-publish","hentry"],"acf":[],"_links":{"self":[{"href":"https:\/\/foodwaste.ch\/fr\/wp-json\/wp\/v2\/pages\/27504","targetHints":{"allow":["GET"]}}],"collection":[{"href":"https:\/\/foodwaste.ch\/fr\/wp-json\/wp\/v2\/pages"}],"about":[{"href":"https:\/\/foodwaste.ch\/fr\/wp-json\/wp\/v2\/types\/page"}],"author":[{"embeddable":true,"href":"https:\/\/foodwaste.ch\/fr\/wp-json\/wp\/v2\/users\/1"}],"replies":[{"embeddable":true,"href":"https:\/\/foodwaste.ch\/fr\/wp-json\/wp\/v2\/comments?post=27504"}],"version-history":[{"count":3,"href":"https:\/\/foodwaste.ch\/fr\/wp-json\/wp\/v2\/pages\/27504\/revisions"}],"predecessor-version":[{"id":27510,"href":"https:\/\/foodwaste.ch\/fr\/wp-json\/wp\/v2\/pages\/27504\/revisions\/27510"}],"wp:attachment":[{"href":"https:\/\/foodwaste.ch\/fr\/wp-json\/wp\/v2\/media?parent=27504"}],"curies":[{"name":"wp","href":"https:\/\/api.w.org\/{rel}","templated":true}]}}