{"id":29173,"date":"2025-09-11T12:23:34","date_gmt":"2025-09-11T10:23:34","guid":{"rendered":"https:\/\/foodwaste.ch\/?page_id=29173"},"modified":"2025-12-09T08:02:40","modified_gmt":"2025-12-09T07:02:40","slug":"workshops-et-conferences-interactives","status":"publish","type":"page","link":"https:\/\/foodwaste.ch\/fr\/offre\/workshops-et-conferences-interactives\/","title":{"rendered":"Workshops et conf\u00e9rences interactives"},"content":{"rendered":"<h1 id=\"title\" class=\"wp-block-heading alignwide\">R\u00e9server un workshop ou une conf\u00e9rence interactive<\/h1><figure class=\"header-image wp-block-image alignwide size-large\"><img loading=\"lazy\" decoding=\"async\" width=\"1024\" height=\"682\" src=\"https:\/\/foodwaste.ch\/wp-content\/uploads\/2025\/10\/food-waste_workshop-1024x682.jpeg\" class=\"attachment-large size-large\" alt=\"\" style=\"object-position: 50% 75%;\" srcset=\"https:\/\/foodwaste.ch\/wp-content\/uploads\/2025\/10\/food-waste_workshop-1024x682.jpeg 1024w, https:\/\/foodwaste.ch\/wp-content\/uploads\/2025\/10\/food-waste_workshop-300x200.jpeg 300w, https:\/\/foodwaste.ch\/wp-content\/uploads\/2025\/10\/food-waste_workshop-768x512.jpeg 768w, https:\/\/foodwaste.ch\/wp-content\/uploads\/2025\/10\/food-waste_workshop-391x260.jpeg 391w, https:\/\/foodwaste.ch\/wp-content\/uploads\/2025\/10\/food-waste_workshop-1536x1024.jpeg 1536w, https:\/\/foodwaste.ch\/wp-content\/uploads\/2025\/10\/food-waste_workshop.jpeg 2000w\" sizes=\"auto, (max-width: 1024px) 100vw, 1024px\" \/><figcaption><\/figcaption><\/figure><div class=\"lead nobutton\"><p>Tu veux comprendre l\u2019impact du gaspillage alimentaire et d\u00e9couvrir des solutions concr\u00e8tes pour agir ? Nos expert-es viennent \u00e0 ta rencontre dans ton entreprise, ton \u00e9cole ou ta collectivit\u00e9 pour une conf\u00e9rence participative et inspirante sur le th\u00e8me du gaspillage alimentaire. Contacte-nous d\u00e8s aujourd\u2019hui pour obtenir ton offre personnalis\u00e9e.<\/p>\n<\/div>\n\n\n<p>Pendant environ une heure, d\u00e9couvre les principaux faits li\u00e9s au gaspillage alimentaire en Suisse : son influence sur le climat, les enjeux politiques (objectif 2030), et surtout les gestes simples pour r\u00e9duire tes d\u00e9chets alimentaires au quotidien.<\/p>\n\n\n\n<p>Gr\u00e2ce \u00e0 un outil interactif, chacun peut participer en direct \u00e0 un quiz et tester ses connaissances depuis son smartphone. Un moment dynamique, accessible \u00e0 tous, o\u00f9 l\u2019on apprend en s\u2019amusant !<\/p>\n\n\n\n<div class=\"wp-block-buttons is-layout-flex wp-block-buttons-is-layout-flex\">\n<div class=\"wp-block-button\"><a class=\"wp-block-button__link wp-element-button\" href=\"#contact\">Demander une offre<\/a><\/div>\n<\/div>\n\n\n<div class=\"accordion-blocks\">\n    <div class=\"accordion-block\">\n        <button class=\"accordion-toggle\">\n            Contenu        <\/button>\n        <div class=\"accordion-content\">\n            <ul>\n<li>Changement climatique et r\u00f4le de l\u2019alimentation<\/li>\n<li>Influence du gaspillage alimentaire et des dates de p\u00e9remption<\/li>\n<li>Objectif politique : r\u00e9duire de moiti\u00e9 le gaspillage d\u2019ici 2030<\/li>\n<li>Nouvelles possibilit\u00e9s li\u00e9es \u00e0 la DDM \/ DLC<\/li>\n<li>Bons gestes \u00e0 adopter \u00e0 la maison et en entreprise<\/li>\n<\/ul>\n                    <\/div>\n    <\/div>\n<\/div>\n\n\n<div class=\"accordion-blocks\">\n    <div class=\"accordion-block\">\n        <button class=\"accordion-toggle\">\n            En pratique        <\/button>\n        <div class=\"accordion-content\">\n            <ul>\n<li><strong>Langue :<\/strong> fran\u00e7ais<\/li>\n<li><strong>Dur\u00e9e :<\/strong> env. 60 minutes (discussion comprise)<\/li>\n<li><strong>Participants :<\/strong> 20 \u00e0 200 personnes<\/li>\n<li><strong>Format :<\/strong> en pr\u00e9sentiel ou en ligne<\/li>\n<li><strong>Inclus :<\/strong> d\u00e9pliants \u00ab 5 \u00e9tapes : Voici comment \u00e9viter le gaspillage alimentaire \u00e0 la maison \u00bb et \u00ab Profiter des aliments plus longtemps et sans risque \u00bb pour chaque participant (option pour les conf\u00e9rences en ligne)<\/li>\n<\/ul>\n                    <\/div>\n    <\/div>\n<\/div>\n\n\n\n<h2 id=\"degustation\" class=\"anchor-title\">\n    <small class=\"overline\">Option suppl\u00e9mentaire<\/small>\n    <div>D\u00e9gustation \u00ab Fais confiance \u00e0 tes sens ! \u00bb<\/div>\n<\/h2>\n\n\n\n<p>Mets tes sens \u00e0 l\u2019\u00e9preuve : observe, sens et go\u00fbte des produits dont la date de durabilit\u00e9 minimale (DDM) est d\u00e9pass\u00e9e, puis compare-les \u00e0 un produit neuf. L\u2019objectif ? Montrer qu\u2019un aliment reste souvent consommable bien apr\u00e8s sa DDM\u2026 et t\u2019aider \u00e0 faire confiance \u00e0 ton nez, tes yeux et ton palais !<\/p>\n\n\n\n<p><\/p>\n\n\n\n<div id=\"contact\" class=\"team contact-person alignwide\">\n                    <div class=\"title\">\n               <h3>Tu as des questions ? N\u2019h\u00e9site pas \u00e0 contacter Karim H\u00e4chler !<\/h3>\n            <\/div>\n            <div class=\"team-item\">\n                <img decoding=\"async\" src=\"https:\/\/foodwaste.ch\/wp-content\/uploads\/2025\/08\/2026_team_kha-1024x683.jpg\" alt=\"Karim H\u00e4chler\">\n                <div class=\"team-content\">\n                    <h4>Karim H\u00e4chler<\/h4>\n                    <h5 class=\"job-title\">Responsable des projets et communication Suisse-romande<\/h5>\n                    <a href=\"mailto:kh@foodwaste.ch\" class=\"btn\">\n                        Mail \u00e0 Karim                    <\/a>\n                <\/div>\n            <\/div>\n        <\/div>\n\n\n<div class=\"teasers layout-white custom-bg alignwide \">\n    <div class=\"wp-block-columns is-layout-flex wp-container-core-columns-is-layout-9d6595d7 wp-block-columns-is-layout-flex \">\n                    <div class=\"wp-block-column is-layout-flow wp-block-column-is-layout-flow\">\n            <h3>Cela pourrait aussi t\u2019int\u00e9resser<\/h3>\n            <\/div>\n                    <\/div>\n    <div class=\"post-wrapper posts \">\n                        <div class=\"post-item\">\n                    <a href=\"https:\/\/foodwaste.ch\/fr\/offre\/louer-une-exposition\/\">\n                <div class=\"post-content\">\n                    <span class=\"category\">Offre<\/span><h4>Louer une exposition<\/h4>                    \n                <\/div>\n                                    <figure>\n                        <img decoding=\"async\" class=\"skip_lazy\" src=\"https:\/\/foodwaste.ch\/wp-content\/uploads\/2025\/10\/MHDplus_HESO-2023_c-foodwaste-ch_Header-1024x529.jpg\" alt=\"Louer une exposition\">\n                    <\/figure>\n                                <\/a>\n                <\/div>\n                        <div class=\"post-item\">\n                    <a href=\"https:\/\/foodwaste.ch\/fr\/offre\/organiser-un-banquet-foodsave\/\">\n                <div class=\"post-content\">\n                    <span class=\"category\">Offre<\/span><h4>Organiser un Banquet-Foodsave<\/h4>                    \n                <\/div>\n                                    <figure>\n                        <img decoding=\"async\" class=\"skip_lazy\" src=\"https:\/\/foodwaste.ch\/wp-content\/uploads\/2025\/09\/FoodsaveBankettBern_PascaleAmez-1024x683.jpg\" alt=\"Organiser un Banquet-Foodsave\">\n                    <\/figure>\n                                <\/a>\n                <\/div>\n                        <div class=\"post-item\">\n                    <a href=\"https:\/\/foodwaste.ch\/fr\/offre\/offre-pour-le-commerce-de-detail-et-les-magasins-a-la-ferme\/\">\n                <div class=\"post-content\">\n                    <span class=\"category\">Offre<\/span><h4>Offre pour le commerce de d\u00e9tail et les magasins \u00e0 la ferme<\/h4>                    \n                <\/div>\n                                    <figure>\n                        <img decoding=\"async\" class=\"skip_lazy\" src=\"https:\/\/foodwaste.ch\/wp-content\/uploads\/2025\/11\/mhdplus_detailhandel_thumbnail_FR-1.jpg\" alt=\"Offre pour le commerce de d\u00e9tail et les magasins \u00e0 la ferme\">\n                    <\/figure>\n                                <\/a>\n                <\/div>\n            <\/div>\n    <\/div>","protected":false},"excerpt":{"rendered":"<p>Pendant environ une heure, d\u00e9couvre les principaux faits li\u00e9s au gaspillage alimentaire en Suisse : son influence sur le climat, les enjeux politiques (objectif 2030), et surtout les gestes simples pour r\u00e9duire tes d\u00e9chets alimentaires au quotidien. Gr\u00e2ce \u00e0 un outil interactif, chacun peut participer en direct \u00e0 un quiz et tester ses connaissances depuis [&hellip;]<\/p>\n","protected":false},"author":2,"featured_media":27004,"parent":27259,"menu_order":0,"comment_status":"closed","ping_status":"closed","template":"","meta":{"_acf_changed":false,"inline_featured_image":false,"footnotes":""},"class_list":["post-29173","page","type-page","status-publish","has-post-thumbnail","hentry"],"acf":[],"_links":{"self":[{"href":"https:\/\/foodwaste.ch\/fr\/wp-json\/wp\/v2\/pages\/29173","targetHints":{"allow":["GET"]}}],"collection":[{"href":"https:\/\/foodwaste.ch\/fr\/wp-json\/wp\/v2\/pages"}],"about":[{"href":"https:\/\/foodwaste.ch\/fr\/wp-json\/wp\/v2\/types\/page"}],"author":[{"embeddable":true,"href":"https:\/\/foodwaste.ch\/fr\/wp-json\/wp\/v2\/users\/2"}],"replies":[{"embeddable":true,"href":"https:\/\/foodwaste.ch\/fr\/wp-json\/wp\/v2\/comments?post=29173"}],"version-history":[{"count":13,"href":"https:\/\/foodwaste.ch\/fr\/wp-json\/wp\/v2\/pages\/29173\/revisions"}],"predecessor-version":[{"id":30343,"href":"https:\/\/foodwaste.ch\/fr\/wp-json\/wp\/v2\/pages\/29173\/revisions\/30343"}],"up":[{"embeddable":true,"href":"https:\/\/foodwaste.ch\/fr\/wp-json\/wp\/v2\/pages\/27259"}],"wp:featuredmedia":[{"embeddable":true,"href":"https:\/\/foodwaste.ch\/fr\/wp-json\/wp\/v2\/media\/27004"}],"wp:attachment":[{"href":"https:\/\/foodwaste.ch\/fr\/wp-json\/wp\/v2\/media?parent=29173"}],"curies":[{"name":"wp","href":"https:\/\/api.w.org\/{rel}","templated":true}]}}