{"id":29194,"date":"2025-09-11T16:18:26","date_gmt":"2025-09-11T14:18:26","guid":{"rendered":"https:\/\/foodwaste.ch\/?page_id=29194"},"modified":"2025-12-03T08:23:43","modified_gmt":"2025-12-03T07:23:43","slug":"etudes-et-recherche","status":"publish","type":"page","link":"https:\/\/foodwaste.ch\/fr\/reseau\/etudes-et-recherche\/","title":{"rendered":"\u00c9tudes et recherche"},"content":{"rendered":"<h1 id=\"title\" class=\"wp-block-heading alignwide\">\u00c9tudes et recherche sur le gaspillage alimentaire<\/h1><div class=\"lead nobutton\"><p>Chez foodwaste.ch, nous faisons le lien entre la recherche scientifique et la soci\u00e9t\u00e9 civile. Les \u00e9changes, les collaborations et la transmission du savoir sont au c\u0153ur de notre action. Tu veux t\u2019engager contre le gaspillage alimentaire dans le cadre de ta formation ? Cette page te donne un aper\u00e7u des nombreuses possibilit\u00e9s et rassemble une s\u00e9lection de rapports et ressources scientifiques pour aller plus loin.<\/p>\n<\/div>\n\n\n<h2 class=\"wp-block-heading\">\u00c9tudes<\/h2>\n\n\n<div class=\"accordion-blocks\">\n    <div class=\"accordion-block\">\n        <button class=\"accordion-toggle\">\n            BFH Haute \u00e9cole sp\u00e9cialis\u00e9e bernoise        <\/button>\n        <div class=\"accordion-content\">\n            <p><strong>Haute \u00e9cole des sciences agronomiques, foresti\u00e8res et alimentaires (HAFL)<\/strong><\/p>\n<p>En collaboration avec la HAFL, nous organisons des \u00ab D\u00e9fis Cuisine Z\u00e9ro Gaspi\u2019 \u00bb dans la r\u00e9gion de Berne. Nous concevons \u00e9galement des pr\u00e9sentations pour les futurs ing\u00e9nieurs agroalimentaires.<\/p>\n<ul>\n<li><a href=\"https:\/\/www.bfh.ch\/fr\/etudes\/bachelor\/food-science-and-management\/\" target=\"_blank\" rel=\"noopener\">Bachelor : Food Science &amp; Management<\/a><\/li>\n<li><a href=\"https:\/\/www.bfh.ch\/fr\/etudes\/bachelor\/gestion-environnement-ressources\/\" target=\"_blank\" rel=\"noopener\">Bachelor : Gestion de l\u2019environnement et des ressources<\/a><\/li>\n<li><a href=\"https:\/\/www.bfh.ch\/fr\/etudes\/bachelor\/food-science-and-management\/\" target=\"_blank\" rel=\"noopener\">Master : Life Sciences \u2013 Food, Nutrition and Health<\/a><\/li>\n<\/ul>\n                    <\/div>\n    <\/div>\n<\/div>\n\n\n<div class=\"accordion-blocks\">\n    <div class=\"accordion-block\">\n        <button class=\"accordion-toggle\">\n            ZHAW Z\u00fcrcher Hochschule f\u00fcr angewandte Wissenschaft        <\/button>\n        <div class=\"accordion-content\">\n            <p><strong>Life Sciences und Facility Management (LSFM)<\/strong><\/p>\n<p>Des collaborateurs-trices scientifiques de la ZHAW-LSFM nous apportent leur soutien technique pour notre page <a href=\"https:\/\/foodwaste.ch\/wissen\/check-die-haltbarkeit\/\">\u00ab V\u00e9rifiez la date de p\u00e9remption ! \u00bb<\/a> et pour les questions g\u00e9n\u00e9rales relatives aux th\u00e8mes actuels li\u00e9s au gaspillage alimentaire.<\/p>\n<ul>\n<li><a href=\"https:\/\/www.zhaw.ch\/de\/lsfm\/studium\/bachelor\/food-science\" target=\"_blank\" rel=\"noopener\">Bachelor : Food Science<\/a><\/li>\n<li><a href=\"https:\/\/www.zhaw.ch\/de\/lsfm\/studium\/master\/food-and-beverage-innovation\" target=\"_blank\" rel=\"noopener\">Master : Life Sciences \u2013 Vertiefung Food and Beverage Innovation<\/a><\/li>\n<li><a href=\"https:\/\/www.zhaw.ch\/de\/lsfm\/studium\/master\/umwelt-und-natuerliche-ressourcen\/agraroekologie\" target=\"_blank\" rel=\"noopener\">Master : Umwelt und Nat\u00fcrliche Ressourcen, Schwerpunkt Agrar\u00f6kologie und Ern\u00e4hrungssysteme<\/a><\/li>\n<li><a href=\"https:\/\/www.zhaw.ch\/de\/lsfm\/studium\/master\/preneurship\" target=\"_blank\" rel=\"noopener\">Master : Preneurship for Regenerative Food Systems<\/a><\/li>\n<\/ul>\n<p><strong>School of Management and Law (SML)<\/strong><\/p>\n<ul>\n<li><a href=\"https:\/\/www.zhaw.ch\/de\/sml\/studium\/master\/circular-economy-management\" target=\"_blank\" rel=\"noopener\">Master : Circular Economy Management<\/a><\/li>\n<\/ul>\n                    <\/div>\n    <\/div>\n<\/div>\n\n\n<div class=\"accordion-blocks\">\n    <div class=\"accordion-block\">\n        <button class=\"accordion-toggle\">\n            HES-SO Valais-Wallis        <\/button>\n        <div class=\"accordion-content\">\n            <ul>\n<li><a href=\"https:\/\/www.hevs.ch\/fr\/hautes-ecoles\/haute-ecole-d-ingenierie\/sciences-du-vivant\/formation-bachelor-ingenieure-en-sciences-du-vivant\/technologie-et-biotechnologie-alimentaire-200549\" target=\"_blank\" rel=\"noopener\">Bachelor : Sciences du vivant \u2013 Technologie et biotechnologie alimentaire<\/a><\/li>\n<\/ul>\n                    <\/div>\n    <\/div>\n<\/div>\n\n\n<div class=\"accordion-blocks\">\n    <div class=\"accordion-block\">\n        <button class=\"accordion-toggle\">\n            ETH Z\u00fcrich        <\/button>\n        <div class=\"accordion-content\">\n            <ul>\n<li><a href=\"https:\/\/ethz.ch\/de\/studium\/bachelor\/studienangebot\/systemorientierte-naturwissenschaften\/lebensmittelwissenschaften-und-ernaehrung.html\" target=\"_blank\" rel=\"noopener\">Bachelor : Lebensmittelwissenschaften und Ern\u00e4hrung<\/a><\/li>\n<li><a href=\"https:\/\/ethz.ch\/de\/studium\/master\/studienangebot\/systemorientierte-naturwissenschaften\/lebensmittelwissenschaften.html\" target=\"_blank\" rel=\"noopener\">Master : Lebensmittelwissenschaften und Ern\u00e4hrung<\/a><\/li>\n<li><a href=\"https:\/\/usys.ethz.ch\/studium\/umweltnaturwissenschaften\/master\/vertiefungen\/gesundheit-ernaehrung-umwelt.html\" target=\"_blank\" rel=\"noopener\">Master : Umweltnaturwissenschaften \u2013 Vertiefung Gesundheit, Ern\u00e4hrung und Umwelt<\/a><\/li>\n<\/ul>\n                    <\/div>\n    <\/div>\n<\/div>\n\n\n<div class=\"accordion-blocks\">\n    <div class=\"accordion-block\">\n        <button class=\"accordion-toggle\">\n            Universit\u00e4t Basel        <\/button>\n        <div class=\"accordion-content\">\n            <ul>\n<li><a href=\"https:\/\/msd.unibas.ch\/en\/\" target=\"_blank\" rel=\"noopener\">Master : Sustainable Development<\/a><\/li>\n<\/ul>\n                    <\/div>\n    <\/div>\n<\/div>\n\n\n\n<h3 class=\"wp-block-heading\">Clients r\u00e9guliers pour des conf\u00e9rences<\/h3>\n\n\n\n<p>Nous donnons r\u00e9guli\u00e8rement des conf\u00e9rences dans ces \u00e9tablissement d\u2019enseignement sup\u00e9rieur.<\/p>\n\n\n<div class=\"accordion-blocks\">\n    <div class=\"accordion-block\">\n        <button class=\"accordion-toggle\">\n            HES-SO Master        <\/button>\n        <div class=\"accordion-content\">\n            <ul>\n<li><a href=\"https:\/\/www.hes-so.ch\/master\/hes-so-master\/formations\/business-administration\" target=\"_blank\" rel=\"noopener\">Master : Business Administration<\/a><\/li>\n<\/ul>\n                    <\/div>\n    <\/div>\n<\/div>\n\n\n<div class=\"accordion-blocks\">\n    <div class=\"accordion-block\">\n        <button class=\"accordion-toggle\">\n            EHL Hospitality Business School        <\/button>\n        <div class=\"accordion-content\">\n            <ul>\n<li><a href=\"https:\/\/www.ehl.edu\/fr\/etudier\/bachelor\" target=\"_blank\" rel=\"noopener\">Bachelor : Management h\u00f4telier<\/a><\/li>\n<\/ul>\n                    <\/div>\n    <\/div>\n<\/div>\n\n\n<div class=\"accordion-blocks\">\n    <div class=\"accordion-block\">\n        <button class=\"accordion-toggle\">\n            \u00c9cole Sup\u00e9rieure Sant\u00e9 Valais-Wallis        <\/button>\n        <div class=\"accordion-content\">\n            <ul>\n<li><a href=\"https:\/\/www.es-sante.ch\/La-formation\" target=\"_blank\" rel=\"noopener\">Fili\u00e8re Soins infirmiers ES<\/a><\/li>\n<\/ul>\n                    <\/div>\n    <\/div>\n<\/div>\n\n\n\n<h2 class=\"wp-block-heading\">Rapports scientifiques<\/h2>\n\n\n\n<h3 class=\"wp-block-heading\">Monitoring der Lebensmittelverluste in der Schweiz \u2013 Zwischenstandsbericht 2025<\/h3>\n\n\n\n<p>disponible en allemend<\/p>\n\n\n\n<p>Beretta et al. (2025) <br>Sur mandat de l\u2019Office f\u00e9d\u00e9ral de l\u2019environnement OFEV<\/p>\n\n\n\n<div class=\"wp-block-buttons is-layout-flex wp-block-buttons-is-layout-flex\">\n<div class=\"wp-block-button\"><a class=\"wp-block-button__link wp-element-button\" href=\"https:\/\/digitalcollection.zhaw.ch\/items\/71baaedb-a54d-4042-866c-73343a293826\" target=\"_blank\" rel=\"noreferrer noopener\">Vers le rapport<\/a><\/div>\n<\/div>\n\n\n\n<h3 class=\"wp-block-heading\">Lebensmittelverluste in der Schweiz \u2013 Umweltbelastung und Vermeidungspotenzial<\/h3>\n\n\n\n<p>avec r\u00e9sum\u00e9 en fran\u00e7ais<\/p>\n\n\n\n<p>Beretta und Hellweg (2019)<br>Sur mandat de l\u2019Office f\u00e9d\u00e9ral de l\u2019environnement OFEV<\/p>\n\n\n\n<div class=\"wp-block-buttons is-layout-flex wp-block-buttons-is-layout-flex\">\n<div class=\"wp-block-button\"><a class=\"wp-block-button__link wp-element-button\" href=\"https:\/\/www.bafu.admin.ch\/dam\/de\/sd-web\/wk7BtDNM4N3M\/lebensmittelverluste-in-der-schweiz-umweltbelastung-und-verminderungspotenzial.pdf\" target=\"_blank\" rel=\"noreferrer noopener\">Vers le rapport (PDF)<\/a><\/div>\n<\/div>\n\n\n\n<h3 class=\"wp-block-heading\">Dur\u00e9e de conservation des aliments<\/h3>\n\n\n\n<p>Tu trouveras <a href=\"https:\/\/foodwaste.ch\/fr\/legislation-et-bases-scientifiques\/\">ici<\/a> les bases scientifiques et juridiques relatives \u00e0 la dur\u00e9e de conservation des denr\u00e9es alimentaires.<\/p>\n\n\n\n<p><\/p>\n","protected":false},"excerpt":{"rendered":"<p>\u00c9tudes Clients r\u00e9guliers pour des conf\u00e9rences Nous donnons r\u00e9guli\u00e8rement des conf\u00e9rences dans ces \u00e9tablissement d\u2019enseignement sup\u00e9rieur. Rapports scientifiques Monitoring der Lebensmittelverluste in der Schweiz \u2013 Zwischenstandsbericht 2025 disponible en allemend Beretta et al. (2025) Sur mandat de l\u2019Office f\u00e9d\u00e9ral de l\u2019environnement OFEV Lebensmittelverluste in der Schweiz \u2013 Umweltbelastung und Vermeidungspotenzial avec r\u00e9sum\u00e9 en fran\u00e7ais Beretta [&hellip;]<\/p>\n","protected":false},"author":2,"featured_media":27391,"parent":27261,"menu_order":0,"comment_status":"closed","ping_status":"closed","template":"","meta":{"_acf_changed":false,"inline_featured_image":false,"footnotes":""},"class_list":["post-29194","page","type-page","status-publish","has-post-thumbnail","hentry"],"acf":[],"_links":{"self":[{"href":"https:\/\/foodwaste.ch\/fr\/wp-json\/wp\/v2\/pages\/29194","targetHints":{"allow":["GET"]}}],"collection":[{"href":"https:\/\/foodwaste.ch\/fr\/wp-json\/wp\/v2\/pages"}],"about":[{"href":"https:\/\/foodwaste.ch\/fr\/wp-json\/wp\/v2\/types\/page"}],"author":[{"embeddable":true,"href":"https:\/\/foodwaste.ch\/fr\/wp-json\/wp\/v2\/users\/2"}],"replies":[{"embeddable":true,"href":"https:\/\/foodwaste.ch\/fr\/wp-json\/wp\/v2\/comments?post=29194"}],"version-history":[{"count":14,"href":"https:\/\/foodwaste.ch\/fr\/wp-json\/wp\/v2\/pages\/29194\/revisions"}],"predecessor-version":[{"id":30196,"href":"https:\/\/foodwaste.ch\/fr\/wp-json\/wp\/v2\/pages\/29194\/revisions\/30196"}],"up":[{"embeddable":true,"href":"https:\/\/foodwaste.ch\/fr\/wp-json\/wp\/v2\/pages\/27261"}],"wp:featuredmedia":[{"embeddable":true,"href":"https:\/\/foodwaste.ch\/fr\/wp-json\/wp\/v2\/media\/27391"}],"wp:attachment":[{"href":"https:\/\/foodwaste.ch\/fr\/wp-json\/wp\/v2\/media?parent=29194"}],"curies":[{"name":"wp","href":"https:\/\/api.w.org\/{rel}","templated":true}]}}