{"id":29409,"date":"2025-10-30T16:22:11","date_gmt":"2025-10-30T15:22:11","guid":{"rendered":"https:\/\/foodwaste.ch\/reseau\/organisations-foodsave\/inscrire-une-organisation\/"},"modified":"2025-11-12T14:36:21","modified_gmt":"2025-11-12T13:36:21","slug":"inscrire-une-organisation","status":"publish","type":"page","link":"https:\/\/foodwaste.ch\/fr\/reseau\/organisations-foodsave\/inscrire-une-organisation\/","title":{"rendered":"Inscrire une organisation"},"content":{"rendered":"\n<h1 class=\"wp-block-heading alignwide\">Inscrire une organisation<\/h1>\n<div class=\"frm_forms \" id=\"frm_form_7_container\" data-token=\"95e2cd3c07d91671b078d7ea95fd6bdd\">\n<form enctype=\"multipart\/form-data\" method=\"post\" class=\"frm-show-form  frm_js_validate  frm_pro_form \" id=\"form_add-org\" data-token=\"95e2cd3c07d91671b078d7ea95fd6bdd\">\n<div class=\"frm_form_fields \">\n<fieldset>\n<legend class=\"frm_screen_reader\">Kit de d\u00e9marrage<\/legend>\r\n\r\n<div class=\"frm_fields_container\">\n<input type=\"hidden\" name=\"frm_action\" value=\"create\" \/>\n<input type=\"hidden\" name=\"form_id\" value=\"7\" \/>\n<input type=\"hidden\" name=\"frm_hide_fields_7\" id=\"frm_hide_fields_7\" value=\"\" \/>\n<input type=\"hidden\" name=\"form_key\" value=\"add-org\" \/>\n<input type=\"hidden\" name=\"item_meta[0]\" value=\"\" \/>\n<input type=\"hidden\" id=\"frm_submit_entry_7\" name=\"frm_submit_entry_7\" value=\"40b2de21f3\" \/><input type=\"hidden\" name=\"_wp_http_referer\" value=\"\/fr\/wp-json\/wp\/v2\/pages\/29409\" \/><div id=\"frm_field_271_container\" class=\"frm_form_field  body-small frm_html_container form-field\">\n<p>* Veuillez remplir tous les champs marqu\u00e9s d'un ast\u00e9risque.<\/p>\n<\/div>\n<div id=\"frm_field_226_container\" class=\"frm_form_field form-field  frm_required_field frm_top_container\">\r\n\t<label for=\"field_biubv\" id=\"field_biubv_label\" class=\"frm_primary_label\">Nom de l'organisation\r\n\t\t<span class=\"frm_required\" aria-hidden=\"true\">*<\/span>\r\n\t<\/label>\r\n\t<input  type=\"text\" id=\"field_biubv\" name=\"item_meta[226]\" value=\"\"  data-reqmsg=\"Le champ ne peut pas \u00eatre vide.\" aria-required=\"true\" data-invmsg=\"Le champ n&#039;est pas valide\" aria-invalid=\"false\"   \/>\r\n\t\r\n\t\r\n<\/div>\n<div id=\"frm_field_229_container\" class=\"frm_form_field form-field  frm_required_field frm_top_container\">\r\n\t<label for=\"field_g0282\" id=\"field_g0282_label\" class=\"frm_primary_label\">Description en une phrase\r\n\t\t<span class=\"frm_required\" aria-hidden=\"true\">*<\/span>\r\n\t<\/label>\r\n\t<textarea data-auto-grow=\"1\"  name=\"item_meta[229]\" id=\"field_g0282\" rows=\"5\"  placeholder=\"D\u00e9cris ton organisation\/projet en une phrase. Celle-ci sert de teaser pour les lecteurs et lectrices. Si vous souhaitez un texte multilingue (DE\/FR\/IT), veuillez ins\u00e9rer les traductions les unes sous les autres.\" data-reqmsg=\"Le champ ne peut pas \u00eatre vide.\" aria-required=\"true\" data-invmsg=\"Le champ n&#039;est pas valide\" aria-invalid=\"false\"  ><\/textarea><div class=\"frm_pro_max_limit_desc\" data-max=\"300\" data-max-type=\"char\"><span id=\"frm_pro_content_length_229\">0<\/span> sur 300 max caract\u00e8res<\/div>\r\n\t\r\n\t\r\n<\/div>\n<div id=\"frm_field_230_container\" class=\"frm_form_field form-field  frm_required_field frm_top_container\">\r\n\t<label for=\"field_mdjdm\" id=\"field_mdjdm_label\" class=\"frm_primary_label\">Description en 10 lignes maximum\r\n\t\t<span class=\"frm_required\" aria-hidden=\"true\">*<\/span>\r\n\t<\/label>\r\n\t<textarea data-auto-grow=\"1\"  name=\"item_meta[230]\" id=\"field_mdjdm\" rows=\"5\"  placeholder=\"Tu as ici la place de d\u00e9crire ton organisation\/projet de mani\u00e8re plus d\u00e9taill\u00e9e. Veille \u00e0 aller \u00e0 l&#039;essentiel. Si vous souhaitez un texte multilingue (DE\/FR\/IT), veuillez ins\u00e9rer les traductions les unes sous les autres.\" data-reqmsg=\"Le champ ne peut pas \u00eatre vide.\" aria-required=\"true\" data-invmsg=\"Le champ n&#039;est pas valide\" aria-invalid=\"false\"  ><\/textarea><div class=\"frm_pro_max_limit_desc\" data-max=\"3000\" data-max-type=\"char\"><span id=\"frm_pro_content_length_230\">0<\/span> sur 3000 max caract\u00e8res<\/div>\r\n\t\r\n\t\r\n<\/div>\n<div id=\"frm_field_234_container\" class=\"frm_form_field form-field  frm_top_container\">\r\n\t<label for=\"field_y4xlr\" id=\"field_y4xlr_label\" class=\"frm_primary_label\">URL du site web\r\n\t\t<span class=\"frm_required\" aria-hidden=\"true\"><\/span>\r\n\t<\/label>\r\n\t<input type=\"url\" id=\"field_y4xlr\" name=\"item_meta[234]\" value=\"\"  placeholder=\"https:\/\/\" data-invmsg=\"Le champ n&#039;est pas valide\" aria-invalid=\"false\"  \/>\r\n\t\r\n\t\r\n<\/div>\n<div id=\"frm_field_240_container\" class=\"frm_form_field form-field  frm_required_field frm_top_container frm_half vertical_radio\">\r\n\t<div  id=\"field_wjhs6_label\" class=\"frm_primary_label\">R\u00e9gion\r\n\t\t<span class=\"frm_required\" aria-hidden=\"true\">*<\/span>\r\n\t<\/div>\r\n\t<div class=\"frm_opt_container\" aria-labelledby=\"field_wjhs6_label\" role=\"group\">\t\t<div class=\"frm_catlevel_1\">\t\t<div class=\"frm_checkbox\" id=\"frm_checkbox_240-2097\">\n\t\t\t<label for=\"field_240-2097\"><input type=\"checkbox\" name=\"item_meta[240][]\" id=\"field_240-2097\" value=\"2097\"  data-reqmsg=\"Le champ ne peut pas \u00eatre vide.\" data-invmsg=\"Le champ n&#039;est pas valide\"   \/>Canton de Berne<\/label>\n<\/div><\/div>\n\t\t<div class=\"frm_catlevel_1\">\t\t<div class=\"frm_checkbox\" id=\"frm_checkbox_240-2098\">\n\t\t\t<label for=\"field_240-2098\"><input type=\"checkbox\" name=\"item_meta[240][]\" id=\"field_240-2098\" value=\"2098\"  data-reqmsg=\"Le champ ne peut pas \u00eatre vide.\" data-invmsg=\"Le champ n&#039;est pas valide\"   \/>Canton de Zurich<\/label>\n<\/div><\/div>\n\t\t<div class=\"frm_catlevel_1\">\t\t<div class=\"frm_checkbox\" id=\"frm_checkbox_240-2105\">\n\t\t\t<label for=\"field_240-2105\"><input type=\"checkbox\" name=\"item_meta[240][]\" id=\"field_240-2105\" value=\"2105\"  data-reqmsg=\"Le champ ne peut pas \u00eatre vide.\" data-invmsg=\"Le champ n&#039;est pas valide\"   \/>Dans le monde entier<\/label>\n<\/div><\/div>\n\t\t<div class=\"frm_catlevel_1\">\t\t<div class=\"frm_checkbox\" id=\"frm_checkbox_240-2102\">\n\t\t\t<label for=\"field_240-2102\"><input type=\"checkbox\" name=\"item_meta[240][]\" id=\"field_240-2102\" value=\"2102\"  data-reqmsg=\"Le champ ne peut pas \u00eatre vide.\" data-invmsg=\"Le champ n&#039;est pas valide\"   \/>Dans toute la Suisse<\/label>\n<\/div><\/div>\n\t\t<div class=\"frm_catlevel_1\">\t\t<div class=\"frm_checkbox\" id=\"frm_checkbox_240-2106\">\n\t\t\t<label for=\"field_240-2106\"><input type=\"checkbox\" name=\"item_meta[240][]\" id=\"field_240-2106\" value=\"2106\"  data-reqmsg=\"Le champ ne peut pas \u00eatre vide.\" data-invmsg=\"Le champ n&#039;est pas valide\"   \/>Suisse centrale<\/label>\n<\/div><\/div>\n\t\t<div class=\"frm_catlevel_1\">\t\t<div class=\"frm_checkbox\" id=\"frm_checkbox_240-2099\">\n\t\t\t<label for=\"field_240-2099\"><input type=\"checkbox\" name=\"item_meta[240][]\" id=\"field_240-2099\" value=\"2099\"  data-reqmsg=\"Le champ ne peut pas \u00eatre vide.\" data-invmsg=\"Le champ n&#039;est pas valide\"   \/>Suisse du Nord-Ouest<\/label>\n<\/div><\/div>\n\t\t<div class=\"frm_catlevel_1\">\t\t<div class=\"frm_checkbox\" id=\"frm_checkbox_240-2100\">\n\t\t\t<label for=\"field_240-2100\"><input type=\"checkbox\" name=\"item_meta[240][]\" id=\"field_240-2100\" value=\"2100\"  data-reqmsg=\"Le champ ne peut pas \u00eatre vide.\" data-invmsg=\"Le champ n&#039;est pas valide\"   \/>Suisse orientale<\/label>\n<\/div><\/div>\n\t\t<div class=\"frm_catlevel_1\">\t\t<div class=\"frm_checkbox\" id=\"frm_checkbox_240-2101\">\n\t\t\t<label for=\"field_240-2101\"><input type=\"checkbox\" name=\"item_meta[240][]\" id=\"field_240-2101\" value=\"2101\"  data-reqmsg=\"Le champ ne peut pas \u00eatre vide.\" data-invmsg=\"Le champ n&#039;est pas valide\"   \/>Suisse romande<\/label>\n<\/div><\/div>\n\t\t<div class=\"frm_catlevel_1\">\t\t<div class=\"frm_checkbox\" id=\"frm_checkbox_240-2103\">\n\t\t\t<label for=\"field_240-2103\"><input type=\"checkbox\" name=\"item_meta[240][]\" id=\"field_240-2103\" value=\"2103\"  data-reqmsg=\"Le champ ne peut pas \u00eatre vide.\" data-invmsg=\"Le champ n&#039;est pas valide\"   \/>Tessin<\/label>\n<\/div><\/div>\n\t\t<div class=\"frm_catlevel_1\">\t\t<div class=\"frm_checkbox\" id=\"frm_checkbox_240-2104\">\n\t\t\t<label for=\"field_240-2104\"><input type=\"checkbox\" name=\"item_meta[240][]\" id=\"field_240-2104\" value=\"2104\"  data-reqmsg=\"Le champ ne peut pas \u00eatre vide.\" data-invmsg=\"Le champ n&#039;est pas valide\"   \/>Valais<\/label>\n<\/div><\/div>\n<\/div>\r\n\t\r\n\t\r\n<\/div>\n<div id=\"frm_field_241_container\" class=\"frm_form_field form-field  frm_required_field frm_top_container frm_half vertical_radio\">\r\n\t<div  id=\"field_qrl2t_label\" class=\"frm_primary_label\">Cat\u00e9gorie\r\n\t\t<span class=\"frm_required\" aria-hidden=\"true\">*<\/span>\r\n\t<\/div>\r\n\t<div class=\"frm_opt_container\" aria-labelledby=\"field_qrl2t_label\" role=\"group\">\t\t<div class=\"frm_catlevel_1\">\t\t<div class=\"frm_checkbox\" id=\"frm_checkbox_241-2093\">\n\t\t\t<label for=\"field_241-2093\"><input type=\"checkbox\" name=\"item_meta[241][]\" id=\"field_241-2093\" value=\"2093\"  data-reqmsg=\"Le champ ne peut pas \u00eatre vide.\" data-invmsg=\"Le champ n&#039;est pas valide\"   \/>Achat &amp; restauration<\/label>\n<\/div><\/div>\n\t\t<div class=\"frm_catlevel_1\">\t\t<div class=\"frm_checkbox\" id=\"frm_checkbox_241-2095\">\n\t\t\t<label for=\"field_241-2095\"><input type=\"checkbox\" name=\"item_meta[241][]\" id=\"field_241-2095\" value=\"2095\"  data-reqmsg=\"Le champ ne peut pas \u00eatre vide.\" data-invmsg=\"Le champ n&#039;est pas valide\"   \/>Actions participatives<\/label>\n<\/div><\/div>\n\t\t<div class=\"frm_catlevel_1\">\t\t<div class=\"frm_checkbox\" id=\"frm_checkbox_241-2096\">\n\t\t\t<label for=\"field_241-2096\"><input type=\"checkbox\" name=\"item_meta[241][]\" id=\"field_241-2096\" value=\"2096\"  data-reqmsg=\"Le champ ne peut pas \u00eatre vide.\" data-invmsg=\"Le champ n&#039;est pas valide\"   \/>Alimentation durable<\/label>\n<\/div><\/div>\n\t\t<div class=\"frm_catlevel_1\">\t\t<div class=\"frm_checkbox\" id=\"frm_checkbox_241-2094\">\n\t\t\t<label for=\"field_241-2094\"><input type=\"checkbox\" name=\"item_meta[241][]\" id=\"field_241-2094\" value=\"2094\"  data-reqmsg=\"Le champ ne peut pas \u00eatre vide.\" data-invmsg=\"Le champ n&#039;est pas valide\"   \/>Partage ou don de nourriture<\/label>\n<\/div><\/div>\n\t\t<div class=\"frm_catlevel_1\">\t\t<div class=\"frm_checkbox\" id=\"frm_checkbox_241-2092\">\n\t\t\t<label for=\"field_241-2092\"><input type=\"checkbox\" name=\"item_meta[241][]\" id=\"field_241-2092\" value=\"2092\"  data-reqmsg=\"Le champ ne peut pas \u00eatre vide.\" data-invmsg=\"Le champ n&#039;est pas valide\"   \/>Plateformes num\u00e9riques<\/label>\n<\/div><\/div>\n<\/div>\r\n\t\r\n\t\r\n<\/div>\n<div id=\"frm_field_242_container\" class=\"frm_form_field frm_section_heading form-field \">\r\n<h3 class=\"frm_pos_top frm_section_spacing\">Sites de l'organisation<\/h3>\r\n\r\n<input type=\"hidden\" name=\"item_meta[242][form]\" value=\"9\" class=\"frm_dnc\" \/>\n\t\t\t<div id=\"frm_section_242-0\" class=\"frm_repeat_sec frm_repeat_242 frm_first_repeat frm_grid_container\">\n<input type=\"hidden\" name=\"item_meta[242][row_ids][]\" value=\"0\" \/><input type=\"hidden\" name=\"item_meta[242][0][0]\" value=\"\" \/><div id=\"frm_field_227-242-0_container\" class=\"frm_form_field form-field  frm_required_field frm_top_container frm_field_227_container\">\r\n\t<label for=\"field_uz6iv-0\" id=\"field_uz6iv-0_label\" class=\"frm_primary_label\">Adresse\r\n\t\t<span class=\"frm_required\" aria-hidden=\"true\">*<\/span>\r\n\t<\/label>\r\n\t<textarea name=\"item_meta[242][0][227]\" id=\"field_uz6iv-0\" rows=\"2\"  data-sectionid=\"242\"  placeholder=\"Beispielgasse 1, 1234 Musterhausen\" data-reqmsg=\"Le champ ne peut pas \u00eatre vide.\" aria-required=\"true\" data-invmsg=\"Le champ n&#039;est pas valide\" aria-invalid=\"false\"  ><\/textarea>\r\n\t\r\n\t\r\n<\/div>\n<div class=\"frm_form_field frm_hidden_container frm_repeat_buttons \"><a href=\"#\" class=\"frm_add_form_row frm_button\" data-parent=\"242\" aria-label=\"Ajouter\">Ajouter<\/a>\n<a href=\"#\" class=\"frm_remove_form_row frm_button\" data-key=\"0\" data-parent=\"242\" aria-label=\"Supprimer\">Supprimer<\/a> <\/div><\/div>\n\r\n<\/div>\n<div id=\"frm_field_228_container\" class=\"frm_form_field form-field  frm_required_field frm_top_container\">\r\n\t<label for=\"field_ujfbf\" id=\"field_ujfbf_label\" class=\"frm_primary_label\">Adresse(s) e-mail\/contacts de l'organisation\r\n\t\t<span class=\"frm_required\" aria-hidden=\"true\">*<\/span>\r\n\t<\/label>\r\n\t<textarea name=\"item_meta[228]\" id=\"field_ujfbf\" rows=\"5\"  data-reqmsg=\"Le champ ne peut pas \u00eatre vide.\" aria-required=\"true\" data-invmsg=\"Le champ n&#039;est pas valide\" aria-invalid=\"false\"  ><\/textarea>\r\n\t\r\n\t\r\n<\/div>\n<div id=\"frm_field_232_container\" class=\"frm_form_field form-field  frm_top_container frm6 frm_first\">\r\n\t<label for=\"field_xqjsf\" id=\"field_xqjsf_label\" class=\"frm_primary_label\">Logo\r\n\t\t<span class=\"frm_required\" aria-hidden=\"true\"><\/span>\r\n\t<\/label>\r\n\t<input type=\"hidden\"  data-invmsg=\"Le champ n&#039;est pas valide\" class=\"auto_width\" aria-invalid=\"false\"   name=\"item_meta[232]\"  value=\"\" data-frmfile=\"232\" \/>\n\n<div class=\"frm_dropzone frm_single_upload frm_clearfix\" id=\"file232_dropzone\" role=\"group\" >\n\t<div class=\"fallback\">\n\t\t<input type=\"file\" name=\"file232\" id=\"field_xqjsf\"\n\t\t\t data-invmsg=\"Le champ n&#039;est pas valide\" class=\"auto_width\" aria-invalid=\"false\"  \t\t\t\/>\n\t\t\t\t<div class=\"frm_clearfix \"><\/div>\n\t<\/div>\n\t<div class=\"dz-message needsclick\">\n\t\t\t\t<svg  viewBox=\"0 0 18 18\" class=\"frmsvg frm-svg-icon\">\n\t<path viewBox=\"0 0 18 18\" fill-rule=\"evenodd\" clip-rule=\"evenodd\" d=\"M8.2 4v8a.8.8 0 001.5 0V4l2.1 2.2A.7.7 0 1013 5L9.5 1.7a.7.7 0 00-1.1 0L5.1 5.2a.8.8 0 001 1l2.1-2zm7.6 4.3c.4 0 .7.3.7.7v6.8c0 .4-.3.7-.8.7H2.3a.8.8 0 01-.8-.8V9A.8.8 0 013 9v6h12V9c0-.4.3-.8.8-.8z\"><\/path>\n<\/svg>\t\t<span class=\"frm_upload_text\"><button type=\"button\" aria-label=\"Logo. Zum Hochladen Datei hier ablegen oder auf den Button klicken.. Taille de fichier maximale\u00a0: 5MB\">Zum Hochladen Datei hier ablegen oder auf den Button klicken.<\/button><\/span>\n\t\t<span class=\"frm_compact_text\"><button type=\"button\" aria-label=\"Logo. Datei w\u00e4hlen. Taille de fichier maximale\u00a0: 5MB\">Datei w\u00e4hlen<\/button><\/span>\n\t\t<div class=\"frm_small_text\">\n\t\t\t<p>Taille de fichier maximale\u00a0: 5MB<\/p>\n\t\t<\/div>\n\t<\/div>\n<\/div>\n\t\r\n\t\r\n\t\r\n<\/div>\n<div id=\"frm_field_231_container\" class=\"frm_form_field form-field  frm_top_container frm6\">\r\n\t<label for=\"field_9j618\" id=\"field_9j618_label\" class=\"frm_primary_label\">Image symbolique\r\n\t\t<span class=\"frm_required\" aria-hidden=\"true\"><\/span>\r\n\t<\/label>\r\n\t<input type=\"hidden\"  data-invmsg=\"Le champ n&#039;est pas valide\" class=\"auto_width\" aria-invalid=\"false\"   name=\"item_meta[231]\"  value=\"\" data-frmfile=\"231\" \/>\n\n<div class=\"frm_dropzone frm_single_upload frm_clearfix\" id=\"file231_dropzone\" role=\"group\" >\n\t<div class=\"fallback\">\n\t\t<input type=\"file\" name=\"file231\" id=\"field_9j618\"\n\t\t\t data-invmsg=\"Le champ n&#039;est pas valide\" class=\"auto_width\" aria-invalid=\"false\"  \t\t\t\/>\n\t\t\t\t<div class=\"frm_clearfix \"><\/div>\n\t<\/div>\n\t<div class=\"dz-message needsclick\">\n\t\t\t\t<svg  viewBox=\"0 0 18 18\" class=\"frmsvg frm-svg-icon\">\n\t<path viewBox=\"0 0 18 18\" fill-rule=\"evenodd\" clip-rule=\"evenodd\" d=\"M8.2 4v8a.8.8 0 001.5 0V4l2.1 2.2A.7.7 0 1013 5L9.5 1.7a.7.7 0 00-1.1 0L5.1 5.2a.8.8 0 001 1l2.1-2zm7.6 4.3c.4 0 .7.3.7.7v6.8c0 .4-.3.7-.8.7H2.3a.8.8 0 01-.8-.8V9A.8.8 0 013 9v6h12V9c0-.4.3-.8.8-.8z\"><\/path>\n<\/svg>\t\t<span class=\"frm_upload_text\"><button type=\"button\" aria-label=\"Image symbolique. Zum Hochladen Datei hier ablegen oder auf den Button klicken.. Taille de fichier maximale\u00a0: 5MB\">Zum Hochladen Datei hier ablegen oder auf den Button klicken.<\/button><\/span>\n\t\t<span class=\"frm_compact_text\"><button type=\"button\" aria-label=\"Image symbolique. Datei w\u00e4hlen. Taille de fichier maximale\u00a0: 5MB\">Datei w\u00e4hlen<\/button><\/span>\n\t\t<div class=\"frm_small_text\">\n\t\t\t<p>Taille de fichier maximale\u00a0: 5MB<\/p>\n\t\t<\/div>\n\t<\/div>\n<\/div>\n\t\r\n\t\r\n\t\r\n<\/div>\n<div id=\"frm_field_235_container\" class=\"frm_form_field frm_section_heading form-field \">\r\n<h3 class=\"frm_pos_top frm_section_spacing\">URL des m\u00e9dias sociaux<\/h3>\r\n\r\n<input type=\"hidden\" name=\"item_meta[235][form]\" value=\"8\" class=\"frm_dnc\" \/>\n\t\t\t<div id=\"frm_section_235-0\" class=\"frm_repeat_sec frm_repeat_235 frm_first_repeat frm_grid_container\">\n<input type=\"hidden\" name=\"item_meta[235][row_ids][]\" value=\"0\" \/><input type=\"hidden\" name=\"item_meta[235][0][0]\" value=\"\" \/><div id=\"frm_field_237-235-0_container\" class=\"frm_form_field form-field  frm_top_container frm_half frm_field_237_container\">\r\n\t<label for=\"field_gvx7s-0\" id=\"field_gvx7s-0_label\" class=\"frm_primary_label\">R\u00e9seau social\r\n\t\t<span class=\"frm_required\" aria-hidden=\"true\"><\/span>\r\n\t<\/label>\r\n\t\t\t<select name=\"item_meta[235][0][237]\" id=\"field_gvx7s-0\"  data-sectionid=\"235\"  data-invmsg=\"Le champ n&#039;est pas valide\" aria-invalid=\"false\"  >\n\t\t<option  value=\"\" selected='selected'>Veuillez choisir<\/option><option  value=\"facebook\">Facebook<\/option><option  value=\"twitter\">X<\/option><option  value=\"instagram\">Instagram<\/option><option  value=\"snapchat\">Snapchat<\/option><option  value=\"pinterest\">Pinterest<\/option><option  value=\"linkedin\">LinkedIn<\/option><option  value=\"youtube\">YouTube<\/option><option  value=\"other\">Autre<\/option>\t<\/select>\n\t\r\n\t\r\n\t\r\n<\/div>\n<div id=\"frm_field_238-235-0_container\" class=\"frm_form_field form-field  frm_top_container frm_half frm_field_238_container\">\r\n\t<label for=\"field_cdslq-0\" id=\"field_cdslq-0_label\" class=\"frm_primary_label\">URL\r\n\t\t<span class=\"frm_required\" aria-hidden=\"true\"><\/span>\r\n\t<\/label>\r\n\t<input type=\"url\" id=\"field_cdslq-0\" name=\"item_meta[235][0][238]\" value=\"\"  data-sectionid=\"235\"  data-invmsg=\"Le champ n&#039;est pas valide\" aria-invalid=\"false\"  \/>\r\n\t\r\n\t\r\n<\/div>\n<div class=\"frm_form_field frm_hidden_container frm_repeat_buttons \"><a href=\"#\" class=\"frm_add_form_row frm_button\" data-parent=\"235\" aria-label=\"Ajouter\">Ajouter<\/a>\n<a href=\"#\" class=\"frm_remove_form_row frm_button\" data-key=\"0\" data-parent=\"235\" aria-label=\"Supprimer\">Supprimer<\/a> <\/div><\/div>\n\r\n<\/div>\n<div id=\"frm_field_239_container\" class=\"frm_form_field  frm_html_container form-field\">\n<h4>Coordonn\u00e9es en cas de questions (ne seront pas publi\u00e9es)<\/h4>\n<\/p><\/div>\n<div id=\"frm_field_210_container\" class=\"frm_form_field form-field  frm_required_field frm_top_container\">\r\n\t<label for=\"field_awnst5\" id=\"field_awnst5_label\" class=\"frm_primary_label\">Pr\u00e9nom\r\n\t\t<span class=\"frm_required\" aria-hidden=\"true\">*<\/span>\r\n\t<\/label>\r\n\t<input  type=\"text\" id=\"field_awnst5\" name=\"item_meta[210]\" value=\"\"  autocomplete=\"given-name\"  data-reqmsg=\"Le champ ne peut pas \u00eatre vide.\" aria-required=\"true\" data-invmsg=\"Le champ n&#039;est pas valide\" aria-invalid=\"false\"   \/>\r\n\t\r\n\t\r\n<\/div>\n<div id=\"frm_field_211_container\" class=\"frm_form_field form-field  frm_required_field frm_top_container\">\r\n\t<label for=\"field_z00kn5\" id=\"field_z00kn5_label\" class=\"frm_primary_label\">Nom\r\n\t\t<span class=\"frm_required\" aria-hidden=\"true\">*<\/span>\r\n\t<\/label>\r\n\t<input  type=\"text\" id=\"field_z00kn5\" name=\"item_meta[211]\" value=\"\"  autocomplete=\"family-name\"  data-reqmsg=\"Le champ ne peut pas \u00eatre vide.\" aria-required=\"true\" data-invmsg=\"Le champ n&#039;est pas valide\" aria-invalid=\"false\"   \/>\r\n\t\r\n\t\r\n<\/div>\n<div id=\"frm_field_218_container\" class=\"frm_form_field form-field  frm_required_field frm_top_container\">\r\n\t<label for=\"field_w45g95\" id=\"field_w45g95_label\" class=\"frm_primary_label\">E-Mail\r\n\t\t<span class=\"frm_required\" aria-hidden=\"true\">*<\/span>\r\n\t<\/label>\r\n\t<input type=\"email\" id=\"field_w45g95\" name=\"item_meta[218]\" value=\"\"  autocomplete=\"email\"  data-reqmsg=\"Le champ ne peut pas \u00eatre vide.\" aria-required=\"true\" data-invmsg=\"Le champ n&#039;est pas valide\" aria-invalid=\"false\"  \/>\r\n\t\r\n\t\r\n<\/div>\n<div id=\"frm_field_221_container\" class=\"frm_form_field form-field  frm_required_field frm_top_container\">\r\n\t<label for=\"field_language4\" id=\"field_language4_label\" class=\"frm_primary_label\">Langue\r\n\t\t<span class=\"frm_required\" aria-hidden=\"true\">*<\/span>\r\n\t<\/label>\r\n\t\t\t<select name=\"item_meta[221]\" id=\"field_language4\"  data-reqmsg=\"Le champ ne peut pas \u00eatre vide.\" aria-required=\"true\" data-invmsg=\"Le champ n&#039;est pas valide\" aria-invalid=\"false\"  >\n\t\t<option  value=\"\" selected='selected'>Veuillez choisir<\/option><option  value=\"DE\">DE<\/option><option  value=\"FR\">FR<\/option>\t<\/select>\n\t\r\n\t\r\n\t\r\n<\/div>\n<div id=\"frm_field_222_container\" class=\"frm_form_field form-field  frm_top_container\">\r\n\t<label for=\"field_k567c5\" id=\"field_k567c5_label\" class=\"frm_primary_label\">Remarques\r\n\t\t<span class=\"frm_required\" aria-hidden=\"true\"><\/span>\r\n\t<\/label>\r\n\t<textarea name=\"item_meta[222]\" id=\"field_k567c5\" rows=\"5\"  data-invmsg=\"Le champ n&#039;est pas valide\" aria-invalid=\"false\"  ><\/textarea>\r\n\t\r\n\t\r\n<\/div>\n<div id=\"frm_field_224_container\" class=\"frm_form_field form-field  frm_top_container frm12 frm_first\">\r\n\t<label for=\"field_uo4og5\" id=\"field_uo4og5_label\" class=\"frm_primary_label\">\r\n\t\t<span class=\"frm_required\" aria-hidden=\"true\"><\/span>\r\n\t<\/label>\r\n\t<div id=\"qcaptcha\" class=\"qcaptcha-loading\"><\/div>\r\n\t\r\n\t\r\n<\/div>\n<div id=\"frm_field_225_container\" class=\"frm_form_field form-field  frm12 frm_first\">\r\n\t<div class=\"frm_submit frm_flex\">\r\n<button class=\"frm_button_submit frm_final_submit\" type=\"submit\"   formnovalidate=\"formnovalidate\">Envoyer<\/button>\r\n\r\n\r\n\r\n<\/div>\r\n<\/div>\n\t<input type=\"hidden\" name=\"item_key\" value=\"\" \/>\n\t\t\t<div id=\"frm_field_375_container\">\n\t\t\t<label for=\"field_3m6i9\" >\n\t\t\t\tSi vous \u00eates un humain, ne remplissez pas ce champ.\t\t\t<\/label>\n\t\t\t<input  id=\"field_3m6i9\" type=\"text\" class=\"frm_form_field form-field frm_verify\" name=\"item_meta[375]\" value=\"\"  \/>\n\t\t<\/div>\n\t\t<input name=\"frm_state\" type=\"hidden\" value=\"Kmi9agkE9K1tWgdmtYmWneOH0Hi3pg90xGCONhoPjxOIxs3TCFC6opDjFFHX3C3s\" \/><\/div>\n<\/fieldset>\n<\/div>\n\n<\/form>\n<\/div>\n\n\n<p><\/p>\n","protected":false},"excerpt":{"rendered":"<p>Inscrire une organisation<\/p>\n","protected":false},"author":1,"featured_media":0,"parent":29407,"menu_order":0,"comment_status":"closed","ping_status":"closed","template":"","meta":{"_acf_changed":false,"inline_featured_image":false,"footnotes":""},"class_list":["post-29409","page","type-page","status-publish","hentry"],"acf":[],"_links":{"self":[{"href":"https:\/\/foodwaste.ch\/fr\/wp-json\/wp\/v2\/pages\/29409","targetHints":{"allow":["GET"]}}],"collection":[{"href":"https:\/\/foodwaste.ch\/fr\/wp-json\/wp\/v2\/pages"}],"about":[{"href":"https:\/\/foodwaste.ch\/fr\/wp-json\/wp\/v2\/types\/page"}],"author":[{"embeddable":true,"href":"https:\/\/foodwaste.ch\/fr\/wp-json\/wp\/v2\/users\/1"}],"replies":[{"embeddable":true,"href":"https:\/\/foodwaste.ch\/fr\/wp-json\/wp\/v2\/comments?post=29409"}],"version-history":[{"count":3,"href":"https:\/\/foodwaste.ch\/fr\/wp-json\/wp\/v2\/pages\/29409\/revisions"}],"predecessor-version":[{"id":29412,"href":"https:\/\/foodwaste.ch\/fr\/wp-json\/wp\/v2\/pages\/29409\/revisions\/29412"}],"up":[{"embeddable":true,"href":"https:\/\/foodwaste.ch\/fr\/wp-json\/wp\/v2\/pages\/29407"}],"wp:attachment":[{"href":"https:\/\/foodwaste.ch\/fr\/wp-json\/wp\/v2\/media?parent=29409"}],"curies":[{"name":"wp","href":"https:\/\/api.w.org\/{rel}","templated":true}]}}