{"id":29427,"date":"2025-11-12T15:05:55","date_gmt":"2025-11-12T14:05:55","guid":{"rendered":"https:\/\/foodwaste.ch\/impressum\/"},"modified":"2026-02-19T12:56:29","modified_gmt":"2026-02-19T11:56:29","slug":"impressum","status":"publish","type":"page","link":"https:\/\/foodwaste.ch\/fr\/impressum\/","title":{"rendered":"Impressum"},"content":{"rendered":"<h1 id=\"title\" class=\"wp-block-heading alignwide\">Impressum<\/h1>\n<h2 class=\"wp-block-heading\">Editeur<\/h2>\n\n<p><strong>foodwaste.ch<br\/><\/strong>Wylerringstrasse 36<br\/>3014 Bern, Schweiz<\/p>\n\n<p>Telephone : +41 (0)31 306 17 60<br\/>E-Mail : info(at)foodwaste.ch<br\/>Internet : www.foodwaste.ch<\/p>\n\n<h2 class=\"wp-block-heading\">Conception web<\/h2>\n\n<p><strong>FRESCH Identity GmbH<\/strong><br\/>Sandrainstrasse 3, 3007 Bern<br\/><a href=\"https:\/\/fresch-identity.ch\/\" target=\"_blank\" rel=\"noreferrer noopener\">fresch-identity.ch<\/a><\/p>\n\n<h2 class=\"wp-block-heading\">D\u00e9veloppement web<\/h2>\n\n<p><strong>Lenzin Informatik<\/strong><br\/>Kasthoferstrasse 46, 3006 Bern<br\/><a href=\"https:\/\/www.lenzin-informatik.ch\/\" target=\"_blank\" rel=\"noreferrer noopener\">lenzin-informatik.ch<\/a><\/p>\n\n<h2 class=\"wp-block-heading\">Avis de responsabilit\u00e9<\/h2>\n\n<p>Toutes les informations de foodwaste.ch ont \u00e9t\u00e9 rassembl\u00e9es avec beaucoup de soin. Les contenus sont r\u00e9guli\u00e8rement v\u00e9rifi\u00e9s et actualis\u00e9s. Malgr\u00e9 tout le soin que nous leur accordons, les donn\u00e9es peuvent entre-temps avoir chang\u00e9. Nous ne pouvons d\u00e8s lors assumer aucune responsabilit\u00e9 ou garantie en ce qui concerne l\u2019actualit\u00e9, l\u2019exactitude et l\u2019int\u00e9gralit\u00e9 des informations mises \u00e0 disposition. Les donn\u00e9es sont fournies sans garantie l\u00e9gale.    <\/p>\n\n<p>foodwaste.ch d\u00e9cline toute responsabilit\u00e9 pour le contenu des liens externes. Seuls les exploitants des pages li\u00e9es sont responsables de leur contenu. <\/p>\n\n<h2 class=\"wp-block-heading\">Droit d\u2019auteur<\/h2>\n\n<p>Les contenus de ce site Web sont prot\u00e9g\u00e9s par un copyright. Tous les droits demeurent r\u00e9serv\u00e9s \u00e0 l\u2019Association foodwaste.ch. Les textes, images, graphiques, animations et vid\u00e9os de ce site Web ne peuvent en aucun cas \u00eatre utilis\u00e9s ou reproduits sans accord pr\u00e9alable \u00e9crit de l\u2019Association foodwaste.ch.  <\/p>\n","protected":false},"excerpt":{"rendered":"<p>Editeur foodwaste.chWylerringstrasse 363014 Bern, Schweiz Telephone : +41 (0)31 306 17 60E-Mail : info(at)foodwaste.chInternet : www.foodwaste.ch Conception web FRESCH Identity GmbHSandrainstrasse 3, 3007 Bernfresch-identity.ch D\u00e9veloppement web Lenzin InformatikKasthoferstrasse 46, 3006 Bernlenzin-informatik.ch Avis de responsabilit\u00e9 Toutes les informations de foodwaste.ch ont \u00e9t\u00e9 rassembl\u00e9es avec beaucoup de soin. Les contenus sont r\u00e9guli\u00e8rement v\u00e9rifi\u00e9s et actualis\u00e9s. Malgr\u00e9 tout [&hellip;]<\/p>\n","protected":false},"author":2,"featured_media":0,"parent":0,"menu_order":0,"comment_status":"closed","ping_status":"closed","template":"","meta":{"_acf_changed":false,"inline_featured_image":false,"footnotes":""},"class_list":["post-29427","page","type-page","status-publish","hentry"],"acf":[],"_links":{"self":[{"href":"https:\/\/foodwaste.ch\/fr\/wp-json\/wp\/v2\/pages\/29427","targetHints":{"allow":["GET"]}}],"collection":[{"href":"https:\/\/foodwaste.ch\/fr\/wp-json\/wp\/v2\/pages"}],"about":[{"href":"https:\/\/foodwaste.ch\/fr\/wp-json\/wp\/v2\/types\/page"}],"author":[{"embeddable":true,"href":"https:\/\/foodwaste.ch\/fr\/wp-json\/wp\/v2\/users\/2"}],"replies":[{"embeddable":true,"href":"https:\/\/foodwaste.ch\/fr\/wp-json\/wp\/v2\/comments?post=29427"}],"version-history":[{"count":5,"href":"https:\/\/foodwaste.ch\/fr\/wp-json\/wp\/v2\/pages\/29427\/revisions"}],"predecessor-version":[{"id":31203,"href":"https:\/\/foodwaste.ch\/fr\/wp-json\/wp\/v2\/pages\/29427\/revisions\/31203"}],"wp:attachment":[{"href":"https:\/\/foodwaste.ch\/fr\/wp-json\/wp\/v2\/media?parent=29427"}],"curies":[{"name":"wp","href":"https:\/\/api.w.org\/{rel}","templated":true}]}}