{"id":29429,"date":"2025-07-23T09:27:00","date_gmt":"2025-07-23T07:27:00","guid":{"rendered":"https:\/\/foodwaste.ch\/datenschutzerklaerung\/"},"modified":"2026-02-23T08:47:52","modified_gmt":"2026-02-23T07:47:52","slug":"politique-de-confidentialite","status":"publish","type":"page","link":"https:\/\/foodwaste.ch\/fr\/politique-de-confidentialite\/","title":{"rendered":"Politique de confidentialit\u00e9"},"content":{"rendered":"<h1 id=\"title\" class=\"wp-block-heading alignwide\">Politique de confidentialit\u00e9<\/h1><div class=\"lead nobutton\"><p>Dans un souci de transparence totale en mati\u00e8re de protection des donn\u00e9es, nous vous informons des donn\u00e9es \u00e0 caract\u00e8re personnel auxquelles nous avons acc\u00e8s et de la mani\u00e8re dont nous les utilisons.<\/p>\n<\/div>\n<h2 class=\"wp-block-heading\">H\u00e9bergement web<\/h2>\n\n<p>D\u00e8s que vous consultez notre site web, le serveur de notre h\u00e9bergeur METANET AG (Hardstrasse 235, 8005 Zurich, Suisse) enregistre automatiquement certaines informations telles que votre adresse IP, les pages consult\u00e9es et l&rsquo;heure de consultation, ainsi que des donn\u00e9es techniques relatives \u00e0 votre navigateur et \u00e0 votre syst\u00e8me d&rsquo;exploitation. Ces donn\u00e9es de connexion sont utilis\u00e9es uniquement \u00e0 des fins de maintenance et ne sont pas analys\u00e9es. Vous trouverez la politique de confidentialit\u00e9 de METANET AG \u00e0 l&rsquo;adresse <a href=\"https:\/\/www.metanet.ch\/about_metanet\/rechtliches\" target=\"_blank\" rel=\"noreferrer noopener\">www.metanet.ch\/about_metanet\/rechtliches<\/a>.  <\/p>\n\n<h2 class=\"wp-block-heading\">Donn\u00e9es du formulaire<\/h2>\n\n<p>Les donn\u00e9es personnelles que vous transmettez via un formulaire de contact sur notre site web sont crypt\u00e9es, trait\u00e9es de mani\u00e8re s\u00e9curis\u00e9e et utilis\u00e9es exclusivement en interne. L&rsquo;adh\u00e9sion \u00e0 l&rsquo;association se fait \u00e9galement via un formulaire. En cas de d\u00e9mission, vos donn\u00e9es ne sont pas supprim\u00e9es, mais simplement d\u00e9sactiv\u00e9es. Veuillez noter que, pour des raisons techniques, la s\u00e9curit\u00e9 des transmissions ne peut \u00eatre garantie dans le cadre d&rsquo;un \u00e9change normal d&rsquo;e-mails.   <\/p>\n\n<h2 class=\"wp-block-heading\">Cookies<\/h2>\n\n<p>Ce site web utilise des cookies afin de fournir des fonctionnalit\u00e9s pertinentes ou de vous exclure de nos statistiques conformes \u00e0 la protection des donn\u00e9es via une option de d\u00e9sactivation. Vous pouvez d\u00e9sactiver et supprimer les cookies \u00e0 tout moment dans les param\u00e8tres de votre navigateur ou \u00e0 l&rsquo;aide de plugins. Sans cookies, certaines fonctionnalit\u00e9s du site web peuvent ne pas \u00eatre disponibles.  <\/p>\n\n<h2 class=\"wp-block-heading\">Newsletter<\/h2>\n\n<p>En vous inscrivant \u00e0 notre newsletter, vous nous autorisez \u00e0 vous envoyer r\u00e9guli\u00e8rement des informations sur nos nouveaux produits et services.<\/p>\n\n<p>L&rsquo;envoi de la newsletter et l&rsquo;inscription sont assur\u00e9s par le prestataire suisse Infomaniak Network AG (Rue Eug\u00e8ne Marziano 25, 1227 Les Acacias, Suisse), dont vous pouvez consulter la politique de confidentialit\u00e9 \u00e0 l&rsquo;adresse <a href=\"https:\/\/www.infomaniak.com\/fr\/cgv\/reglement-general-protection-donnees\" target=\"_blank\" rel=\"noreferrer noopener\">www.infomaniak.com\/fr\/cgv\/reglement-general-protection-donnees<\/a>.<\/p>\n\n<p>Afin d&rsquo;\u00e9valuer les habitudes de lecture, les taux d&rsquo;ouverture et de clics de la newsletter sont collect\u00e9s \u00e0 des fins statistiques. \u00c0 cette fin, des donn\u00e9es techniques relatives au navigateur et au syst\u00e8me d&rsquo;exploitation, votre adresse IP et l&rsquo;heure de la consultation sont enregistr\u00e9es. <\/p>\n\n<p>Si vous souhaitez vous d\u00e9sabonner de la newsletter, vous trouverez un lien \u00e0 cet effet \u00e0 la fin de chaque newsletter.<\/p>\n\n<h2 class=\"wp-block-heading\">Boutique<\/h2>\n\n<p>Notre boutique en ligne est fournie par PAYREXX AG (Burgstrasse 20, 3600 Thoune, Suisse). Vous quittez alors notre site web, ce qui signifie que nous n&rsquo;avons qu&rsquo;une influence indirecte sur les param\u00e8tres de confidentialit\u00e9 qui y sont appliqu\u00e9s. Selon le mode de paiement choisi, les donn\u00e9es sont trait\u00e9es diff\u00e9remment. Vous trouverez ici la d\u00e9claration de confidentialit\u00e9 correspondante : <a href=\"https:\/\/payrexx.com\/fr-ch\/datenschutzerklaerung\" target=\"_blank\" rel=\"noreferrer noopener\">www.payrexx.com\/fr-ch\/datenschutzerklaerung<\/a>   <\/p>\n\n<h3 class=\"wp-block-heading\">Exp\u00e9dition<\/h3>\n\n<p>Les lettres et colis provenant de notre boutique en ligne sont exp\u00e9di\u00e9s par la Poste suisse. Vous trouverez ici les directives relatives \u00e0 la protection des donn\u00e9es concernant leur exp\u00e9dition : <a href=\"https:\/\/www.post.ch\/fr\/pages\/footer\/protection-des-donnees-et-informations-legales\/declaration-de-protection-des-donnees\" target=\"_blank\" rel=\"noreferrer noopener\">www.post.ch\/fr\/pages\/footer\/protection-des-donnees-et-informations-legales\/declaration-de-protection-des-donnees<\/a> <\/p>\n\n<h2 class=\"wp-block-heading\">Statistique<\/h2>\n\n<p>Afin de pouvoir recenser le nombre de visiteurs et am\u00e9liorer notre site web, nous utilisons un logiciel d&rsquo;analyse h\u00e9berg\u00e9 en interne qui collecte les donn\u00e9es de mani\u00e8re totalement anonyme. Nous renon\u00e7ons \u00e0 l&rsquo;utilisation de m\u00e9canismes d&#8217;empreinte digitale. Vos donn\u00e9es ne sont ni transmises \u00e0 des tiers ni utilis\u00e9es \u00e0 des fins publicitaires et sont purement statistiques.  <\/p>\n<div id=\"matomo-opt-out\"><\/div><script src=\"https:\/\/statistik.foodwaste.ch\/index.php?module=CoreAdminHome&action=optOutJS&divId=matomo-opt-out&language=fr&showIntro=1\"><\/script>\n\n<h2 class=\"wp-block-heading\">Google Maps<\/h2>\n\n<p>Nous utilisons le service de cartographie Google Maps sur notre site Web. Dans ce cadre, des donn\u00e9es sont transmises \u00e0 Google LLC (1600 Amphitheatre Parkway Mountain View, CA 94043, \u00c9tats-Unis). Vous trouverez de plus amples informations sur l&rsquo;utilisation des donn\u00e9es dans la politique de confidentialit\u00e9 de Google : <a href=\"https:\/\/policies.google.com\/privacy\" target=\"_blank\" rel=\"noreferrer noopener\">policies.google.com\/privacy.<\/a>  <\/p>\n\n<h2 class=\"wp-block-heading\">YouTube<\/h2>\n\n<p>Nous int\u00e9grons des vid\u00e9os YouTube sur notre site web. Dans ce cadre, des donn\u00e9es sont transmises \u00e0 Google LLC (1600 Amphitheatre Parkway Mountain View, CA 94043, \u00c9tats-Unis). Vous trouverez de plus amples informations sur l&rsquo;utilisation des donn\u00e9es dans la politique de confidentialit\u00e9 de Google : <a href=\"https:\/\/policies.google.com\/privacy\" target=\"_blank\" rel=\"noreferrer noopener\">policies.google.com\/privacy<\/a>.  <\/p>\n\n<h2 class=\"wp-block-heading\">Vimeo<\/h2>\n\n<p>Nous int\u00e9grons des vid\u00e9os de Vimeo sur notre site web. Ce faisant, des donn\u00e9es sont transmises \u00e0 Vimeo Inc. (555 West 18th Street, NY 10011, \u00c9tats-Unis). Vous trouverez de plus amples informations sur l\u2019utilisation des donn\u00e9es dans la politique de confidentialit\u00e9 de Vimeo : <a href=\"https:\/\/vimeo.com\/privacy\" target=\"_blank\" rel=\"noreferrer noopener\">www.vimeo.com\/privacy<\/a>.   <\/p>\n","protected":false},"excerpt":{"rendered":"<p>H\u00e9bergement web D\u00e8s que vous consultez notre site web, le serveur de notre h\u00e9bergeur METANET AG (Hardstrasse 235, 8005 Zurich, Suisse) enregistre automatiquement certaines informations telles que votre adresse IP, les pages consult\u00e9es et l&rsquo;heure de consultation, ainsi que des donn\u00e9es techniques relatives \u00e0 votre navigateur et \u00e0 votre syst\u00e8me d&rsquo;exploitation. Ces donn\u00e9es de connexion [&hellip;]<\/p>\n","protected":false},"author":1,"featured_media":0,"parent":0,"menu_order":0,"comment_status":"closed","ping_status":"closed","template":"","meta":{"_acf_changed":false,"inline_featured_image":false,"footnotes":""},"class_list":["post-29429","page","type-page","status-publish","hentry"],"acf":[],"_links":{"self":[{"href":"https:\/\/foodwaste.ch\/fr\/wp-json\/wp\/v2\/pages\/29429","targetHints":{"allow":["GET"]}}],"collection":[{"href":"https:\/\/foodwaste.ch\/fr\/wp-json\/wp\/v2\/pages"}],"about":[{"href":"https:\/\/foodwaste.ch\/fr\/wp-json\/wp\/v2\/types\/page"}],"author":[{"embeddable":true,"href":"https:\/\/foodwaste.ch\/fr\/wp-json\/wp\/v2\/users\/1"}],"replies":[{"embeddable":true,"href":"https:\/\/foodwaste.ch\/fr\/wp-json\/wp\/v2\/comments?post=29429"}],"version-history":[{"count":15,"href":"https:\/\/foodwaste.ch\/fr\/wp-json\/wp\/v2\/pages\/29429\/revisions"}],"predecessor-version":[{"id":31254,"href":"https:\/\/foodwaste.ch\/fr\/wp-json\/wp\/v2\/pages\/29429\/revisions\/31254"}],"wp:attachment":[{"href":"https:\/\/foodwaste.ch\/fr\/wp-json\/wp\/v2\/media?parent=29429"}],"curies":[{"name":"wp","href":"https:\/\/api.w.org\/{rel}","templated":true}]}}