{"id":30990,"date":"2026-02-11T12:04:53","date_gmt":"2026-02-11T11:04:53","guid":{"rendered":"https:\/\/foodwaste.ch\/?page_id=30990"},"modified":"2026-02-11T14:06:28","modified_gmt":"2026-02-11T13:06:28","slug":"semaine-nationale-contre-le-gaspillage-alimentaire","status":"publish","type":"page","link":"https:\/\/foodwaste.ch\/fr\/reseau\/semaine-nationale-contre-le-gaspillage-alimentaire\/","title":{"rendered":"Semaine nationale contre le gaspillage alimentaire"},"content":{"rendered":"<h1 id=\"title\" class=\"wp-block-heading alignwide\">Semaine nationale contre le gaspillage alimentaire<\/h1><figure class=\"header-image wp-block-image alignwide size-large\"><img loading=\"lazy\" decoding=\"async\" width=\"1024\" height=\"380\" src=\"https:\/\/foodwaste.ch\/wp-content\/uploads\/2026\/02\/a-toi-de-jouer_header-1024x380.jpg\" class=\"attachment-large size-large\" alt=\"\" style=\"object-position: 50% 50%;\" srcset=\"https:\/\/foodwaste.ch\/wp-content\/uploads\/2026\/02\/a-toi-de-jouer_header-1024x380.jpg 1024w, https:\/\/foodwaste.ch\/wp-content\/uploads\/2026\/02\/a-toi-de-jouer_header-300x111.jpg 300w, https:\/\/foodwaste.ch\/wp-content\/uploads\/2026\/02\/a-toi-de-jouer_header-768x285.jpg 768w, https:\/\/foodwaste.ch\/wp-content\/uploads\/2026\/02\/a-toi-de-jouer_header-1536x570.jpg 1536w, https:\/\/foodwaste.ch\/wp-content\/uploads\/2026\/02\/a-toi-de-jouer_header-2048x760.jpg 2048w\" sizes=\"auto, (max-width: 1024px) 100vw, 1024px\" \/><figcaption><\/figcaption><\/figure><div class=\"lead nobutton\"><p>Les d\u00e9chets alimentaires des m\u00e9nages priv\u00e9s comptent parmi les principales causes du gaspillage alimentaire en Suisse. Afin de lutter efficacement et durablement contre ce probl\u00e8me, nous organiserons pour la premi\u00e8re fois la <em>Semaine nationale contre le gaspillage alimentaire<\/em> du 12 au 20 septembre 2026. <\/p>\n<\/div>\n<p>Initi\u00e9 par United Against Waste (UAW) et foodwaste.ch, le projet est soutenu par un large r\u00e9seau de partenaires. \u00c0 ce jour, plus de 40 organisations issues de la soci\u00e9t\u00e9 civile, du monde \u00e9conomique et de l\u2019administration publique ont confirm\u00e9 leur participation. <\/p>\n\n<p>Plus il y aura d&rsquo;acteurs-trices participant \u00e0 la Semaine nationale contre le gaspillage alimentaire, plus l&rsquo;impact sera important. Serez-vous des n\u00f4tres ? <\/p>\n\n<p>Rejoignez le mouvement et organisez un \u00e9v\u00e9nement ou une action pendant la p\u00e9riode d\u00e9finie. Utilisez vos canaux de communication pour sensibiliser les gens \u00e0 la lutte contre le gaspillage alimentaire ou soutenez-nous financi\u00e8rement. N&rsquo;h\u00e9sitez pas \u00e0 nous contacter.  <\/p>\n\n<div class=\"wp-block-buttons is-layout-flex wp-block-buttons-is-layout-flex\">\n<div class=\"wp-block-button\"><a class=\"wp-block-button__link wp-element-button\" href=\"#kontakt\">Prendre contact<\/a><\/div>\n<\/div>\n\n<h3 class=\"wp-block-heading\">Personnes de contact<\/h3>\n\n<p><strong>Ladina Schr\u00f6ter, co-responsable du projet <br\/><\/strong><a href=\"mailto:ls@foodwaste.ch\">ls@foodwaste.ch<\/a><br\/>031 306 17 68<br\/><a href=\"http:\/\/www.foodwaste.ch\" target=\"_blank\" rel=\"noreferrer noopener\">www.foodwaste.ch<\/a><\/p>\n\n<p><strong>Leonie K\u00fcpper, coordination des partenaires <br\/><\/strong><a href=\"mailto:leonie.kuepper@foodways.ch\">leonie.kuepper@foodways.ch<\/a><br\/>031 331 16 16<br\/><a href=\"http:\/\/www.united-against-waste.ch\" target=\"_blank\" rel=\"noreferrer noopener\">www.united-against-waste.ch<\/a><\/p>\n\n<div id=\"kontakt\" class=\"team contact-person alignwide\">\n                    <div class=\"title\">\n               <h3>Des questions ? Contactez Ladina Schr\u00f6ter. <\/h3>\n            <\/div>\n            <div class=\"team-item\">\n                <img decoding=\"async\" src=\"https:\/\/foodwaste.ch\/wp-content\/uploads\/2025\/08\/2026_team_lsc-1024x683.jpg\" alt=\"Ladina Schr\u00f6ter\">\n                <div class=\"team-content\">\n                    <h4>Ladina Schr\u00f6ter<\/h4>\n                    <h5 class=\"job-title\">Co-responsable de projet DDM+ commerce de d\u00e9tail, responsable de projet expositions &#038; Semaine nationale contre le gaspillage alimentaire<\/h5>\n                    <a href=\"mailto:ls@foodwaste.ch\" class=\"btn\">\n                        Mail \u00e0 Ladina                    <\/a>\n                <\/div>\n            <\/div>\n        <\/div>","protected":false},"excerpt":{"rendered":"<p>Initi\u00e9 par United Against Waste (UAW) et foodwaste.ch, le projet est soutenu par un large r\u00e9seau de partenaires. \u00c0 ce jour, plus de 40 organisations issues de la soci\u00e9t\u00e9 civile, du monde \u00e9conomique et de l\u2019administration publique ont confirm\u00e9 leur participation. Plus il y aura d&rsquo;acteurs-trices participant \u00e0 la Semaine nationale contre le gaspillage alimentaire, [&hellip;]<\/p>\n","protected":false},"author":2,"featured_media":31007,"parent":27261,"menu_order":0,"comment_status":"closed","ping_status":"closed","template":"","meta":{"_acf_changed":false,"inline_featured_image":false,"footnotes":""},"class_list":["post-30990","page","type-page","status-publish","has-post-thumbnail","hentry"],"acf":[],"_links":{"self":[{"href":"https:\/\/foodwaste.ch\/fr\/wp-json\/wp\/v2\/pages\/30990","targetHints":{"allow":["GET"]}}],"collection":[{"href":"https:\/\/foodwaste.ch\/fr\/wp-json\/wp\/v2\/pages"}],"about":[{"href":"https:\/\/foodwaste.ch\/fr\/wp-json\/wp\/v2\/types\/page"}],"author":[{"embeddable":true,"href":"https:\/\/foodwaste.ch\/fr\/wp-json\/wp\/v2\/users\/2"}],"replies":[{"embeddable":true,"href":"https:\/\/foodwaste.ch\/fr\/wp-json\/wp\/v2\/comments?post=30990"}],"version-history":[{"count":7,"href":"https:\/\/foodwaste.ch\/fr\/wp-json\/wp\/v2\/pages\/30990\/revisions"}],"predecessor-version":[{"id":31005,"href":"https:\/\/foodwaste.ch\/fr\/wp-json\/wp\/v2\/pages\/30990\/revisions\/31005"}],"up":[{"embeddable":true,"href":"https:\/\/foodwaste.ch\/fr\/wp-json\/wp\/v2\/pages\/27261"}],"wp:featuredmedia":[{"embeddable":true,"href":"https:\/\/foodwaste.ch\/fr\/wp-json\/wp\/v2\/media\/31007"}],"wp:attachment":[{"href":"https:\/\/foodwaste.ch\/fr\/wp-json\/wp\/v2\/media?parent=30990"}],"curies":[{"name":"wp","href":"https:\/\/api.w.org\/{rel}","templated":true}]}}