{"id":31848,"date":"2026-03-26T14:56:51","date_gmt":"2026-03-26T13:56:51","guid":{"rendered":"https:\/\/foodwaste.ch\/boutique\/"},"modified":"2026-04-14T14:07:35","modified_gmt":"2026-04-14T12:07:35","slug":"choisir-une-boutique","status":"publish","type":"page","link":"https:\/\/foodwaste.ch\/fr\/choisir-une-boutique\/","title":{"rendered":"Boutique"},"content":{"rendered":"<h1 id=\"title\" class=\"wp-block-heading alignwide\">Choisis ta boutique<\/h1>\n<div class=\"wp-block-columns is-layout-flex wp-container-core-columns-is-layout-9d6595d7 wp-block-columns-is-layout-flex\">\n<div class=\"wp-block-column has-custom-white-background-color has-background is-layout-flow wp-block-column-is-layout-flow\">\n<h3 class=\"wp-block-heading\">Boutique g\u00e9n\u00e9rale<\/h3>\n\n\n\n<p>D\u00e9pliants, livres, mat\u00e9riel d&rsquo;information et p\u00e9dagogique<\/p>\n\n\n\n<div class=\"wp-block-buttons is-layout-flex wp-block-buttons-is-layout-flex\">\n<div class=\"wp-block-button\"><a class=\"wp-block-button__link wp-element-button\" href=\"https:\/\/foodwaste.payrexx.com\/fr\/\" target=\"_blank\" rel=\"noreferrer noopener\">Vers la boutique<\/a><\/div>\n<\/div>\n<\/div>\n\n\n\n<div class=\"wp-block-column has-custom-white-background-color has-background is-layout-flow wp-block-column-is-layout-flow\">\n<h3 class=\"wp-block-heading\">Pour les d\u00e9taillant-es<\/h3>\n\n\n\n<p>\u00c9tiquettes et flyers pour la vente prolong\u00e9e<\/p>\n\n\n\n<div class=\"wp-block-buttons is-layout-flex wp-block-buttons-is-layout-flex\">\n<div class=\"wp-block-button\"><a class=\"wp-block-button__link wp-element-button\" href=\"https:\/\/foodwaste.ch\/fr\/offre\/offre-pour-le-commerce-de-detail-et-les-magasins-a-la-ferme\/commande-detiquettes\/\">Vers la boutique<\/a><\/div>\n<\/div>\n<\/div>\n<\/div>\n\n<p><\/p>\n","protected":false},"excerpt":{"rendered":"<p>Boutique g\u00e9n\u00e9rale D\u00e9pliants, livres, mat\u00e9riel d&rsquo;information et p\u00e9dagogique Pour les d\u00e9taillant-es \u00c9tiquettes et flyers pour la vente prolong\u00e9e<\/p>\n","protected":false},"author":2,"featured_media":0,"parent":0,"menu_order":0,"comment_status":"closed","ping_status":"closed","template":"","meta":{"_acf_changed":false,"inline_featured_image":false,"footnotes":""},"class_list":["post-31848","page","type-page","status-publish","hentry"],"acf":[],"_links":{"self":[{"href":"https:\/\/foodwaste.ch\/fr\/wp-json\/wp\/v2\/pages\/31848","targetHints":{"allow":["GET"]}}],"collection":[{"href":"https:\/\/foodwaste.ch\/fr\/wp-json\/wp\/v2\/pages"}],"about":[{"href":"https:\/\/foodwaste.ch\/fr\/wp-json\/wp\/v2\/types\/page"}],"author":[{"embeddable":true,"href":"https:\/\/foodwaste.ch\/fr\/wp-json\/wp\/v2\/users\/2"}],"replies":[{"embeddable":true,"href":"https:\/\/foodwaste.ch\/fr\/wp-json\/wp\/v2\/comments?post=31848"}],"version-history":[{"count":9,"href":"https:\/\/foodwaste.ch\/fr\/wp-json\/wp\/v2\/pages\/31848\/revisions"}],"predecessor-version":[{"id":31857,"href":"https:\/\/foodwaste.ch\/fr\/wp-json\/wp\/v2\/pages\/31848\/revisions\/31857"}],"wp:attachment":[{"href":"https:\/\/foodwaste.ch\/fr\/wp-json\/wp\/v2\/media?parent=31848"}],"curies":[{"name":"wp","href":"https:\/\/api.w.org\/{rel}","templated":true}]}}