{"id":27658,"date":"2025-08-13T15:21:18","date_gmt":"2025-08-13T13:21:18","guid":{"rendered":"https:\/\/foodwaste.ch\/5-mosse-contro-lo-spreco-alimentare\/"},"modified":"2025-12-02T13:50:38","modified_gmt":"2025-12-02T12:50:38","slug":"5-mosse-contro-lo-spreco-alimentare","status":"publish","type":"page","link":"https:\/\/foodwaste.ch\/it\/informazioni\/5-mosse-contro-lo-spreco-alimentare\/","title":{"rendered":"5 mosse contro lo spreco alimentare"},"content":{"rendered":"<h1 id=\"title\" class=\"wp-block-heading alignwide\">Evitare lo spreco alimentare in casa<\/h1><figure class=\"header-image wp-block-image alignwide size-large\"><img loading=\"lazy\" decoding=\"async\" width=\"1024\" height=\"381\" src=\"https:\/\/foodwaste.ch\/wp-content\/uploads\/2025\/10\/5s_header-1024x381.jpg\" class=\"attachment-large size-large\" alt=\"\" style=\"object-position: 50% 50%;\" srcset=\"https:\/\/foodwaste.ch\/wp-content\/uploads\/2025\/10\/5s_header-1024x381.jpg 1024w, https:\/\/foodwaste.ch\/wp-content\/uploads\/2025\/10\/5s_header-300x111.jpg 300w, https:\/\/foodwaste.ch\/wp-content\/uploads\/2025\/10\/5s_header-768x285.jpg 768w, https:\/\/foodwaste.ch\/wp-content\/uploads\/2025\/10\/5s_header-1536x571.jpg 1536w, https:\/\/foodwaste.ch\/wp-content\/uploads\/2025\/10\/5s_header-2048x761.jpg 2048w\" sizes=\"auto, (max-width: 1024px) 100vw, 1024px\" \/><figcaption><\/figcaption><\/figure><div class=\"lead\"><p>Contribuisci a prevenire lo spreco alimentare seguendo questi 5 mosse. Nel nostro negozio online puoi anche ordinare i 5 mosse sotto forma di pratico volantino pieghevole (solo in tedesco e francese). <\/p>\n<\/div><div class=\"header-button wp-block-buttons is-layout-flex wp-block-buttons-is-layout-flex\"><div class=\"wp-block-button\"><a class=\"wp-block-button__link wp-element-button\" href=\"https:\/\/foodwaste.payrexx.com\/pay?tid=5cdceb17\" target=\"_blank\">Al negozio online<\/a><\/div><\/div>\n<h2 class=\"wp-block-heading alignwide\">1. Fai acquisti intelligenti<\/h2>\n\n<div class=\"wp-block-columns alignwide is-layout-flex wp-container-core-columns-is-layout-9d6595d7 wp-block-columns-is-layout-flex\">\n<div class=\"wp-block-column is-layout-flow wp-block-column-is-layout-flow\">\n<figure class=\"wp-block-image size-large\"><img loading=\"lazy\" decoding=\"async\" width=\"1024\" height=\"545\" src=\"https:\/\/foodwaste.ch\/wp-content\/uploads\/2025\/10\/5s_einkauf-1024x545.png\" alt=\"\" class=\"wp-image-26305\" srcset=\"https:\/\/foodwaste.ch\/wp-content\/uploads\/2025\/10\/5s_einkauf-1024x545.png 1024w, https:\/\/foodwaste.ch\/wp-content\/uploads\/2025\/10\/5s_einkauf-300x160.png 300w, https:\/\/foodwaste.ch\/wp-content\/uploads\/2025\/10\/5s_einkauf-768x409.png 768w, https:\/\/foodwaste.ch\/wp-content\/uploads\/2025\/10\/5s_einkauf-1536x818.png 1536w, https:\/\/foodwaste.ch\/wp-content\/uploads\/2025\/10\/5s_einkauf-2048x1090.png 2048w\" sizes=\"auto, (max-width: 1024px) 100vw, 1024px\" \/><\/figure>\n<\/div>\n\n\n\n<div class=\"wp-block-column is-layout-flow wp-block-column-is-layout-flow\">\n<p>Acquista solo quello che riuscirai a consumare in tempo. Pianifica la spesa e, prima di prendere un prodotto dallo scaffale, chiediti se ti serve davvero. Una lista della spesa o un\u2019app potranno semplificare la vita a te e ai tuoi coinquilini.  <\/p>\n<\/div>\n<\/div>\n<div class=\"accordion-blocks\">\n    <div class=\"accordion-block\">\n        <button class=\"accordion-toggle\">\n            Vuoi saperne di pi\u00f9?        <\/button>\n        <div class=\"accordion-content\">\n            <ul>\n<li>Prima di andare a fare acquisti, controlla cosa c\u2019\u00e8 ancora in frigorifero e in dispensa.<\/li>\n<li>Usa una lista della spesa, \u00e8 meglio. Un\u2019opzione ancora pi\u00f9 veloce: fotografa l\u2019interno del frigorifero o utilizza un\u2019app per fare acquisti. Se vivi insieme ad altre persone, in questo modo non si finir\u00e0 per comprare due volte gli stessi prodotti.  <\/li>\n<li>Approfitta delle azioni solo se riguardano prodotti che ti servono davvero. Spesso \u00abmeno \u00e8 meglio\u00bb. <\/li>\n<li>Quali sono le tue abitudini in fatto di acquisti? Fai una grande spesa settimanale e riesci a mangiare tutto quello che hai comprato, oppure preferisci programmare i pasti a breve termine e fare pi\u00f9 spese piccole? <\/li>\n<li>Non esagerare con le quantit\u00e0, in particolare per la merce facilmente deperibile, e limita le scorte. Manterrai cos\u00ec una visione d\u2019insieme di quanto disponi e potrai gustare cibi freschi. <\/li>\n<li>Non fare la spesa quando hai fame: se lo stomaco brontola, rischi di acquistare pi\u00f9 di quello che ti occorre.<\/li>\n<li>Compra possibilmente prodotti locali e di stagione.<\/li>\n<li>Sostieni i mercati, le botteghe di aziende agricole e i negozi che vendono anche frutta e pane \u00abvecchi\u00bb del giorno prima, oppure che offrono prodotti che hanno superato <a href=\"https:\/\/foodwaste.ch\/it\/offerta-per-il-commercio-al-dettaglio-e-i-negozi-di-fattorie\/\">il termine minimo di conservazione.<\/a><\/li>\n<li>Di tanto in tanto rinuncia a fare la spesa e prova piuttosto a utilizzare gli avanzi ed esaurire le scorte.<\/li>\n<\/ul>\n                    <\/div>\n    <\/div>\n<\/div>\n\n<h2 class=\"wp-block-heading alignwide\">2. Conserva gli alimenti in modo ottimale<\/h2>\n\n<div class=\"wp-block-columns alignwide is-layout-flex wp-container-core-columns-is-layout-9d6595d7 wp-block-columns-is-layout-flex\">\n<div class=\"wp-block-column is-layout-flow wp-block-column-is-layout-flow\">\n<figure class=\"wp-block-image size-large\"><img loading=\"lazy\" decoding=\"async\" width=\"1024\" height=\"542\" src=\"https:\/\/foodwaste.ch\/wp-content\/uploads\/2025\/10\/5s_lagerung_weiss-1024x542.png\" alt=\"\" class=\"wp-image-26329\" srcset=\"https:\/\/foodwaste.ch\/wp-content\/uploads\/2025\/10\/5s_lagerung_weiss-1024x542.png 1024w, https:\/\/foodwaste.ch\/wp-content\/uploads\/2025\/10\/5s_lagerung_weiss-300x159.png 300w, https:\/\/foodwaste.ch\/wp-content\/uploads\/2025\/10\/5s_lagerung_weiss-768x407.png 768w, https:\/\/foodwaste.ch\/wp-content\/uploads\/2025\/10\/5s_lagerung_weiss-1536x813.png 1536w, https:\/\/foodwaste.ch\/wp-content\/uploads\/2025\/10\/5s_lagerung_weiss-2048x1084.png 2048w\" sizes=\"auto, (max-width: 1024px) 100vw, 1024px\" \/><\/figure>\n<\/div>\n\n\n\n<div class=\"wp-block-column is-layout-flow wp-block-column-is-layout-flow\">\n<p>I cibi ben conservati possono essere consumati pi\u00f9 a lungo: rispetta le indicazioni riportate sulla confezione e conserva gli alimenti facilmente deperibili in frigorifero. Tieni in ordine e puliti frigo e dispensa, cos\u00ec avrai un\u2019idea generale degli alimenti a disposizione, evitando che si deteriorino. I consigli per la conservazione dei singoli alimenti sono disponibili tramite la funzione di ricerca su <a href=\"https:\/\/foodwaste.ch\/wissen\/check-die-haltbarkeit\/\">questa pagina<\/a> (solo in tedesco e francese).   <\/p>\n<\/div>\n<\/div>\n<div class=\"accordion-blocks\">\n    <div class=\"accordion-block\">\n        <button class=\"accordion-toggle\">\n            Vuoi saperne di pi\u00f9?        <\/button>\n        <div class=\"accordion-content\">\n            <ul>\n<li>Imposta la temperatura del frigorifero a 5\u00b0\u202fC: temperature pi\u00f9 elevate favoriscono la crescita di microrganismi nocivi e fanno s\u00ec che gli alimenti si deteriorino pi\u00f9 in fretta.<\/li>\n<li>Disponi gli alimenti nel posto giusto in frigorifero.\n<ul>\n<li>Porta del frigorifero: bevande, latte aperto, salse, burro, conserve e tubetti<\/li>\n<li>Scomparto della verdura: frutta e verdura da tenere in fresco.<\/li>\n<li>Scomparto inferiore (zona pi\u00f9 fredda): alimenti facilmente deperibili come carne, pesce e salumi, prodotti di pasticceria, prodotti finiti e piatti pronti<\/li>\n<li>Scomparto medio: latte e latticini quali yogurt, panna e formaggio, ma anche uova, alternative vegetali al latte, tofu, ecc. <\/li>\n<li>Scomparto superiore (zona pi\u00f9 calda): marmellata, conserve, formaggi e alimenti che vengono consumati presto.<\/li>\n<\/ul>\n<\/li>\n<li>First in \u2013 First out: disponi gli alimenti nuovi dietro a quelli acquistati precedentemente sia in frigorifero che nella dispensa.<\/li>\n<li>Contrassegna i cibi da consumare a breve, per esempio con un post-it o con il nostro <a href=\"https:\/\/foodwaste.payrexx.com\/\" target=\"_blank\" rel=\"noopener\">nastro adesivo segnaletico<\/a>.<\/li>\n<li>Versa gli alimenti secchi in contenitori ermetici e scrivici sopra il termine minimo di conservazione, oppure chiudi bene la confezione originale. Proteggerai cos\u00ec le tue scorte dall\u2019umidit\u00e0 e dai parassiti. <\/li>\n<li>Aumenta la durata di conservazione dei tuoi alimenti congelandoli o preparandoli in conserva. <a href=\"https:\/\/foodwaste.ch\/wissen\/videos\/food-waste-oder-food-save-lebensmittel-einfrieren\/\">Questo video<\/a> ti mostra come congelare correttamente (in tedesco). Puoi imparare come conservare gli alimenti, ad esempio, frequentando uno dei <a href=\"https:\/\/foodwaste.ch\/angebot\/kochevent-buchen\/\">nostri corsi<\/a> (solo in tedesco).<\/li>\n<li>Fai particolare attenzione agli alimenti importati, ai prodotti di origine animale e ai prodotti finiti: la loro produzione richiede pi\u00f9 risorse, per cui lo spreco ha un impatto ambientale maggiore.<\/li>\n<\/ul>\n                    <\/div>\n    <\/div>\n<\/div>\n\n<h2 class=\"wp-block-heading alignwide\">3. Interpreta correttamente le date di conservazione<\/h2>\n\n<div class=\"wp-block-columns alignwide is-layout-flex wp-container-core-columns-is-layout-9d6595d7 wp-block-columns-is-layout-flex\">\n<div class=\"wp-block-column is-layout-flow wp-block-column-is-layout-flow\">\n<figure class=\"wp-block-image size-large\"><img loading=\"lazy\" decoding=\"async\" width=\"1024\" height=\"545\" src=\"https:\/\/foodwaste.ch\/wp-content\/uploads\/2025\/10\/5s_mhd_vd-1024x545.png\" alt=\"\" class=\"wp-image-26322\" srcset=\"https:\/\/foodwaste.ch\/wp-content\/uploads\/2025\/10\/5s_mhd_vd-1024x545.png 1024w, https:\/\/foodwaste.ch\/wp-content\/uploads\/2025\/10\/5s_mhd_vd-300x160.png 300w, https:\/\/foodwaste.ch\/wp-content\/uploads\/2025\/10\/5s_mhd_vd-768x409.png 768w, https:\/\/foodwaste.ch\/wp-content\/uploads\/2025\/10\/5s_mhd_vd-1536x818.png 1536w, https:\/\/foodwaste.ch\/wp-content\/uploads\/2025\/10\/5s_mhd_vd-2048x1090.png 2048w\" sizes=\"auto, (max-width: 1024px) 100vw, 1024px\" \/><\/figure>\n<\/div>\n\n\n\n<div class=\"wp-block-column is-layout-flow wp-block-column-is-layout-flow\">\n<p>Nella maggior parte dei casi \u00e8 possibile gustare i cibi pi\u00f9 a lungo rispetto a quanto indicato sulla confezione. Anzich\u00e9 affidarti al termine minimo di conservazione (\u00abda consumarsi preferibilmente entro il\u00bb), fidati dei tuoi sensi: se gli alimenti hanno un bell\u2019aspetto e un buon odore anche dopo la data indicata, puoi provarli per capire se sono ancora buoni. Gli alimenti con data di scadenza (\u00abda consumare entro il\u00bb) vanno invece mangiati o congelati entro il termine indicato.  <\/p>\n<\/div>\n<\/div>\n<div class=\"accordion-blocks\">\n    <div class=\"accordion-block\">\n        <button class=\"accordion-toggle\">\n            Vuoi saperne di pi\u00f9?        <\/button>\n        <div class=\"accordion-content\">\n            <ul>\n<li>Tutti i prodotti non facilmente deperibili sono contrassegnati con un termine minimo di conservazione (TMC, \u00abda consumarsi preferibilmente entro il\u00bb). Se li hai conservati correttamente, puoi mangiarli senza problemi anche una volta oltrepassato il termine, a condizione che abbiano un bell\u2019aspetto e il consueto odore e siano buoni al gusto. <\/li>\n<\/ul>\n<div class=\"cmsms_toggle\">\n<div class=\"cmsms_toggle_inner\">\n<ul>\n<li>Sui prodotti facilmente deperibili \u00e8 riportata invece una data di scadenza (DS, \u00abda consumare entro il\u00bb). Una volta superata tale data, questi alimenti non andrebbero pi\u00f9 mangiati: potrebbero infatti aver sviluppato microrganismi nocivi impossibili da rilevare con i sensi. Fino alla data indicata si pu\u00f2 per\u00f2 congelare senza alcun problema il prodotto e prolungarne cos\u00ec la durata di vita fino a 90 giorni.  <\/li>\n<li>Non sai se le tue scorte sono ancora buone? Sulla nostra <g id=\"gid_0\">pagina<\/g>, disponibile in francese e in tedesco, trovi una funzione di ricerca con consigli pratici su tutti i principali alimenti. Potrai scoprire inoltre tante informazioni sulla conservazione e il consumo sicuro degli alimenti oltre la data indicata sulla confezione.  <\/li>\n<\/ul>\n<\/div>\n<\/div>\n                    <\/div>\n    <\/div>\n<\/div>\n\n<h2 class=\"wp-block-heading alignwide\">4. Cucina con creativit\u00e0 e utilizza tutto<\/h2>\n\n<div class=\"wp-block-columns alignwide is-layout-flex wp-container-core-columns-is-layout-9d6595d7 wp-block-columns-is-layout-flex\">\n<div class=\"wp-block-column is-layout-flow wp-block-column-is-layout-flow\">\n<figure class=\"wp-block-image size-large\"><img loading=\"lazy\" decoding=\"async\" width=\"1024\" height=\"545\" src=\"https:\/\/foodwaste.ch\/wp-content\/uploads\/2025\/10\/5s_kreativ_weiss-1024x545.png\" alt=\"\" class=\"wp-image-26332\" srcset=\"https:\/\/foodwaste.ch\/wp-content\/uploads\/2025\/10\/5s_kreativ_weiss-1024x545.png 1024w, https:\/\/foodwaste.ch\/wp-content\/uploads\/2025\/10\/5s_kreativ_weiss-300x160.png 300w, https:\/\/foodwaste.ch\/wp-content\/uploads\/2025\/10\/5s_kreativ_weiss-768x409.png 768w, https:\/\/foodwaste.ch\/wp-content\/uploads\/2025\/10\/5s_kreativ_weiss-1536x818.png 1536w, https:\/\/foodwaste.ch\/wp-content\/uploads\/2025\/10\/5s_kreativ_weiss-2048x1091.png 2048w\" sizes=\"auto, (max-width: 1024px) 100vw, 1024px\" \/><\/figure>\n<\/div>\n\n\n\n<div class=\"wp-block-column is-layout-flow wp-block-column-is-layout-flow\">\n<p>Per dire no agli avanzi, in cucina pesa o misura le porzioni ottimali. Utilizza gli alimenti dal gambo alla foglia e \u00abfrom nose to tail\u00bb, ossia letteralmente \u00abdal naso alla coda\u00bb, senza buttare via nulla dell\u2019animale. Quando consumi scorte e avanzi, dai libero sfogo alla tua creativit\u00e0 oppure cerca ricette adatte.  <\/p>\n<\/div>\n<\/div>\n<div class=\"accordion-blocks\">\n    <div class=\"accordion-block\">\n        <button class=\"accordion-toggle\">\n            Vuoi saperne di pi\u00f9?        <\/button>\n        <div class=\"accordion-content\">\n            <ul>\n<li>Meglio ricorrere a un libro di cucina e a bilancia e misurino anzich\u00e9 \u00abandare a occhio\u00bb: cos\u00ec preparerai solo quello che ti serve davvero. <a href=\"https:\/\/foodwaste.ch\/it\/5-mosse-contro-lo-spreco-alimentare\/dimensioni-delle-porzioni\/\">Qui <\/a>trovi le quantit\u00e0 consigliate.<\/li>\n<li>Quando cucini i tuoi patti tieni pulita la superficie di lavoro e gli attrezzi e rimetti subito in frigorifero gli alimenti refrigerati dopo l\u2019uso. Utilizza posate pulite per dosare gli ingredienti: in questo modo gli alimenti ed eventuali avanzi si conserveranno in modo ottimale.  <\/li>\n<li>Riponi gli avanzi, anche se pochi, in contenitori ermetici e mettili subito in frigorifero. Mangiali poi il prima possibile o <a href=\"https:\/\/foodwaste.ch\/wissen\/videos\/food-waste-oder-food-save-lebensmittel-einfrieren\/\" rel=\"noopener\">congelali<\/a>. L\u2019uso di contenitori trasparenti ti permetter\u00e0 di verificarne subito il contenuto. Dopo averli travasati nei contenitori, lascia raffreddare leggermente i cibi caldi prima di metterli in frigorifero. Risparmierai cos\u00ec energia, e gli altri alimenti in frigorifero non si riscalderanno.    <\/li>\n<li><a href=\"https:\/\/foodwaste.ch\/wissen\/videos\/food-waste-oder-food-save-lebensmittel-aufwaermen\/\">Questo video<\/a> (in tedesco) ti mostra cosa bisogna tenere presente quando si riscaldano gli avanzi.<\/li>\n<li>Abbina con creativit\u00e0 avanzi e scorte per creare nuovi piatti. Cerca nuove idee in Internet o nel nostro libro <a href=\"https:\/\/foodwaste.payrexx.com\/\" target=\"_blank\" rel=\"noopener\">\u00abRestenlos gl\u00fccklich\u00bb<\/a> (in tedesco). Se ti manca un ingrediente per una ricetta, puoi sostituirlo con un altro o non utilizzarlo. Anche alla <a href=\"https:\/\/foodwaste.ch\/wissen\/check-die-haltbarkeit\/\">pagina conservazione<\/a> trovi consigli per l\u2019impiego degli alimenti (in francese e in tedesco).   <\/li>\n<li>Utilizza tutto quello che puoi di ogni alimento: se possibile, lascia la buccia alla carota, cucina i broccoli con il gambo e mangia anche la parte verde del porro. Le verdure appassite possono essere \u00abmascherate\u00bb in una minestra o in una salsa, oppure puoi dare loro nuovo tono mettendole a bagno nell\u2019acqua. Prova a dare una chance anche ai tagli di carne meno pregiati e alle interiora portandoli in tavola come arrosto della domenica. Puoi trovare spunti per ricette in Internet utilizzando anche termini in inglese ormai molto diffusi come \u00abnose to tail\u00bb e \u00ableaf to root\u00bb, perch\u00e9 di carne e verdure non si butta via niente.   <\/li>\n<li>Se, nonostante tutte le attenzioni, non si possono evitare sprechi alimentari, smaltiscili in modo ottimale: gli scarti inevitabili possono essere serviti agli animali domestici o utilizzati per il compost. Le pietanze cotte e andate a male andrebbero idealmente smaltite in un impianto a biogas. Informati presso il tuo comune sulle possibilit\u00e0 di smaltimento di rifiuti organici e sui luoghi in cui lasciarli. E ricordati di non smaltire gli avanzi di cibo nei rifiuti o negli scarichi.   <\/li>\n<\/ul>\n                    <\/div>\n    <\/div>\n<\/div>\n\n<h2 class=\"wp-block-heading alignwide\">5. Condividi il piacere per il cibo<\/h2>\n\n<div class=\"wp-block-columns alignwide is-layout-flex wp-container-core-columns-is-layout-9d6595d7 wp-block-columns-is-layout-flex\">\n<div class=\"wp-block-column is-layout-flow wp-block-column-is-layout-flow\">\n<figure class=\"wp-block-image size-large\"><img loading=\"lazy\" decoding=\"async\" width=\"1024\" height=\"545\" src=\"https:\/\/foodwaste.ch\/wp-content\/uploads\/2025\/10\/5s_teilen-1024x545.png\" alt=\"\" class=\"wp-image-26325\" srcset=\"https:\/\/foodwaste.ch\/wp-content\/uploads\/2025\/10\/5s_teilen-1024x545.png 1024w, https:\/\/foodwaste.ch\/wp-content\/uploads\/2025\/10\/5s_teilen-300x160.png 300w, https:\/\/foodwaste.ch\/wp-content\/uploads\/2025\/10\/5s_teilen-768x409.png 768w, https:\/\/foodwaste.ch\/wp-content\/uploads\/2025\/10\/5s_teilen-1536x818.png 1536w, https:\/\/foodwaste.ch\/wp-content\/uploads\/2025\/10\/5s_teilen-2048x1090.png 2048w\" sizes=\"auto, (max-width: 1024px) 100vw, 1024px\" \/><\/figure>\n<\/div>\n\n\n\n<div class=\"wp-block-column is-layout-flow wp-block-column-is-layout-flow\">\n<p>Invita amici e famiglia e condividi i tuoi piatti e le tue ricette antispreco insieme a loro. In pi\u00f9 puoi diventare membro di foodwaste.ch, scambiare idee con persone con la tua stessa sensibilit\u00e0 verso il tema o partecipare a una delle tante iniziative antispreco. Perch\u00e9 tu ami davvero il cibo! <\/p>\n<\/div>\n<\/div>\n<div class=\"accordion-blocks\">\n    <div class=\"accordion-block\">\n        <button class=\"accordion-toggle\">\n            Vuoi saperne di pi\u00f9?        <\/button>\n        <div class=\"accordion-content\">\n            <ul>\n<li>Condividi il tuo amore per il cibo con le persone intorno a te. Chi ha a cuore gli alimenti e sa quante risorse occorrono per produrli se ne prende davvero cura. <\/li>\n<li>Al ristorante chiedi che ti impacchettino gli avanzi e incoraggia gli altri a fare lo stesso.<\/li>\n<li>Invita i tuoi cari a uno squisito pasto a base di rimanenze, condividi le tue idee e le tue ricette con loro e sfidali in una gara di cucina utilizzando avanzi e scorte.<\/li>\n<li>Organisiere f\u00fcr dein Team einen <a href=\"https:\/\/foodwaste.ch\/angebot\/kochevent-buchen\/\">Null-Resten-Kochkurs<\/a>, einen <a href=\"https:\/\/foodwaste.ch\/angebot\/vortrag-oder-workshop-buchen\/\">Workshop oder ein Referat<\/a>.<\/li>\n<li>Entra in contatto con persone che condividono i tuoi stessi interessi durante un <a href=\"https:\/\/foodwaste.ch\/angebot\/foodsave-bankett-organisieren\/\">Banchetto-Foodsave<\/a> (attualmente disponibile in tedesco e francese).<\/li>\n<li>Sostieni una delle numerose <a href=\"https:\/\/foodwaste.ch\/netzwerk\/foodsave-organisationen\/\">organizzazioni Foodsave<\/a> che lottano contro lo spreco alimentare nella tua zona (disponibile in tedesco e francese).<\/li>\n<li>Diventa <a href=\"https:\/\/foodwaste.ch\/ueber-uns\/unterstuetze-uns\/\">membro <\/a>di foodwaste.ch e sostienici con il tuo contributo nella nostra lotta contro lo spreco alimentare (disponibile in tedesco e francese).<\/li>\n<\/ul>\n                    <\/div>\n    <\/div>\n<\/div>\n\n<div class=\"teasers layout-white custom-bg alignwide \">\n    <div class=\"wp-block-columns is-layout-flex wp-container-core-columns-is-layout-9d6595d7 wp-block-columns-is-layout-flex \">\n                    <div class=\"wp-block-column is-layout-flow wp-block-column-is-layout-flow\">\n            <h3>Questo potrebbe interessarti anche (in parte in tedesco)<\/h3>\n            <\/div>\n                    <\/div>\n    <div class=\"post-wrapper posts \">\n                        <div class=\"post-item\">\n                    <a href=\"https:\/\/foodwaste.ch\/it\/informazioni\/cosa-significa-spreco-alimentare\/\">\n                <div class=\"post-content\">\n                    <span class=\"category\">Informazioni<\/span><h4>Cosa significa spreco alimentare?<\/h4>                    \n                <\/div>\n                                    <figure>\n                        <img decoding=\"async\" class=\"skip_lazy\" src=\"https:\/\/foodwaste.ch\/wp-content\/uploads\/2025\/07\/beispielbild-1024x724.png\" alt=\"Cosa significa spreco alimentare?\">\n                    <\/figure>\n                                <\/a>\n                <\/div>\n                        <div class=\"post-item\">\n                    <a href=\"https:\/\/foodwaste.ch\/wissen\/check-die-haltbarkeit\/\">\n                <div class=\"post-content\">\n                    <span class=\"category\">Informazioni<\/span><h4>Check die Haltbarkeit!<\/h4>                    \n                <\/div>\n                                    <figure>\n                        <img decoding=\"async\" class=\"skip_lazy\" src=\"https:\/\/foodwaste.ch\/wp-content\/uploads\/2025\/10\/check-haltbarkeit_thumbnail-1024x683.jpg\" alt=\"Check die Haltbarkeit!\">\n                    <\/figure>\n                                <\/a>\n                <\/div>\n                        <div class=\"post-item\">\n                    <a href=\"https:\/\/foodwaste.ch\/netzwerk\/foodsave-kalender\/\">\n                <div class=\"post-content\">\n                    <span class=\"category\">Netzwerk<\/span><h4>Foodsave-Kalender<\/h4>                    \n                <\/div>\n                                    <figure>\n                        <img decoding=\"async\" class=\"skip_lazy\" src=\"https:\/\/foodwaste.ch\/wp-content\/uploads\/2025\/10\/events_thumbnail-1024x683.jpg\" alt=\"Foodsave-Kalender\">\n                    <\/figure>\n                                <\/a>\n                <\/div>\n            <\/div>\n    <\/div>","protected":false},"excerpt":{"rendered":"<p>1. Fai acquisti intelligenti Acquista solo quello che riuscirai a consumare in tempo. Pianifica la spesa e, prima di prendere un prodotto dallo scaffale, chiediti se ti serve davvero. Una lista della spesa o un\u2019app potranno semplificare la vita a te e ai tuoi coinquilini. 2. Conserva gli alimenti in modo ottimale I cibi ben [&hellip;]<\/p>\n","protected":false},"author":1,"featured_media":26355,"parent":30224,"menu_order":0,"comment_status":"closed","ping_status":"closed","template":"","meta":{"_acf_changed":false,"inline_featured_image":false,"footnotes":""},"class_list":["post-27658","page","type-page","status-publish","has-post-thumbnail","hentry"],"acf":[],"_links":{"self":[{"href":"https:\/\/foodwaste.ch\/it\/wp-json\/wp\/v2\/pages\/27658","targetHints":{"allow":["GET"]}}],"collection":[{"href":"https:\/\/foodwaste.ch\/it\/wp-json\/wp\/v2\/pages"}],"about":[{"href":"https:\/\/foodwaste.ch\/it\/wp-json\/wp\/v2\/types\/page"}],"author":[{"embeddable":true,"href":"https:\/\/foodwaste.ch\/it\/wp-json\/wp\/v2\/users\/1"}],"replies":[{"embeddable":true,"href":"https:\/\/foodwaste.ch\/it\/wp-json\/wp\/v2\/comments?post=27658"}],"version-history":[{"count":4,"href":"https:\/\/foodwaste.ch\/it\/wp-json\/wp\/v2\/pages\/27658\/revisions"}],"predecessor-version":[{"id":30053,"href":"https:\/\/foodwaste.ch\/it\/wp-json\/wp\/v2\/pages\/27658\/revisions\/30053"}],"up":[{"embeddable":true,"href":"https:\/\/foodwaste.ch\/it\/wp-json\/wp\/v2\/pages\/30224"}],"wp:featuredmedia":[{"embeddable":true,"href":"https:\/\/foodwaste.ch\/it\/wp-json\/wp\/v2\/media\/26355"}],"wp:attachment":[{"href":"https:\/\/foodwaste.ch\/it\/wp-json\/wp\/v2\/media?parent=27658"}],"curies":[{"name":"wp","href":"https:\/\/api.w.org\/{rel}","templated":true}]}}