{"id":29430,"date":"2025-07-23T09:27:00","date_gmt":"2025-07-23T07:27:00","guid":{"rendered":"https:\/\/foodwaste.ch\/datenschutzerklaerung\/"},"modified":"2025-11-13T15:28:05","modified_gmt":"2025-11-13T14:28:05","slug":"datenschutzerklaerung","status":"publish","type":"page","link":"https:\/\/foodwaste.ch\/it\/datenschutzerklaerung\/","title":{"rendered":"Datenschutzerkl\u00e4rung"},"content":{"rendered":"<h1 id=\"title\" class=\"wp-block-heading alignwide\">Datenschutzerkl\u00e4rung<\/h1><div class=\"lead nobutton\"><p>Im Sinne der vollst\u00e4ndigen Transparenz hinsichtlich Datenschutz\u00a0informieren wir Sie dar\u00fcber, auf welche Ihrer personenbezogenen Daten wir zugreifen k\u00f6nnen und wie wir diese verwenden.<\/p>\n<\/div>\n\n\n<h2 class=\"wp-block-heading\">Webhosting<\/h2>\n\n\n\n<p>Sobald Sie unsere Website aufrufen, erfasst der Server unseres Hosting-Providers METANET AG (Hardstrasse 235, 8005 Z\u00fcrich, Schweiz) automatisch bestimmte Informationen wie Ihre IP-Adresse, die besuchten Seiten samt Zeitpunkt, sowie technische Daten zu Ihrem Browser und Betriebssystem. Diese Logdaten werden lediglich f\u00fcr Wartungszwecke genutzt und nicht ausgewertet. Die Datenschutzrichtlinien der METANET AG finden Sie unter <a href=\"https:\/\/www.metanet.ch\/about_metanet\/rechtliches\" target=\"_blank\" rel=\"noreferrer noopener\">www.metanet.ch\/about_metanet\/rechtliches<\/a>.<\/p>\n\n\n\n<h2 class=\"wp-block-heading\">Formulardaten<\/h2>\n\n\n\n<p>Personenbezogene Daten, die Sie \u00fcber ein Kontaktformular auf unserer Website \u00fcbermitteln, werden verschl\u00fcsselt \u00fcbertragen, sicher verarbeitet und ausschliesslich intern verwendet. Auch der Vereinsbeitritt erfolgt \u00fcber ein Formular. Bei einem Austritt werden Ihre Daten nicht gel\u00f6scht, sondern lediglich deaktiviert. Bitte beachten Sie, dass beim normalen E-Mail-Verkehr technisch bedingt keine sichere \u00dcbertragung gew\u00e4hrleistet werden kann.<\/p>\n\n\n\n<h2 class=\"wp-block-heading\">Cookies<\/h2>\n\n\n\n<p>Diese Website nutzt Cookies, um relevante Funktionalit\u00e4ten bereistellen zu k\u00f6nnen, oder sich per Opt-Out von unserer datenschutzkonformen Statistik auszuschliessen. Sie k\u00f6nnen Cookies jederzeit in den Browser-Einstellungen oder mit Plugins deaktivieren und l\u00f6schen. Ohne Cookies sind m\u00f6glicherweise nicht alle Funktionen der Website verf\u00fcgbar.<\/p>\n\n\n\n<h2 class=\"wp-block-heading\">Newsletter<\/h2>\n\n\n\n<p>Mit Ihrer Anmeldung bei unserem Newsletter erlauben Sie uns, Ihnen in regelm\u00e4ssigen Abst\u00e4nden Informationen zu neuen Produkten und Dienstleistungen zuzustellen.<\/p>\n\n\n\n<p>Der Versand der Newsletter sowie die Anmeldung erfolgt \u00fcber den Schweizer Versanddienstleister Infomaniak Network AG (Rue Eug\u00e8ne Marziano 25, 1227 Les Acacias, Schweiz), deren Datenschutzbestimmungen Sie unter <a href=\"https:\/\/www.infomaniak.com\/de\/agb\/regelung-allgemeine-schutz-daten\" target=\"_blank\" rel=\"noreferrer noopener\">www.infomaniak.com\/de\/agb\/regelung-allgemeine-schutz-daten<\/a>&nbsp;nachlesen k\u00f6nnen.<\/p>\n\n\n\n<p>Zur Auswertung der Lesegewohnheiten werden die \u00d6ffnungs- und Klickraten des Newsletters statistisch erhoben. Hierbei werden technische Daten zum Browser und Betriebssystem, Ihre IP-Adresse und der Zeitpunkt des Aufrufs erfasst.<\/p>\n\n\n\n<p>Falls Sie sich vom Newsletter abmelden m\u00f6chten, finden Sie daf\u00fcr am Ende jedes Newsletters einen entsprechenden Link.<\/p>\n\n\n\n<h2 class=\"wp-block-heading\">Shop<\/h2>\n\n\n\n<p>Unser Onlineshop wird durch die PAYREXX AG (Burgstrasse 20, 3600 Thun, Schweiz) bereitgestellt. Hierbei verlassen Sie unsere Website, womit wir nur indirekten Einfluss auf die dortigen Datenschutzeinstellungen haben k\u00f6nnen. Je nach gew\u00e4hlter Zahlungsart werden die Daten unterschiedlich abgewickelt. Hier finden Sie die entsprechende Datenschutzerkl\u00e4rung: <a href=\"https:\/\/payrexx.com\/de-ch\/datenschutzerklaerung\" target=\"_blank\" rel=\"noreferrer noopener\">www.payrexx.com\/de-ch\/datenschutzerklaerung<\/a><\/p>\n\n\n\n<h3 class=\"wp-block-heading\">Versand<\/h3>\n\n\n\n<p>Briefe und Pakete aus unserem Onlineshop werden mit der Schweizerischen Post versendet. Die Datenschutzrichtlinien zu deren Versand finden Sie hier: <a href=\"https:\/\/www.post.ch\/de\/pages\/footer\/datenschutz-und-rechtliches\/datenschutzerklaerung\" target=\"_blank\" rel=\"noreferrer noopener\">www.post.ch\/de\/pages\/footer\/datenschutz-und-rechtliches\/datenschutzerklaerung<\/a><\/p>\n\n\n\n<h2 class=\"wp-block-heading\">Statistik<\/h2>\n\n\n\n<p>Um die Besucherzahlen erheben und unsere Website verbessern zu k\u00f6nnen, verwenden wir eine eigens gehostete Analysesoftware, welche die Daten in komplett anonymisierter Form erfasst. Dabei verzichten wir auf Fingerprinting Mechanismen. Ihre Daten werden weder weitergegeben noch f\u00fcr Werbezwecke verwendet und sind rein statistisch.<\/p>\n\n\n<div id=\"matomo-opt-out\"><\/div><script src=\"https:\/\/statistik.foodwaste.ch\/index.php?module=CoreAdminHome&action=optOutJS&divId=matomo-opt-out&language=it&showIntro=1\"><\/script>\n\n\n\n<h2 class=\"wp-block-heading\">Google Maps<\/h2>\n\n\n\n<p>Wir verwenden den Kartendienst Google Maps auf unserer Webseite. Dabei werden Daten an Google LLC (1600 Amphitheatre Parkway Mountain View, CA 94043, USA) \u00fcbermittelt. Weitere Informationen zur Datennutzung finden Sie in der Datenschutzerkl\u00e4rung von Google:&nbsp;<a href=\"https:\/\/policies.google.com\/privacy\" target=\"_blank\" rel=\"noreferrer noopener\">policies.google.com\/privacy<\/a>.<\/p>\n\n\n\n<h2 class=\"wp-block-heading\">YouTube<\/h2>\n\n\n\n<p>Wir integrieren Videos von YouTube auf unserer Webseite. Dabei werden Daten an Google LLC (1600 Amphitheatre Parkway Mountain View, CA 94043, USA) \u00fcbermittelt. Weitere Informationen zur Datennutzung finden Sie in der Datenschutzerkl\u00e4rung von Google:&nbsp;<a href=\"https:\/\/policies.google.com\/privacy\" target=\"_blank\" rel=\"noreferrer noopener\">policies.google.com\/privacy<\/a>.<\/p>\n\n\n\n<h2 class=\"wp-block-heading\">Vimeo<\/h2>\n\n\n\n<p>Wir integrieren Videos von Vimeo auf unserer Webseite. Dabei werden Daten an Vimeo Inc. (555 West 18th Street, NY 10011, USA) \u00fcbermittelt. Weitere Informationen zur Datennutzung finden Sie in der Datenschutzerkl\u00e4rung von Vimeo:&nbsp;<a href=\"https:\/\/vimeo.com\/privacy\" target=\"_blank\" rel=\"noreferrer noopener\">www.vimeo.com\/privacy<\/a>.<\/p>\n","protected":false},"excerpt":{"rendered":"<p>Webhosting Sobald Sie unsere Website aufrufen, erfasst der Server unseres Hosting-Providers METANET AG (Hardstrasse 235, 8005 Z\u00fcrich, Schweiz) automatisch bestimmte Informationen wie Ihre IP-Adresse, die besuchten Seiten samt Zeitpunkt, sowie technische Daten zu Ihrem Browser und Betriebssystem. Diese Logdaten werden lediglich f\u00fcr Wartungszwecke genutzt und nicht ausgewertet. Die Datenschutzrichtlinien der METANET AG finden Sie unter [&hellip;]<\/p>\n","protected":false},"author":1,"featured_media":0,"parent":0,"menu_order":0,"comment_status":"closed","ping_status":"closed","template":"","meta":{"_acf_changed":false,"inline_featured_image":false,"footnotes":""},"class_list":["post-29430","page","type-page","status-publish","hentry"],"acf":[],"_links":{"self":[{"href":"https:\/\/foodwaste.ch\/it\/wp-json\/wp\/v2\/pages\/29430","targetHints":{"allow":["GET"]}}],"collection":[{"href":"https:\/\/foodwaste.ch\/it\/wp-json\/wp\/v2\/pages"}],"about":[{"href":"https:\/\/foodwaste.ch\/it\/wp-json\/wp\/v2\/types\/page"}],"author":[{"embeddable":true,"href":"https:\/\/foodwaste.ch\/it\/wp-json\/wp\/v2\/users\/1"}],"replies":[{"embeddable":true,"href":"https:\/\/foodwaste.ch\/it\/wp-json\/wp\/v2\/comments?post=29430"}],"version-history":[{"count":6,"href":"https:\/\/foodwaste.ch\/it\/wp-json\/wp\/v2\/pages\/29430\/revisions"}],"predecessor-version":[{"id":29475,"href":"https:\/\/foodwaste.ch\/it\/wp-json\/wp\/v2\/pages\/29430\/revisions\/29475"}],"wp:attachment":[{"href":"https:\/\/foodwaste.ch\/it\/wp-json\/wp\/v2\/media?parent=29430"}],"curies":[{"name":"wp","href":"https:\/\/api.w.org\/{rel}","templated":true}]}}