{"id":29431,"date":"2025-11-12T15:05:55","date_gmt":"2025-11-12T14:05:55","guid":{"rendered":"https:\/\/foodwaste.ch\/impressum\/"},"modified":"2025-12-10T11:53:53","modified_gmt":"2025-12-10T10:53:53","slug":"impressum","status":"publish","type":"page","link":"https:\/\/foodwaste.ch\/it\/impressum\/","title":{"rendered":"Impressum"},"content":{"rendered":"<h1 id=\"title\" class=\"wp-block-heading alignwide\">Impressum<\/h1>\n\n\n<h2 class=\"wp-block-heading\">Herausgeber<\/h2>\n\n\n\n<p><strong>foodwaste.ch<br><\/strong>Wylerringstrasse 36<br>3014 Bern, Schweiz<\/p>\n\n\n\n<p>Telefon: +41 (0)31 306 17 60<br>E-Mail: info(at)foodwaste.ch<br>Internet: www.foodwaste.ch<\/p>\n\n\n\n<h2 class=\"wp-block-heading\">Webdesign<\/h2>\n\n\n\n<p><strong>FRESCH Identity GmbH<\/strong><br>Sandrainstrasse 3, 3007 Bern<br><a href=\"https:\/\/fresch-identity.ch\/\" target=\"_blank\" rel=\"noreferrer noopener\">fresch-identity.ch<\/a><\/p>\n\n\n\n<h2 class=\"wp-block-heading\">Programmierung<\/h2>\n\n\n\n<p><strong>Lenzin Informatik<\/strong><br>Kasthoferstrasse 46, 3006 Bern<br><a href=\"https:\/\/www.lenzin-informatik.ch\/\" target=\"_blank\" rel=\"noreferrer noopener\">lenzin-informatik.ch<\/a><\/p>\n\n\n\n<h2 class=\"wp-block-heading\">Haftungshinweis<\/h2>\n\n\n\n<p>Alle Informationen von foodwaste.ch wurden mit grosser Sorgfalt zusammengestellt. Die Inhalte werden regelm\u00e4ssig gepr\u00fcft und aktualisiert. Trotz aller Sorgfalt k\u00f6nnen sich die Daten inzwischen ver\u00e4ndert haben. Eine Haftung oder Garantie f\u00fcr die Aktualit\u00e4t, Richtigkeit und Vollst\u00e4ndigkeit der zur Verf\u00fcgung gestellten Informationen kann daher nicht \u00fcbernommen werden. Die Angaben erfolgen im rechtlichen Sinne ohne Gew\u00e4hr.<\/p>\n\n\n\n<p>foodwaste.ch \u00fcbernimmt keine Haftung f\u00fcr die Inhalte externer Links. F\u00fcr den Inhalt der verlinkten Seiten sind ausschlie\u00dflich deren Betreiber verantwortlich.<\/p>\n\n\n\n<h2 class=\"wp-block-heading\">Urheberrecht<\/h2>\n\n\n\n<p>Die Inhalte dieser Webseite sind urheberrechtlich gesch\u00fctzt. Alle Rechte bleiben foodwaste.ch&nbsp;vorbehalten. Texte, Bilder, Grafiken, Animationen und Videos dieser Webseite d\u00fcrfen ohne vorherige schriftliche Zustimmung von foodwaste.ch&nbsp;in keiner Form verwendet oder reproduziert werden.<\/p>\n","protected":false},"excerpt":{"rendered":"<p>Herausgeber foodwaste.chWylerringstrasse 363014 Bern, Schweiz Telefon: +41 (0)31 306 17 60E-Mail: info(at)foodwaste.chInternet: www.foodwaste.ch Webdesign FRESCH Identity GmbHSandrainstrasse 3, 3007 Bernfresch-identity.ch Programmierung Lenzin InformatikKasthoferstrasse 46, 3006 Bernlenzin-informatik.ch Haftungshinweis Alle Informationen von foodwaste.ch wurden mit grosser Sorgfalt zusammengestellt. Die Inhalte werden regelm\u00e4ssig gepr\u00fcft und aktualisiert. Trotz aller Sorgfalt k\u00f6nnen sich die Daten inzwischen ver\u00e4ndert haben. Eine Haftung [&hellip;]<\/p>\n","protected":false},"author":2,"featured_media":0,"parent":0,"menu_order":0,"comment_status":"closed","ping_status":"closed","template":"","meta":{"_acf_changed":false,"inline_featured_image":false,"footnotes":""},"class_list":["post-29431","page","type-page","status-publish","hentry"],"acf":[],"_links":{"self":[{"href":"https:\/\/foodwaste.ch\/it\/wp-json\/wp\/v2\/pages\/29431","targetHints":{"allow":["GET"]}}],"collection":[{"href":"https:\/\/foodwaste.ch\/it\/wp-json\/wp\/v2\/pages"}],"about":[{"href":"https:\/\/foodwaste.ch\/it\/wp-json\/wp\/v2\/types\/page"}],"author":[{"embeddable":true,"href":"https:\/\/foodwaste.ch\/it\/wp-json\/wp\/v2\/users\/2"}],"replies":[{"embeddable":true,"href":"https:\/\/foodwaste.ch\/it\/wp-json\/wp\/v2\/comments?post=29431"}],"version-history":[{"count":5,"href":"https:\/\/foodwaste.ch\/it\/wp-json\/wp\/v2\/pages\/29431\/revisions"}],"predecessor-version":[{"id":30368,"href":"https:\/\/foodwaste.ch\/it\/wp-json\/wp\/v2\/pages\/29431\/revisions\/30368"}],"wp:attachment":[{"href":"https:\/\/foodwaste.ch\/it\/wp-json\/wp\/v2\/media?parent=29431"}],"curies":[{"name":"wp","href":"https:\/\/api.w.org\/{rel}","templated":true}]}}